{"id":5501242,"date":"2026-01-27T06:23:11","date_gmt":"2026-01-27T05:23:11","guid":{"rendered":"https:\/\/stoic-curie.212-227-153-4.plesk.page\/product\/bateria-vetus-agm-220amp\/"},"modified":"2026-02-25T00:27:44","modified_gmt":"2026-02-25T00:27:44","slug":"bateria-vetus-agm-220amp","status":"publish","type":"product","link":"https:\/\/stoic-curie.212-227-153-4.plesk.page\/pt\/product\/bateria-vetus-agm-220amp\/","title":{"rendered":"Bateria Vetus AGM 220amp"},"content":{"rendered":"<p>Bateria Vetus AGM 220amp &#8211; <\/p>\n<p>As baterias Vetus AGM (Absorbed Glass Mat) oferecem uma op\u00e7\u00e3o confi\u00e1vel e isenta de manuten\u00e7\u00e3o para uso marinho. Essas baterias seladas s\u00e3o ideais para dar partida em motores, alimentar guinchos e operar propulsores de proa. Com impressionantes Amperes de Arranque Marinho (MCA) e baixos \u00edndices de auto-descarregamento, elas s\u00e3o projetadas para suportar ambientes rigorosos. Mesmo que sofram danos, n\u00e3o vazar\u00e3o l\u00edquido e continuar\u00e3o a funcionar de forma eficiente. Elas s\u00e3o particularmente adequadas para aplica\u00e7\u00f5es c\u00edclicas cont\u00ednuas, permitindo recargas imediatas.<\/p>\n<p>Essas baterias AGM de ciclo profundo da Vetus podem tanto alimentar aparelhos quanto atuar como baterias de partida. Elas atendem a todas as necessidades de energia a bordo e s\u00e3o adapt\u00e1veis a uma variedade de usos. Quer voc\u00ea precise fornecer correntes baixas para ilumina\u00e7\u00e3o, refrigera\u00e7\u00e3o ou eletr\u00f4nicos de navega\u00e7\u00e3o por longos per\u00edodos, ou correntes altas para motores de partida, propulsores de proa, unidades de ar condicionado ou inversores robustos por curtos per\u00edodos, essas baterias t\u00eam um desempenho excepcional.<\/p>\n<p><strong>Benef\u00edcios das Baterias AGM Vetus:<\/strong><\/p>\n<ul>\n<li>Dispon\u00edveis em capacidades de 60 a 220 Ah<\/li>\n<li>Perfeitas para uso sazonal devido a uma taxa de auto-descarregamento muito baixa (&lt; 3%)<\/li>\n<li>Podem ser descarregadas at\u00e9 80% (Profundidade de Descarregamento de 80%)<\/li>\n<li>Capazes de suportar 375 ciclos de carga\/descarregamento com o uso adequado a 80% DOD<\/li>\n<li>Projetadas para resistir a vibra\u00e7\u00f5es e choques, com uma constru\u00e7\u00e3o selada em malha de fibra de vidro que previne o vazamento de \u00e1cido<\/li>\n<li>Constru\u00eddas com uma liga de chumbo-c\u00e1lcio para reduzir a perda de \u00e1gua e prolongar a vida \u00fatil<\/li>\n<li>A opera\u00e7\u00e3o segura \u00e9 garantida pela tecnologia VRLA, que ventila a press\u00e3o excessiva de g\u00e1s atrav\u00e9s de v\u00e1lvulas em caso de carregamento incorreto ou defeituoso, embora isso possa levar a um desgaste antecipado<\/li>\n<li>Produzidas na UE<\/li>\n<\/ul>\n<p><strong>Especifica\u00e7\u00f5es T\u00e9cnicas:<\/strong><\/p>\n<table>\n<thead>\n<tr>\n<th>Tipo<\/th>\n<th>Capacidade C20<\/th>\n<th>Capacidade C5<\/th>\n<th>Amperes de Arranque a Frio (CCA &#8211; EN)<\/th>\n<th>Capacidade de Reserva a 25 A (minutos)<\/th>\n<th>Dimens\u00f5es (CxLxA em mm)<\/th>\n<th>Peso (kg)<\/th>\n<\/tr>\n<\/thead>\n<tbody>\n<tr>\n<td>VEAGM70<\/td>\n<td>70 Ah<\/td>\n<td>52 Ah<\/td>\n<td>660 A<\/td>\n<td>130<\/td>\n<td>278x175x190<\/td>\n<td>22.0<\/td>\n<\/tr>\n<tr>\n<td>VEAGM90<\/td>\n<td>90 Ah<\/td>\n<td>67 Ah<\/td>\n<td>780 A<\/td>\n<td>175<\/td>\n<td>353x175x190<\/td>\n<td>27.8<\/td>\n<\/tr>\n<tr>\n<td>VEAGM100<\/td>\n<td>100 Ah<\/td>\n<td>70 Ah<\/td>\n<td>680 A<\/td>\n<td>180<\/td>\n<td>345x175x190<\/td>\n<td>31.8<\/td>\n<\/tr>\n<tr>\n<td>VEAGM140<\/td>\n<td>140 Ah<\/td>\n<td>105 Ah<\/td>\n<td>800 A<\/td>\n<td>260<\/td>\n<td>513x189x223<\/td>\n<td>40.7<\/td>\n<\/tr>\n<tr>\n<td>VEAGM170<\/td>\n<td>170 Ah<\/td>\n<td>125 Ah<\/td>\n<td>1150 A<\/td>\n<td>300<\/td>\n<td>513x223x223<\/td>\n<td>46.6<\/td>\n<\/tr>\n<tr>\n<td>VEAGM185<\/td>\n<td>195 Ah<\/td>\n<td>145 Ah<\/td>\n<td>1100 A<\/td>\n<td>350<\/td>\n<td>514x274x242<\/td>\n<td>56.2<\/td>\n<\/tr>\n<tr>\n<td>VEAGM220<\/td>\n<td>220 Ah<\/td>\n<td>185 Ah<\/td>\n<td>1300 A<\/td>\n<td>430<\/td>\n<td>518x274x242<\/td>\n<td>60.7<\/td>\n<\/tr>\n<\/tbody>\n<\/table>\n<p>Escolha as baterias AGM Vetus para uma pot\u00eancia e desempenho confi\u00e1veis enquanto estiver na \u00e1gua.<\/p>\n","protected":false},"excerpt":{"rendered":"<p>Bateria Vetus AGM 220amp &#8211; As baterias Vetus AGM (Absorbed Glass Mat) oferecem uma op\u00e7\u00e3o confi\u00e1vel e isenta de manuten\u00e7\u00e3o<\/p>\n","protected":false},"featured_media":5937512,"comment_status":"open","ping_status":"closed","template":"","meta":[],"product_brand":[3522],"product_cat":[2016],"product_tag":[],"class_list":{"0":"post-5501242","1":"product","2":"type-product","3":"status-publish","4":"has-post-thumbnail","6":"product_brand-vetus-pt","7":"product_cat-baterias-equipamento-eletrico","9":"first","10":"instock","11":"shipping-taxable","12":"purchasable","13":"product-type-simple"},"_links":{"self":[{"href":"https:\/\/stoic-curie.212-227-153-4.plesk.page\/pt\/wp-json\/wp\/v2\/product\/5501242","targetHints":{"allow":["GET"]}}],"collection":[{"href":"https:\/\/stoic-curie.212-227-153-4.plesk.page\/pt\/wp-json\/wp\/v2\/product"}],"about":[{"href":"https:\/\/stoic-curie.212-227-153-4.plesk.page\/pt\/wp-json\/wp\/v2\/types\/product"}],"replies":[{"embeddable":true,"href":"https:\/\/stoic-curie.212-227-153-4.plesk.page\/pt\/wp-json\/wp\/v2\/comments?post=5501242"}],"version-history":[{"count":0,"href":"https:\/\/stoic-curie.212-227-153-4.plesk.page\/pt\/wp-json\/wp\/v2\/product\/5501242\/revisions"}],"wp:featuredmedia":[{"embeddable":true,"href":"https:\/\/stoic-curie.212-227-153-4.plesk.page\/pt\/wp-json\/wp\/v2\/media\/5937512"}],"wp:attachment":[{"href":"https:\/\/stoic-curie.212-227-153-4.plesk.page\/pt\/wp-json\/wp\/v2\/media?parent=5501242"}],"wp:term":[{"taxonomy":"product_brand","embeddable":true,"href":"https:\/\/stoic-curie.212-227-153-4.plesk.page\/pt\/wp-json\/wp\/v2\/product_brand?post=5501242"},{"taxonomy":"product_cat","embeddable":true,"href":"https:\/\/stoic-curie.212-227-153-4.plesk.page\/pt\/wp-json\/wp\/v2\/product_cat?post=5501242"},{"taxonomy":"product_tag","embeddable":true,"href":"https:\/\/stoic-curie.212-227-153-4.plesk.page\/pt\/wp-json\/wp\/v2\/product_tag?post=5501242"}],"curies":[{"name":"wp","href":"https:\/\/api.w.org\/{rel}","templated":true}]}}