{"id":5501246,"date":"2026-01-27T06:23:30","date_gmt":"2026-01-27T05:23:30","guid":{"rendered":"https:\/\/stoic-curie.212-227-153-4.plesk.page\/product\/ancora-toro-galvanizada-de-16-kg\/"},"modified":"2026-02-25T00:27:57","modified_gmt":"2026-02-25T00:27:57","slug":"ancora-toro-galvanizada-de-16-kg","status":"publish","type":"product","link":"https:\/\/stoic-curie.212-227-153-4.plesk.page\/pt\/product\/ancora-toro-galvanizada-de-16-kg\/","title":{"rendered":"\u00c2ncora Toro Galvanizada de 16 kg"},"content":{"rendered":"<p>\u00c2ncora Toro Galvanizada de 16 kg &#8211; <\/p>\n<p><strong>Anzol de A\u00e7o Galvanizado para Fundos Marinhos Macios<\/strong><\/p>\n<p>Este aninhamento de a\u00e7o galvanizado \u00e9 feito para fundos marinhos macios, como areia, lama e lodo. Seu peso especial na ponta ajuda o aninhamento a encontrar o melhor \u00e2ngulo para se enterrar, garantindo um forte anexo. Feito de a\u00e7o de mangan\u00eas galvanizado de alta qualidade, este aninhamento de uma pe\u00e7a \u00e9 projetado para cair facilmente dos rolos de proa. Isso o torna perfeito para uso com motores de controle remoto. O peso pesado na se\u00e7\u00e3o do p\u00e9 ajuda-o a tocar o fundo do mar imediatamente. N\u00f3s garantimos isso para a vida toda contra quebras.<\/p>\n<p><strong>Caracter\u00edsticas<\/strong><\/p>\n<ul>\n<li>Constru\u00e7\u00e3o de a\u00e7o de mangan\u00eas galvanizado de alta qualidade<\/li>\n<li>Perfil de haste exclusivo<\/li>\n<li>Ponta lastreada<\/li>\n<li>Design de auto-lan\u00e7amento<\/li>\n<li>Baixo centro de gravidade<\/li>\n<li>Forma auto-reconfigur\u00e1vel<\/li>\n<li>Arruma rapidamente<\/li>\n<li>Desempenho confi\u00e1vel<\/li>\n<\/ul>\n<p><strong>Ancoras Galvanizadas por Imers\u00e3o Quente<\/strong><\/p>\n<p>A galvaniza\u00e7\u00e3o por imers\u00e3o quente \u00e9 o acabamento mais comum para \u00e2ncoras em veleiros e yachts de motor. Isso ocorre porque \u00e2ncoras de a\u00e7o inoxid\u00e1vel podem ser muito caras para muitos marinheiros. O alum\u00ednio \u00e9 frequentemente utilizado para \u00e2ncoras secund\u00e1rias ou de \u00e2ncora, pois \u00e9 leve.<\/p>\n<p>O a\u00e7o galvanizado \u00e9 uma excelente escolha para \u00e2ncoras, pois \u00e9 forte, pesado e dur\u00e1vel em ambientes mar\u00edtimos. Tamb\u00e9m \u00e9 acess\u00edvel e pode ser moldado em diferentes designs.<\/p>\n<p>Embora novos an\u00e9is com forte capacidade de suporte sejam populares agora, designs tradicionais ainda est\u00e3o dispon\u00edveis. Esses \u00e2ncoras cl\u00e1ssicas atraem aqueles que preferem uma apar\u00eancia atemporal.<\/p>\n<p><strong>Compatibilidade com Rolos de Proa<\/strong><\/p>\n<p>Os desenhos de \u00e2ncoras mais antigos geralmente s\u00e3o feitos de a\u00e7o galvanizado. Embora possam n\u00e3o funcionar t\u00e3o bem quanto os modelos mais novos, podem ser uma op\u00e7\u00e3o mais econ\u00f4mica para rolos de proa. Substituir um aninhamento por um modelo semelhante pode ajud\u00e1-lo a economizar dinheiro. Tamb\u00e9m \u00e9 s\u00e1bio evitar altera\u00e7\u00f5es na cabe\u00e7a do mastro e na configura\u00e7\u00e3o do rolo. Isso tamb\u00e9m pode resultar em economias significativas. As equipes de design entendem isso. Os fabricantes de novos designs frequentemente fornecem tamanhos detalhados e modelos em tamanho real. Isso ajuda os clientes a evitar problemas de instala\u00e7\u00e3o.<\/p>\n","protected":false},"excerpt":{"rendered":"<p>\u00c2ncora Toro Galvanizada de 16 kg &#8211; Anzol de A\u00e7o Galvanizado para Fundos Marinhos Macios Este aninhamento de a\u00e7o galvanizado<\/p>\n","protected":false},"featured_media":5941611,"comment_status":"open","ping_status":"closed","template":"","meta":[],"product_brand":[3087],"product_cat":[2153],"product_tag":[],"class_list":{"0":"post-5501246","1":"product","2":"type-product","3":"status-publish","4":"has-post-thumbnail","6":"product_brand-maggigroup-pt","7":"product_cat-ancoras-delta","9":"first","10":"instock","11":"shipping-taxable","12":"purchasable","13":"product-type-simple"},"_links":{"self":[{"href":"https:\/\/stoic-curie.212-227-153-4.plesk.page\/pt\/wp-json\/wp\/v2\/product\/5501246","targetHints":{"allow":["GET"]}}],"collection":[{"href":"https:\/\/stoic-curie.212-227-153-4.plesk.page\/pt\/wp-json\/wp\/v2\/product"}],"about":[{"href":"https:\/\/stoic-curie.212-227-153-4.plesk.page\/pt\/wp-json\/wp\/v2\/types\/product"}],"replies":[{"embeddable":true,"href":"https:\/\/stoic-curie.212-227-153-4.plesk.page\/pt\/wp-json\/wp\/v2\/comments?post=5501246"}],"version-history":[{"count":0,"href":"https:\/\/stoic-curie.212-227-153-4.plesk.page\/pt\/wp-json\/wp\/v2\/product\/5501246\/revisions"}],"wp:featuredmedia":[{"embeddable":true,"href":"https:\/\/stoic-curie.212-227-153-4.plesk.page\/pt\/wp-json\/wp\/v2\/media\/5941611"}],"wp:attachment":[{"href":"https:\/\/stoic-curie.212-227-153-4.plesk.page\/pt\/wp-json\/wp\/v2\/media?parent=5501246"}],"wp:term":[{"taxonomy":"product_brand","embeddable":true,"href":"https:\/\/stoic-curie.212-227-153-4.plesk.page\/pt\/wp-json\/wp\/v2\/product_brand?post=5501246"},{"taxonomy":"product_cat","embeddable":true,"href":"https:\/\/stoic-curie.212-227-153-4.plesk.page\/pt\/wp-json\/wp\/v2\/product_cat?post=5501246"},{"taxonomy":"product_tag","embeddable":true,"href":"https:\/\/stoic-curie.212-227-153-4.plesk.page\/pt\/wp-json\/wp\/v2\/product_tag?post=5501246"}],"curies":[{"name":"wp","href":"https:\/\/api.w.org\/{rel}","templated":true}]}}