{"id":5501247,"date":"2026-01-27T06:23:31","date_gmt":"2026-01-27T05:23:31","guid":{"rendered":"https:\/\/stoic-curie.212-227-153-4.plesk.page\/product\/ancora-toro-em-aco-galvanizado-de-20-kg\/"},"modified":"2026-02-25T00:27:57","modified_gmt":"2026-02-25T00:27:57","slug":"ancora-toro-em-aco-galvanizado-de-20-kg","status":"publish","type":"product","link":"https:\/\/stoic-curie.212-227-153-4.plesk.page\/pt\/product\/ancora-toro-em-aco-galvanizado-de-20-kg\/","title":{"rendered":"\u00c2ncora Toro em A\u00e7o Galvanizado de 20 kg"},"content":{"rendered":"<p>\u00c2ncora Toro em A\u00e7o Galvanizado de 20 kg &#8211; <\/p>\n<p>O \u00e2ncora de a\u00e7o galvanizado \u00e9 projetado especificamente para fundos marinhos macios como areia, lama e lodo. Sua distribui\u00e7\u00e3o de peso \u00fanica permite penetra\u00e7\u00e3o r\u00e1pida e uma fixa\u00e7\u00e3o est\u00e1vel. Constru\u00eddo com a\u00e7o mangan\u00eas galvanizado de alta qualidade, esse \u00e2ncora de uma pe\u00e7a \u00e9 equilibrada para f\u00e1cil implanta\u00e7\u00e3o a partir de rolos de proa, tornando-o adequado para molinetes remotos. O lastro pesado garante engajamento imediato com o fundo do mar e vem com uma garantia vital\u00edcia contra quebra.<\/p>\n<p><strong>Recursos incluem:<\/strong><\/p>\n<ul>\n<li>A\u00e7o mangan\u00eas galvanizado de alta qualidade<\/li>\n<li>Perfil de haste \u00fanico<\/li>\n<li>Ponta lastreada<\/li>\n<li>Design auto-lan\u00e7ante<\/li>\n<li>Baixo centro de gravidade<\/li>\n<li>Geometria auto-levantadora<\/li>\n<li>Configura\u00e7\u00e3o imediata<\/li>\n<li>Desempenho confi\u00e1vel<\/li>\n<\/ul>\n<p>A galvaniza\u00e7\u00e3o a quente \u00e9 um acabamento popular para \u00e2ncoras, pois o a\u00e7o inoxid\u00e1vel pode ser caro, enquanto o alum\u00ednio \u00e9 frequentemente usado para \u00e2ncoras secund\u00e1rias. O a\u00e7o galvanizado \u00e9 forte, dur\u00e1vel e acess\u00edvel, tornando-o ideal para a produ\u00e7\u00e3o de \u00e2ncoras. Os designs tradicionais continuam dispon\u00edveis para aqueles que preferem formas cl\u00e1ssicas, e \u00e2ncoras de a\u00e7o galvanizado mais antigas podem ser uma op\u00e7\u00e3o econ\u00f4mica para compatibilidade com rolos de proa, minimizando as modifica\u00e7\u00f5es na instala\u00e7\u00e3o.<\/p>\n","protected":false},"excerpt":{"rendered":"<p>\u00c2ncora Toro em A\u00e7o Galvanizado de 20 kg &#8211; O \u00e2ncora de a\u00e7o galvanizado \u00e9 projetado especificamente para fundos marinhos<\/p>\n","protected":false},"featured_media":5941611,"comment_status":"open","ping_status":"closed","template":"","meta":[],"product_brand":[3087],"product_cat":[2153],"product_tag":[],"class_list":{"0":"post-5501247","1":"product","2":"type-product","3":"status-publish","4":"has-post-thumbnail","6":"product_brand-maggigroup-pt","7":"product_cat-ancoras-delta","9":"first","10":"instock","11":"shipping-taxable","12":"purchasable","13":"product-type-simple"},"_links":{"self":[{"href":"https:\/\/stoic-curie.212-227-153-4.plesk.page\/pt\/wp-json\/wp\/v2\/product\/5501247","targetHints":{"allow":["GET"]}}],"collection":[{"href":"https:\/\/stoic-curie.212-227-153-4.plesk.page\/pt\/wp-json\/wp\/v2\/product"}],"about":[{"href":"https:\/\/stoic-curie.212-227-153-4.plesk.page\/pt\/wp-json\/wp\/v2\/types\/product"}],"replies":[{"embeddable":true,"href":"https:\/\/stoic-curie.212-227-153-4.plesk.page\/pt\/wp-json\/wp\/v2\/comments?post=5501247"}],"version-history":[{"count":0,"href":"https:\/\/stoic-curie.212-227-153-4.plesk.page\/pt\/wp-json\/wp\/v2\/product\/5501247\/revisions"}],"wp:featuredmedia":[{"embeddable":true,"href":"https:\/\/stoic-curie.212-227-153-4.plesk.page\/pt\/wp-json\/wp\/v2\/media\/5941611"}],"wp:attachment":[{"href":"https:\/\/stoic-curie.212-227-153-4.plesk.page\/pt\/wp-json\/wp\/v2\/media?parent=5501247"}],"wp:term":[{"taxonomy":"product_brand","embeddable":true,"href":"https:\/\/stoic-curie.212-227-153-4.plesk.page\/pt\/wp-json\/wp\/v2\/product_brand?post=5501247"},{"taxonomy":"product_cat","embeddable":true,"href":"https:\/\/stoic-curie.212-227-153-4.plesk.page\/pt\/wp-json\/wp\/v2\/product_cat?post=5501247"},{"taxonomy":"product_tag","embeddable":true,"href":"https:\/\/stoic-curie.212-227-153-4.plesk.page\/pt\/wp-json\/wp\/v2\/product_tag?post=5501247"}],"curies":[{"name":"wp","href":"https:\/\/api.w.org\/{rel}","templated":true}]}}