{"id":5501249,"date":"2026-01-27T06:23:33","date_gmt":"2026-01-27T05:23:33","guid":{"rendered":"https:\/\/stoic-curie.212-227-153-4.plesk.page\/product\/ancora-em-aco-galvanizado-de-32-kg\/"},"modified":"2026-02-25T00:27:57","modified_gmt":"2026-02-25T00:27:57","slug":"ancora-em-aco-galvanizado-de-32-kg","status":"publish","type":"product","link":"https:\/\/stoic-curie.212-227-153-4.plesk.page\/pt\/product\/ancora-em-aco-galvanizado-de-32-kg\/","title":{"rendered":"\u00c2ncora em A\u00e7o Galvanizado de 32 kg"},"content":{"rendered":"<p>\u00c2ncora em A\u00e7o Galvanizado de 32 kg &#8211; <\/p>\n<p><strong>\u00c2ncora de a\u00e7o galvanizado para fundos marinhos macios<\/strong><\/p>\n<p>Esta \u00e2ncora de a\u00e7o galvanizado \u00e9 especificamente projetada para uso em fundos marinhos macios, incluindo areia, lama e lodo. Sua distribui\u00e7\u00e3o de peso \u00fanica na ponta permite que a \u00e2ncora encontre rapidamente o \u00e2ngulo ideal para penetra\u00e7\u00e3o, garantindo uma fixa\u00e7\u00e3o est\u00e1vel. Constru\u00edda em a\u00e7o mangan\u00eas galvanizado de alta qualidade, esta \u00e2ncora em uma pe\u00e7a \u00e9 equilibrada para cair livremente dos rolos de proa, tornando-a adequada para uso com cabrestantes remotos. O pesado lastro na se\u00e7\u00e3o da ponta garante que ele se engaje no fundo marinho no impacto. Oferecemos uma garantia de vital\u00edcia contra quebras.<\/p>\n<p><strong>Caracter\u00edsticas<\/strong><\/p>\n<ul>\n<li>Constru\u00e7\u00e3o de a\u00e7o mangan\u00eas galvanizado de alta qualidade<\/li>\n<li>Perfil de haste exclusivo<\/li>\n<li>Ponta lastreada<\/li>\n<li>Design autolan\u00e7ante<\/li>\n<li>Baixo centro de gravidade<\/li>\n<li>Geometria auto-revestida<\/li>\n<li>Capacidade imediata de assentamento<\/li>\n<li>Desempenho consistente e confi\u00e1vel<\/li>\n<\/ul>\n<p><strong>\u00c2ncoras Galvanizadas a Quente<\/strong><\/p>\n<p>A galvaniza\u00e7\u00e3o a quente \u00e9 o acabamento mais comumente utilizado para \u00e2ncoras em iates de vela e motores. Isso se deve principalmente ao fato de que \u00e2ncoras de a\u00e7o inoxid\u00e1vel podem ser extremamente caras para muitos marinheiros, enquanto o alum\u00ednio \u00e9 frequentemente utilizado para \u00e2ncoras de kedge ou secund\u00e1rias devido \u00e0s suas propriedades leves.<\/p>\n<p>O a\u00e7o galvanizado \u00e9 um excelente material para a produ\u00e7\u00e3o de \u00e2ncoras, pois \u00e9 forte, pesado, dur\u00e1vel em ambientes marinhos, relativamente acess\u00edvel e pode ser moldado em designs complexos.<\/p>\n<p>Enquanto \u00e2ncoras modernas, tecnologicamente avan\u00e7adas com alta capacidade de fixa\u00e7\u00e3o s\u00e3o populares hoje em dia, designs tradicionais permanecem dispon\u00edveis para aqueles que preferem uma forma e perfil cl\u00e1ssicos.<\/p>\n<p><strong>Compatibilidade com Rolos de Proa<\/strong><\/p>\n<p>Modelos mais antigos de \u00e2ncoras s\u00e3o geralmente feitos de a\u00e7o galvanizado. Embora possam n\u00e3o oferecer o desempenho avan\u00e7ado de modelos mais novos, podem ser uma op\u00e7\u00e3o mais econ\u00f4mica para montagem em rolos de proa. Substituir uma \u00e2ncora por um modelo semelhante pode resultar em economias de custos, e evitar modifica\u00e7\u00f5es na cabe\u00e7a de proa e na disposi\u00e7\u00e3o dos rolos pode levar a benef\u00edcios financeiros significativos. Equipes de design e desenvolvimento reconhecem isso, e fabricantes de novos desenhos costumam fornecer dimens\u00f5es detalhadas e moldes em tamanho real para ajudar os clientes a evitar problemas de instala\u00e7\u00e3o.<\/p>\n","protected":false},"excerpt":{"rendered":"<p>\u00c2ncora em A\u00e7o Galvanizado de 32 kg &#8211; \u00c2ncora de a\u00e7o galvanizado para fundos marinhos macios Esta \u00e2ncora de a\u00e7o<\/p>\n","protected":false},"featured_media":5941611,"comment_status":"open","ping_status":"closed","template":"","meta":[],"product_brand":[3087],"product_cat":[2153],"product_tag":[],"class_list":{"0":"post-5501249","1":"product","2":"type-product","3":"status-publish","4":"has-post-thumbnail","6":"product_brand-maggigroup-pt","7":"product_cat-ancoras-delta","9":"first","10":"instock","11":"shipping-taxable","12":"purchasable","13":"product-type-simple"},"_links":{"self":[{"href":"https:\/\/stoic-curie.212-227-153-4.plesk.page\/pt\/wp-json\/wp\/v2\/product\/5501249","targetHints":{"allow":["GET"]}}],"collection":[{"href":"https:\/\/stoic-curie.212-227-153-4.plesk.page\/pt\/wp-json\/wp\/v2\/product"}],"about":[{"href":"https:\/\/stoic-curie.212-227-153-4.plesk.page\/pt\/wp-json\/wp\/v2\/types\/product"}],"replies":[{"embeddable":true,"href":"https:\/\/stoic-curie.212-227-153-4.plesk.page\/pt\/wp-json\/wp\/v2\/comments?post=5501249"}],"version-history":[{"count":0,"href":"https:\/\/stoic-curie.212-227-153-4.plesk.page\/pt\/wp-json\/wp\/v2\/product\/5501249\/revisions"}],"wp:featuredmedia":[{"embeddable":true,"href":"https:\/\/stoic-curie.212-227-153-4.plesk.page\/pt\/wp-json\/wp\/v2\/media\/5941611"}],"wp:attachment":[{"href":"https:\/\/stoic-curie.212-227-153-4.plesk.page\/pt\/wp-json\/wp\/v2\/media?parent=5501249"}],"wp:term":[{"taxonomy":"product_brand","embeddable":true,"href":"https:\/\/stoic-curie.212-227-153-4.plesk.page\/pt\/wp-json\/wp\/v2\/product_brand?post=5501249"},{"taxonomy":"product_cat","embeddable":true,"href":"https:\/\/stoic-curie.212-227-153-4.plesk.page\/pt\/wp-json\/wp\/v2\/product_cat?post=5501249"},{"taxonomy":"product_tag","embeddable":true,"href":"https:\/\/stoic-curie.212-227-153-4.plesk.page\/pt\/wp-json\/wp\/v2\/product_tag?post=5501249"}],"curies":[{"name":"wp","href":"https:\/\/api.w.org\/{rel}","templated":true}]}}