{"id":5501251,"date":"2026-01-27T06:23:34","date_gmt":"2026-01-27T05:23:34","guid":{"rendered":"https:\/\/stoic-curie.212-227-153-4.plesk.page\/product\/ancora-toro-em-aco-inoxidavel-de-4-kg\/"},"modified":"2026-02-25T00:27:57","modified_gmt":"2026-02-25T00:27:57","slug":"ancora-toro-em-aco-inoxidavel-de-4-kg","status":"publish","type":"product","link":"https:\/\/stoic-curie.212-227-153-4.plesk.page\/pt\/product\/ancora-toro-em-aco-inoxidavel-de-4-kg\/","title":{"rendered":"\u00c2ncora Toro em A\u00e7o Inoxid\u00e1vel de 4 kg"},"content":{"rendered":"<p>\u00c2ncora Toro em A\u00e7o Inoxid\u00e1vel de 4 kg &#8211; <\/p>\n<p>\u00c2ncora de a\u00e7o inoxid\u00e1vel AISI 316 para fundos marinhos macios como areia, lama e meleca. Gra\u00e7as \u00e0 distribui\u00e7\u00e3o de peso na ponta, a \u00e2ncora encontra imediatamente o \u00e2ngulo de penetra\u00e7\u00e3o ideal e garante uma fixa\u00e7\u00e3o est\u00e1vel.<\/p>\n","protected":false},"excerpt":{"rendered":"<p>\u00c2ncora Toro em A\u00e7o Inoxid\u00e1vel de 4 kg &#8211; \u00c2ncora de a\u00e7o inoxid\u00e1vel AISI 316 para fundos marinhos macios como<\/p>\n","protected":false},"featured_media":5941612,"comment_status":"open","ping_status":"closed","template":"","meta":[],"product_brand":[3087],"product_cat":[2153],"product_tag":[],"class_list":{"0":"post-5501251","1":"product","2":"type-product","3":"status-publish","4":"has-post-thumbnail","6":"product_brand-maggigroup-pt","7":"product_cat-ancoras-delta","9":"first","10":"instock","11":"shipping-taxable","12":"purchasable","13":"product-type-simple"},"_links":{"self":[{"href":"https:\/\/stoic-curie.212-227-153-4.plesk.page\/pt\/wp-json\/wp\/v2\/product\/5501251","targetHints":{"allow":["GET"]}}],"collection":[{"href":"https:\/\/stoic-curie.212-227-153-4.plesk.page\/pt\/wp-json\/wp\/v2\/product"}],"about":[{"href":"https:\/\/stoic-curie.212-227-153-4.plesk.page\/pt\/wp-json\/wp\/v2\/types\/product"}],"replies":[{"embeddable":true,"href":"https:\/\/stoic-curie.212-227-153-4.plesk.page\/pt\/wp-json\/wp\/v2\/comments?post=5501251"}],"version-history":[{"count":0,"href":"https:\/\/stoic-curie.212-227-153-4.plesk.page\/pt\/wp-json\/wp\/v2\/product\/5501251\/revisions"}],"wp:featuredmedia":[{"embeddable":true,"href":"https:\/\/stoic-curie.212-227-153-4.plesk.page\/pt\/wp-json\/wp\/v2\/media\/5941612"}],"wp:attachment":[{"href":"https:\/\/stoic-curie.212-227-153-4.plesk.page\/pt\/wp-json\/wp\/v2\/media?parent=5501251"}],"wp:term":[{"taxonomy":"product_brand","embeddable":true,"href":"https:\/\/stoic-curie.212-227-153-4.plesk.page\/pt\/wp-json\/wp\/v2\/product_brand?post=5501251"},{"taxonomy":"product_cat","embeddable":true,"href":"https:\/\/stoic-curie.212-227-153-4.plesk.page\/pt\/wp-json\/wp\/v2\/product_cat?post=5501251"},{"taxonomy":"product_tag","embeddable":true,"href":"https:\/\/stoic-curie.212-227-153-4.plesk.page\/pt\/wp-json\/wp\/v2\/product_tag?post=5501251"}],"curies":[{"name":"wp","href":"https:\/\/api.w.org\/{rel}","templated":true}]}}