{"id":5501254,"date":"2026-01-27T06:23:37","date_gmt":"2026-01-27T05:23:37","guid":{"rendered":"https:\/\/stoic-curie.212-227-153-4.plesk.page\/product\/ancora-toro-em-aco-inoxidavel-de-16-kg\/"},"modified":"2026-02-25T00:27:57","modified_gmt":"2026-02-25T00:27:57","slug":"ancora-toro-em-aco-inoxidavel-de-16-kg","status":"publish","type":"product","link":"https:\/\/stoic-curie.212-227-153-4.plesk.page\/pt\/product\/ancora-toro-em-aco-inoxidavel-de-16-kg\/","title":{"rendered":"\u00c2ncora Toro em A\u00e7o Inoxid\u00e1vel de 16 kg"},"content":{"rendered":"<p>\u00c2ncora Toro em A\u00e7o Inoxid\u00e1vel de 16 kg &#8211; <\/p>\n<p>Temos o prazer de apresentar nosso \u00e2ncora de a\u00e7o inoxid\u00e1vel AISI 316, especificamente projetada para fundos marinhos macios como areia, lama e lodo. Esta \u00e2ncora \u00e9 desenhada com uma distribui\u00e7\u00e3o de peso bem balanceada na ponta, permitindo que localize rapidamente o \u00e2ngulo ideal para penetra\u00e7\u00e3o e proporcionando uma fixa\u00e7\u00e3o segura.<\/p>\n<p>Oferecemos uma \u00e2ncora de 35 lb (16 kg) em a\u00e7o inoxid\u00e1vel, ideal para embarca\u00e7\u00f5es com medidas entre 32 e 45 p\u00e9s. Esta \u00e2ncora \u00e9 feita de uma \u00fanica pe\u00e7a de a\u00e7o inoxid\u00e1vel duplex 316\/2205, que oferece uma resist\u00eancia excepcional \u00e0 corros\u00e3o e maior for\u00e7a em compara\u00e7\u00e3o com a\u00e7os inoxid\u00e1veis convencionais como 304 ou 316.<\/p>\n<p>Nossa \u00e2ncora \u00e9 projetada para lan\u00e7amento autom\u00e1tico e \u00e9 equilibrada para cair livremente dos roletes de proa, tornando-a uma excelente escolha para guinchos operados remotamente. O lastro substancial na se\u00e7\u00e3o da ponta garante que ela se fixe ao fundo marinho ao entrar em contato. Oferecemos uma garantia vital\u00edcia contra quebra para esta \u00e2ncora.<\/p>\n<p>O perfil distinto do corpo e a ponta lastreada da \u00e2ncora Delta facilitam o lan\u00e7amento autom\u00e1tico. Seu baixo centro de gravidade e design autoendireit\u00e1vel garantem que a \u00e2ncora Toro se fixe imediatamente ao atingir o fundo, permitindo uma ancoragem r\u00e1pida sem arrasto.<\/p>\n","protected":false},"excerpt":{"rendered":"<p>\u00c2ncora Toro em A\u00e7o Inoxid\u00e1vel de 16 kg &#8211; Temos o prazer de apresentar nosso \u00e2ncora de a\u00e7o inoxid\u00e1vel AISI<\/p>\n","protected":false},"featured_media":5941612,"comment_status":"open","ping_status":"closed","template":"","meta":[],"product_brand":[3087],"product_cat":[2153],"product_tag":[],"class_list":{"0":"post-5501254","1":"product","2":"type-product","3":"status-publish","4":"has-post-thumbnail","6":"product_brand-maggigroup-pt","7":"product_cat-ancoras-delta","9":"first","10":"instock","11":"shipping-taxable","12":"purchasable","13":"product-type-simple"},"_links":{"self":[{"href":"https:\/\/stoic-curie.212-227-153-4.plesk.page\/pt\/wp-json\/wp\/v2\/product\/5501254","targetHints":{"allow":["GET"]}}],"collection":[{"href":"https:\/\/stoic-curie.212-227-153-4.plesk.page\/pt\/wp-json\/wp\/v2\/product"}],"about":[{"href":"https:\/\/stoic-curie.212-227-153-4.plesk.page\/pt\/wp-json\/wp\/v2\/types\/product"}],"replies":[{"embeddable":true,"href":"https:\/\/stoic-curie.212-227-153-4.plesk.page\/pt\/wp-json\/wp\/v2\/comments?post=5501254"}],"version-history":[{"count":0,"href":"https:\/\/stoic-curie.212-227-153-4.plesk.page\/pt\/wp-json\/wp\/v2\/product\/5501254\/revisions"}],"wp:featuredmedia":[{"embeddable":true,"href":"https:\/\/stoic-curie.212-227-153-4.plesk.page\/pt\/wp-json\/wp\/v2\/media\/5941612"}],"wp:attachment":[{"href":"https:\/\/stoic-curie.212-227-153-4.plesk.page\/pt\/wp-json\/wp\/v2\/media?parent=5501254"}],"wp:term":[{"taxonomy":"product_brand","embeddable":true,"href":"https:\/\/stoic-curie.212-227-153-4.plesk.page\/pt\/wp-json\/wp\/v2\/product_brand?post=5501254"},{"taxonomy":"product_cat","embeddable":true,"href":"https:\/\/stoic-curie.212-227-153-4.plesk.page\/pt\/wp-json\/wp\/v2\/product_cat?post=5501254"},{"taxonomy":"product_tag","embeddable":true,"href":"https:\/\/stoic-curie.212-227-153-4.plesk.page\/pt\/wp-json\/wp\/v2\/product_tag?post=5501254"}],"curies":[{"name":"wp","href":"https:\/\/api.w.org\/{rel}","templated":true}]}}