{"id":5501255,"date":"2026-01-27T06:23:38","date_gmt":"2026-01-27T05:23:38","guid":{"rendered":"https:\/\/stoic-curie.212-227-153-4.plesk.page\/product\/ancora-toro-em-aco-inoxidavel-de-20-kg\/"},"modified":"2026-02-25T00:27:57","modified_gmt":"2026-02-25T00:27:57","slug":"ancora-toro-em-aco-inoxidavel-de-20-kg","status":"publish","type":"product","link":"https:\/\/stoic-curie.212-227-153-4.plesk.page\/pt\/product\/ancora-toro-em-aco-inoxidavel-de-20-kg\/","title":{"rendered":"\u00c2ncora Toro em A\u00e7o Inoxid\u00e1vel de 20 kg"},"content":{"rendered":"<p>\u00c2ncora Toro em A\u00e7o Inoxid\u00e1vel de 20 kg &#8211; Temos o prazer de apresentar nosso \u00e2ncora de a\u00e7o inoxid\u00e1vel AISI 316, especificamente projetado para fundos marinhos macios, como areia, lama e lodo. Este \u00e2ncora \u00e9 projetado com uma distribui\u00e7\u00e3o de peso distinta na ponta, permitindo que ele localize rapidamente o \u00e2ngulo ideal para penetra\u00e7\u00e3o. Este design inovador garante uma fixa\u00e7\u00e3o est\u00e1vel e segura, mesmo em ambientes marinhos dif\u00edceis. Constru\u00eddo como uma \u00fanica pe\u00e7a de a\u00e7o inoxid\u00e1vel duplex 316\/2205 de alta qualidade, este \u00e2ncora oferece uma resist\u00eancia \u00e0 corros\u00e3o e for\u00e7a excepcionais quando comparado a alternativas padr\u00e3o de a\u00e7o inoxid\u00e1vel, como 304 ou 316. Este n\u00edvel de durabilidade \u00e9 crucial para propriet\u00e1rios de barcos que operam frequentemente em \u00e1gua salgada, onde a corros\u00e3o pode impactar significativamente a longevidade do equipamento mar\u00edtimo. Al\u00e9m disso, o \u00e2ncora possui um recurso de auto-lan\u00e7amento, permitindo que ele caia livremente dos roletes de proa. Isso \u00e9 especialmente ben\u00e9fico ao ser usado com guinchos controlados remotamente, tornando o processo de ancoragem mais f\u00e1cil e eficiente. O pesado lastro localizado na se\u00e7\u00e3o do p\u00e9 do \u00e2ncora garante que ele se engaje no fundo marinho imediatamente ao contato, proporcionando uma fixa\u00e7\u00e3o confi\u00e1vel mesmo em circunst\u00e2ncias menos que ideais. Para aumentar ainda mais sua confian\u00e7a em seu desempenho, este \u00e2ncora \u00e9 coberta por uma garantia vital\u00edcia contra quebras, permitindo que voc\u00ea aproveite suas experi\u00eancias de navega\u00e7\u00e3o com total tranquilidade. Com este \u00e2ncora, voc\u00ea pode navegar pelas \u00e1guas com a certeza de que tem uma solu\u00e7\u00e3o de ancoragem robusta e confi\u00e1vel \u00e0 sua disposi\u00e7\u00e3o.<\/p>\n","protected":false},"excerpt":{"rendered":"<p>\u00c2ncora Toro em A\u00e7o Inoxid\u00e1vel de 20 kg &#8211; Temos o prazer de apresentar nosso \u00e2ncora de a\u00e7o inoxid\u00e1vel AISI<\/p>\n","protected":false},"featured_media":5941612,"comment_status":"open","ping_status":"closed","template":"","meta":[],"product_brand":[3087],"product_cat":[2153],"product_tag":[],"class_list":{"0":"post-5501255","1":"product","2":"type-product","3":"status-publish","4":"has-post-thumbnail","6":"product_brand-maggigroup-pt","7":"product_cat-ancoras-delta","9":"first","10":"instock","11":"shipping-taxable","12":"purchasable","13":"product-type-simple"},"_links":{"self":[{"href":"https:\/\/stoic-curie.212-227-153-4.plesk.page\/pt\/wp-json\/wp\/v2\/product\/5501255","targetHints":{"allow":["GET"]}}],"collection":[{"href":"https:\/\/stoic-curie.212-227-153-4.plesk.page\/pt\/wp-json\/wp\/v2\/product"}],"about":[{"href":"https:\/\/stoic-curie.212-227-153-4.plesk.page\/pt\/wp-json\/wp\/v2\/types\/product"}],"replies":[{"embeddable":true,"href":"https:\/\/stoic-curie.212-227-153-4.plesk.page\/pt\/wp-json\/wp\/v2\/comments?post=5501255"}],"version-history":[{"count":0,"href":"https:\/\/stoic-curie.212-227-153-4.plesk.page\/pt\/wp-json\/wp\/v2\/product\/5501255\/revisions"}],"wp:featuredmedia":[{"embeddable":true,"href":"https:\/\/stoic-curie.212-227-153-4.plesk.page\/pt\/wp-json\/wp\/v2\/media\/5941612"}],"wp:attachment":[{"href":"https:\/\/stoic-curie.212-227-153-4.plesk.page\/pt\/wp-json\/wp\/v2\/media?parent=5501255"}],"wp:term":[{"taxonomy":"product_brand","embeddable":true,"href":"https:\/\/stoic-curie.212-227-153-4.plesk.page\/pt\/wp-json\/wp\/v2\/product_brand?post=5501255"},{"taxonomy":"product_cat","embeddable":true,"href":"https:\/\/stoic-curie.212-227-153-4.plesk.page\/pt\/wp-json\/wp\/v2\/product_cat?post=5501255"},{"taxonomy":"product_tag","embeddable":true,"href":"https:\/\/stoic-curie.212-227-153-4.plesk.page\/pt\/wp-json\/wp\/v2\/product_tag?post=5501255"}],"curies":[{"name":"wp","href":"https:\/\/api.w.org\/{rel}","templated":true}]}}