{"id":5501256,"date":"2026-01-27T06:23:39","date_gmt":"2026-01-27T05:23:39","guid":{"rendered":"https:\/\/stoic-curie.212-227-153-4.plesk.page\/product\/ancora-toro-em-aco-inoxidavel-de-25-kg\/"},"modified":"2026-02-25T00:27:57","modified_gmt":"2026-02-25T00:27:57","slug":"ancora-toro-em-aco-inoxidavel-de-25-kg","status":"publish","type":"product","link":"https:\/\/stoic-curie.212-227-153-4.plesk.page\/pt\/product\/ancora-toro-em-aco-inoxidavel-de-25-kg\/","title":{"rendered":"\u00c2ncora Toro em A\u00e7o Inoxid\u00e1vel de 25 kg"},"content":{"rendered":"<p>\u00c2ncora Toro em A\u00e7o Inoxid\u00e1vel de 25 kg &#8211; <\/p>\n<p style=\"color: rgb(34, 34, 34); font-family: Arial, Helvetica, sans-serif; font-size: small;\">Fabricado como uma \u00fanica unidade integrada de a\u00e7o inoxid\u00e1vel duplex 316\/2205 de qualidade superior, este \u00e2ncora oferece excelente resist\u00eancia \u00e0 corros\u00e3o e superior for\u00e7a em compara\u00e7\u00e3o com op\u00e7\u00f5es padr\u00e3o de a\u00e7o inoxid\u00e1vel, como 304 ou 316. Esta durabilidade \u00e9 crucial para propriet\u00e1rios de embarca\u00e7\u00f5es que frequentemente operam em ambientes de \u00e1gua salgada, onde a corros\u00e3o pode afetar significativamente a vida \u00fatil do equipamento marinho.<\/p>\n<p style=\"color: rgb(34, 34, 34); font-family: Arial, Helvetica, sans-serif; font-size: small;\">O \u00e2ncora possui um design auto-lan\u00e7\u00e1vel, permitindo que ela caia livremente dos rolos da proa. Isso \u00e9 particularmente ben\u00e9fico quando emparelhado com guinchos operados remotamente, pois agiliza o processo de ancoragem e melhora a efici\u00eancia geral.<\/p>\n<p style=\"color: rgb(34, 34, 34); font-family: Arial, Helvetica, sans-serif; font-size: small;\">Al\u00e9m disso, o pesado lastro posicionado na se\u00e7\u00e3o do p\u00e9 do \u00e2ncora garante um engajamento imediato com o fundo do mar ao contato, proporcionando uma fixa\u00e7\u00e3o segura mesmo em condi\u00e7\u00f5es desafiadoras. Para aumentar ainda mais sua confian\u00e7a em seu desempenho, este \u00e2ncora \u00e9 respaldado por uma garantia vital\u00edcia contra quebra, proporcionando tranquilidade enquanto voc\u00ea embarca em suas aventuras navais. Com este \u00e2ncora, voc\u00ea pode navegar pelas \u00e1guas com confian\u00e7a, sabendo que tem uma solu\u00e7\u00e3o de ancoragem confi\u00e1vel e robusta ao seu dispor.<\/p>\n","protected":false},"excerpt":{"rendered":"<p>\u00c2ncora Toro em A\u00e7o Inoxid\u00e1vel de 25 kg &#8211; Fabricado como uma \u00fanica unidade integrada de a\u00e7o inoxid\u00e1vel duplex 316\/2205<\/p>\n","protected":false},"featured_media":5941612,"comment_status":"open","ping_status":"closed","template":"","meta":[],"product_brand":[3087],"product_cat":[2153],"product_tag":[],"class_list":{"0":"post-5501256","1":"product","2":"type-product","3":"status-publish","4":"has-post-thumbnail","6":"product_brand-maggigroup-pt","7":"product_cat-ancoras-delta","9":"first","10":"instock","11":"shipping-taxable","12":"purchasable","13":"product-type-simple"},"_links":{"self":[{"href":"https:\/\/stoic-curie.212-227-153-4.plesk.page\/pt\/wp-json\/wp\/v2\/product\/5501256","targetHints":{"allow":["GET"]}}],"collection":[{"href":"https:\/\/stoic-curie.212-227-153-4.plesk.page\/pt\/wp-json\/wp\/v2\/product"}],"about":[{"href":"https:\/\/stoic-curie.212-227-153-4.plesk.page\/pt\/wp-json\/wp\/v2\/types\/product"}],"replies":[{"embeddable":true,"href":"https:\/\/stoic-curie.212-227-153-4.plesk.page\/pt\/wp-json\/wp\/v2\/comments?post=5501256"}],"version-history":[{"count":0,"href":"https:\/\/stoic-curie.212-227-153-4.plesk.page\/pt\/wp-json\/wp\/v2\/product\/5501256\/revisions"}],"wp:featuredmedia":[{"embeddable":true,"href":"https:\/\/stoic-curie.212-227-153-4.plesk.page\/pt\/wp-json\/wp\/v2\/media\/5941612"}],"wp:attachment":[{"href":"https:\/\/stoic-curie.212-227-153-4.plesk.page\/pt\/wp-json\/wp\/v2\/media?parent=5501256"}],"wp:term":[{"taxonomy":"product_brand","embeddable":true,"href":"https:\/\/stoic-curie.212-227-153-4.plesk.page\/pt\/wp-json\/wp\/v2\/product_brand?post=5501256"},{"taxonomy":"product_cat","embeddable":true,"href":"https:\/\/stoic-curie.212-227-153-4.plesk.page\/pt\/wp-json\/wp\/v2\/product_cat?post=5501256"},{"taxonomy":"product_tag","embeddable":true,"href":"https:\/\/stoic-curie.212-227-153-4.plesk.page\/pt\/wp-json\/wp\/v2\/product_tag?post=5501256"}],"curies":[{"name":"wp","href":"https:\/\/api.w.org\/{rel}","templated":true}]}}