{"id":5501257,"date":"2026-01-27T06:23:40","date_gmt":"2026-01-27T05:23:40","guid":{"rendered":"https:\/\/stoic-curie.212-227-153-4.plesk.page\/product\/ancora-toro-em-aco-inoxidavel-de-32-kg\/"},"modified":"2026-02-25T00:27:57","modified_gmt":"2026-02-25T00:27:57","slug":"ancora-toro-em-aco-inoxidavel-de-32-kg","status":"publish","type":"product","link":"https:\/\/stoic-curie.212-227-153-4.plesk.page\/pt\/product\/ancora-toro-em-aco-inoxidavel-de-32-kg\/","title":{"rendered":"\u00c2ncora Toro em A\u00e7o Inoxid\u00e1vel de 32 kg"},"content":{"rendered":"<p>\u00c2ncora Toro em A\u00e7o Inoxid\u00e1vel de 32 kg &#8211; <\/p>\n<p><strong>\u00c2ncora Toro de A\u00e7o Inoxid\u00e1vel de 32 kg<\/strong><\/p>\n<p>A \u00e2ncora Toro de a\u00e7o inoxid\u00e1vel AISI 316 \u00e9 projetada para funcionar excepcionalmente bem em condi\u00e7\u00f5es de fundo marinho macio, incluindo areia, lama e lodo. Sua constru\u00e7\u00e3o inovadora apresenta uma distribui\u00e7\u00e3o de peso \u00fanica na ponta, permitindo que a \u00e2ncora alcance rapidamente o \u00e2ngulo de penetra\u00e7\u00e3o ideal. Essa caracter\u00edstica \u00e9 vital para estabelecer uma fixa\u00e7\u00e3o est\u00e1vel e confi\u00e1vel, especialmente em ambientes marinhos desafiadores. Com 32 kg, essa \u00e2ncora de a\u00e7o inoxid\u00e1vel \u00e9 ideal para embarca\u00e7\u00f5es entre 50 e 60 p\u00e9s de comprimento, tornando-a uma op\u00e7\u00e3o vers\u00e1til para v\u00e1rios tipos de barcos.<\/p>\n<p>Fabricada como uma unidade coesa a partir de a\u00e7o inoxid\u00e1vel duplex 316\/2205 de alta qualidade, esta \u00e2ncora oferece not\u00e1vel resist\u00eancia \u00e0 corros\u00e3o e maior resist\u00eancia em compara\u00e7\u00e3o a op\u00e7\u00f5es padr\u00e3o de a\u00e7o inoxid\u00e1vel, como 304 ou 316. Essa durabilidade \u00e9 particularmente importante para propriet\u00e1rios de barcos que frequentemente operam em \u00e1guas salgadas, onde a corros\u00e3o pode encurtar significativamente a vida \u00fatil dos equipamentos mar\u00edtimos. Al\u00e9m disso, a \u00e2ncora \u00e9 projetada para auto-lan\u00e7amento, permitindo que se despeje com facilidade dos rolos de proa. Esse recurso \u00e9 particularmente ben\u00e9fico quando usado com guinchos operados remotamente, pois agiliza o processo de ancoragem e melhora a efici\u00eancia geral.<\/p>\n<p>Al\u00e9m disso, o consider\u00e1vel lastro na se\u00e7\u00e3o do p\u00e9 da \u00e2ncora garante o contato imediato com o fundo marinho ao entrar em contato, proporcionando um agarre confi\u00e1vel mesmo em condi\u00e7\u00f5es adversas. Para aumentar ainda mais sua confian\u00e7a no desempenho, esta \u00e2ncora vem com uma garantia de por vida contra quebra, oferecendo a voc\u00ea tranquilidade ao embarcar em suas aventuras de barco. Com a \u00c2ncora Toro, voc\u00ea pode navegar pelas \u00e1guas com confian\u00e7a, sabendo que tem uma solu\u00e7\u00e3o de ancoragem robusta e confi\u00e1vel \u00e0 sua disposi\u00e7\u00e3o.<\/p>\n","protected":false},"excerpt":{"rendered":"<p>\u00c2ncora Toro em A\u00e7o Inoxid\u00e1vel de 32 kg &#8211; \u00c2ncora Toro de A\u00e7o Inoxid\u00e1vel de 32 kg A \u00e2ncora Toro<\/p>\n","protected":false},"featured_media":5941612,"comment_status":"open","ping_status":"closed","template":"","meta":[],"product_brand":[3087],"product_cat":[2153],"product_tag":[],"class_list":{"0":"post-5501257","1":"product","2":"type-product","3":"status-publish","4":"has-post-thumbnail","6":"product_brand-maggigroup-pt","7":"product_cat-ancoras-delta","9":"first","10":"instock","11":"shipping-taxable","12":"purchasable","13":"product-type-simple"},"_links":{"self":[{"href":"https:\/\/stoic-curie.212-227-153-4.plesk.page\/pt\/wp-json\/wp\/v2\/product\/5501257","targetHints":{"allow":["GET"]}}],"collection":[{"href":"https:\/\/stoic-curie.212-227-153-4.plesk.page\/pt\/wp-json\/wp\/v2\/product"}],"about":[{"href":"https:\/\/stoic-curie.212-227-153-4.plesk.page\/pt\/wp-json\/wp\/v2\/types\/product"}],"replies":[{"embeddable":true,"href":"https:\/\/stoic-curie.212-227-153-4.plesk.page\/pt\/wp-json\/wp\/v2\/comments?post=5501257"}],"version-history":[{"count":0,"href":"https:\/\/stoic-curie.212-227-153-4.plesk.page\/pt\/wp-json\/wp\/v2\/product\/5501257\/revisions"}],"wp:featuredmedia":[{"embeddable":true,"href":"https:\/\/stoic-curie.212-227-153-4.plesk.page\/pt\/wp-json\/wp\/v2\/media\/5941612"}],"wp:attachment":[{"href":"https:\/\/stoic-curie.212-227-153-4.plesk.page\/pt\/wp-json\/wp\/v2\/media?parent=5501257"}],"wp:term":[{"taxonomy":"product_brand","embeddable":true,"href":"https:\/\/stoic-curie.212-227-153-4.plesk.page\/pt\/wp-json\/wp\/v2\/product_brand?post=5501257"},{"taxonomy":"product_cat","embeddable":true,"href":"https:\/\/stoic-curie.212-227-153-4.plesk.page\/pt\/wp-json\/wp\/v2\/product_cat?post=5501257"},{"taxonomy":"product_tag","embeddable":true,"href":"https:\/\/stoic-curie.212-227-153-4.plesk.page\/pt\/wp-json\/wp\/v2\/product_tag?post=5501257"}],"curies":[{"name":"wp","href":"https:\/\/api.w.org\/{rel}","templated":true}]}}