{"id":5501261,"date":"2026-01-27T06:23:51","date_gmt":"2026-01-27T05:23:51","guid":{"rendered":"https:\/\/stoic-curie.212-227-153-4.plesk.page\/product\/ancora-toro-galvanizada-63kg\/"},"modified":"2026-02-25T00:28:07","modified_gmt":"2026-02-25T00:28:07","slug":"ancora-toro-galvanizada-63kg","status":"publish","type":"product","link":"https:\/\/stoic-curie.212-227-153-4.plesk.page\/pt\/product\/ancora-toro-galvanizada-63kg\/","title":{"rendered":"\u00c2ncora Toro Galvanizada 63kg"},"content":{"rendered":"<p>\u00c2ncora Toro Galvanizada 63kg &#8211; <\/p>\n<p style=\"color: rgb(34, 34, 34); font-family: Arial, Helvetica, sans-serif; font-size: small;\">\u00c2ncora de A\u00e7o Galvanizado para Fundos Marinhos Macios<\/p>\n<p style=\"color: rgb(34, 34, 34); font-family: Arial, Helvetica, sans-serif; font-size: small;\">Esta \u00e2ncora de a\u00e7o galvanizado \u00e9 projetada para uso em fundos marinhos macios, como areia, lama e lodo. Sua distribui\u00e7\u00e3o de peso \u00fanica na ponta permite que a \u00e2ncora encontre rapidamente o melhor \u00e2ngulo para penetra\u00e7\u00e3o, garantindo uma fixa\u00e7\u00e3o est\u00e1vel. Feita de a\u00e7o mangan\u00eas galvanizado de alta qualidade, esta \u00e2ncora de uma pe\u00e7a \u00e9 equilibrada para cair livremente a partir de rolos de proa, tornando-a ideal para uso com guinchos remotos. O pesado lastro na se\u00e7\u00e3o da ponta garante que ela se engaje com o fundo marinho ao impactar. Garantimos por toda a vida contra quebras.<\/p>\n<p style=\"color: rgb(34, 34, 34); font-family: Arial, Helvetica, sans-serif; font-size: small;\"><strong>Caracter\u00edsticas<\/strong><\/p>\n<ul style=\"color: rgb(34, 34, 34); font-family: Arial, Helvetica, sans-serif; font-size: small;\">\n<li>Constru\u00e7\u00e3o em a\u00e7o mangan\u00eas galvanizado de alta qualidade<\/li>\n<li>Perfil de haste \u00fanico<\/li>\n<li>Ponta lastreada<\/li>\n<li>Design auto-liber\u00e1vel<\/li>\n<li>Baixo centro de gravidade<\/li>\n<li>Geometria auto-erguente<\/li>\n<li>Instala facilmente<\/li>\n<li>Desempenho consistente e confi\u00e1vel<\/li>\n<\/ul>\n<p style=\"color: rgb(34, 34, 34); font-family: Arial, Helvetica, sans-serif; font-size: small;\"><strong>\u00c2ncoras Galvanizadas a Quente<\/strong><\/p>\n<p style=\"color: rgb(34, 34, 34); font-family: Arial, Helvetica, sans-serif; font-size: small;\">A galvaniza\u00e7\u00e3o a quente \u00e9 o acabamento mais popular para \u00e2ncoras usadas em veleiros e iates a motor. Isso se deve principalmente ao fato de que \u00e2ncoras de a\u00e7o inoxid\u00e1vel podem ser muito caras para muitos marinheiros, enquanto o alum\u00ednio \u00e9 tipicamente usado para \u00e2ncoras tipo kedge ou secund\u00e1rias devido \u00e0 sua leveza.<\/p>\n<p style=\"color: rgb(34, 34, 34); font-family: Arial, Helvetica, sans-serif; font-size: small;\">O a\u00e7o galvanizado \u00e9 uma excelente escolha para a produ\u00e7\u00e3o de \u00e2ncoras, pois \u00e9 forte, pesado, dur\u00e1vel em ambientes marinhos, relativamente acess\u00edvel e pode ser moldado em designs complexos.<\/p>\n<p style=\"color: rgb(34, 34, 34); font-family: Arial, Helvetica, sans-serif; font-size: small;\">Embora \u00e2ncoras da nova gera\u00e7\u00e3o, tecnologicamente avan\u00e7adas, com alta capacidade de reten\u00e7\u00e3o sejam populares hoje, designs tradicionais ainda est\u00e3o dispon\u00edveis para aqueles que preferem uma forma e perfil cl\u00e1ssicos.<\/p>\n<p style=\"color: rgb(34, 34, 34); font-family: Arial, Helvetica, sans-serif; font-size: small;\"><strong>Compatibilidade com Rolos de Proa<\/strong><\/p>\n<p style=\"color: rgb(34, 34, 34); font-family: Arial, Helvetica, sans-serif; font-size: small;\">Os designs mais antigos de \u00e2ncoras s\u00e3o geralmente feitos de a\u00e7o galvanizado. Embora possam n\u00e3o oferecer o desempenho avan\u00e7ado dos modelos mais novos, podem ser uma op\u00e7\u00e3o mais econ\u00f4mica para instala\u00e7\u00e3o em rolos de proa. Substituir uma \u00e2ncora por um modelo semelhante pode economizar dinheiro, e evitar modifica\u00e7\u00f5es na proa e na disposi\u00e7\u00e3o dos rolos pode levar a economias significativas. As equipes de design e desenvolvimento est\u00e3o cientes disso, e os fabricantes de novos designs costumam fornecer dimens\u00f5es detalhadas e modelos em tamanho real para ajudar os clientes a evitar problemas de instala\u00e7\u00e3o.<\/p>\n","protected":false},"excerpt":{"rendered":"<p>\u00c2ncora Toro Galvanizada 63kg &#8211; \u00c2ncora de A\u00e7o Galvanizado para Fundos Marinhos Macios Esta \u00e2ncora de a\u00e7o galvanizado \u00e9 projetada<\/p>\n","protected":false},"featured_media":5941611,"comment_status":"open","ping_status":"closed","template":"","meta":[],"product_brand":[3087],"product_cat":[2153],"product_tag":[],"class_list":{"0":"post-5501261","1":"product","2":"type-product","3":"status-publish","4":"has-post-thumbnail","6":"product_brand-maggigroup-pt","7":"product_cat-ancoras-delta","9":"first","10":"instock","11":"shipping-taxable","12":"purchasable","13":"product-type-simple"},"_links":{"self":[{"href":"https:\/\/stoic-curie.212-227-153-4.plesk.page\/pt\/wp-json\/wp\/v2\/product\/5501261","targetHints":{"allow":["GET"]}}],"collection":[{"href":"https:\/\/stoic-curie.212-227-153-4.plesk.page\/pt\/wp-json\/wp\/v2\/product"}],"about":[{"href":"https:\/\/stoic-curie.212-227-153-4.plesk.page\/pt\/wp-json\/wp\/v2\/types\/product"}],"replies":[{"embeddable":true,"href":"https:\/\/stoic-curie.212-227-153-4.plesk.page\/pt\/wp-json\/wp\/v2\/comments?post=5501261"}],"version-history":[{"count":0,"href":"https:\/\/stoic-curie.212-227-153-4.plesk.page\/pt\/wp-json\/wp\/v2\/product\/5501261\/revisions"}],"wp:featuredmedia":[{"embeddable":true,"href":"https:\/\/stoic-curie.212-227-153-4.plesk.page\/pt\/wp-json\/wp\/v2\/media\/5941611"}],"wp:attachment":[{"href":"https:\/\/stoic-curie.212-227-153-4.plesk.page\/pt\/wp-json\/wp\/v2\/media?parent=5501261"}],"wp:term":[{"taxonomy":"product_brand","embeddable":true,"href":"https:\/\/stoic-curie.212-227-153-4.plesk.page\/pt\/wp-json\/wp\/v2\/product_brand?post=5501261"},{"taxonomy":"product_cat","embeddable":true,"href":"https:\/\/stoic-curie.212-227-153-4.plesk.page\/pt\/wp-json\/wp\/v2\/product_cat?post=5501261"},{"taxonomy":"product_tag","embeddable":true,"href":"https:\/\/stoic-curie.212-227-153-4.plesk.page\/pt\/wp-json\/wp\/v2\/product_tag?post=5501261"}],"curies":[{"name":"wp","href":"https:\/\/api.w.org\/{rel}","templated":true}]}}