{"id":5501262,"date":"2026-01-27T06:23:51","date_gmt":"2026-01-27T05:23:51","guid":{"rendered":"https:\/\/stoic-curie.212-227-153-4.plesk.page\/product\/ancora-toro-em-aco-inoxidavel-50kg\/"},"modified":"2026-02-25T00:28:07","modified_gmt":"2026-02-25T00:28:07","slug":"ancora-toro-em-aco-inoxidavel-50kg","status":"publish","type":"product","link":"https:\/\/stoic-curie.212-227-153-4.plesk.page\/pt\/product\/ancora-toro-em-aco-inoxidavel-50kg\/","title":{"rendered":"\u00c2ncora Toro em A\u00e7o Inoxid\u00e1vel 50kg"},"content":{"rendered":"<p>\u00c2ncora Toro em A\u00e7o Inoxid\u00e1vel 50kg &#8211; <\/p>\n<p>O \u00e2ncora de a\u00e7o inoxid\u00e1vel AISI 316 foi meticulosamente projetada para se destacar em condi\u00e7\u00f5es de fundo marinho macio, que incluem ambientes como areia, lama e limo. Seu design inovador apresenta uma distribui\u00e7\u00e3o de peso \u00fanica concentrada na ponta, o que facilita a capacidade da \u00e2ncora de localizar rapidamente o \u00e2ngulo de penetra\u00e7\u00e3o ideal. Esta caracter\u00edstica \u00e9 crucial para garantir uma fixa\u00e7\u00e3o est\u00e1vel e segura, especialmente em ambientes marinhos desafiadores. Com um peso consider\u00e1vel de 110 lb (50 kg), esta \u00e2ncora de a\u00e7o inoxid\u00e1vel \u00e9 ideal para embarca\u00e7\u00f5es com comprimento entre 70 e 82 p\u00e9s, tornando-a uma escolha vers\u00e1til para uma variedade de tipos de barcos.<\/p>\n<p>Constru\u00edda como uma \u00fanica unidade coesa de a\u00e7o inoxid\u00e1vel duplex 316\/2205 de alta qualidade, esta \u00e2ncora oferece excepcional resist\u00eancia \u00e0 corros\u00e3o e maior resist\u00eancia em compara\u00e7\u00e3o com op\u00e7\u00f5es de a\u00e7o inoxid\u00e1vel padr\u00e3o, como 304 ou 316. Esta durabilidade \u00e9 particularmente importante para propriet\u00e1rios de barcos que frequentemente navegam em ambientes de \u00e1gua salgada, onde a corros\u00e3o pode impactar significativamente a longevidade do equipamento marinho. A \u00e2ncora tamb\u00e9m possui um design de auto-lan\u00e7amento que permite que ela caia livremente das roldanas do bow. Este recurso \u00e9 especialmente vantajoso quando usado em conjunto com guinchos operados remotamente, pois simplifica o processo de ancoragem e melhora a efici\u00eancia geral.<\/p>\n<p>Al\u00e9m disso, o lastro pesado localizado na se\u00e7\u00e3o do dedo da \u00e2ncora garante que ela ir\u00e1 se engajar com o fundo marinho imediatamente ap\u00f3s o contato, proporcionando uma fixa\u00e7\u00e3o confi\u00e1vel, mesmo em condi\u00e7\u00f5es menos que ideais. Para aumentar ainda mais a confian\u00e7a em seu desempenho, esta \u00e2ncora vem com garantia de por vida contra quebra, oferecendo paz de esp\u00edrito enquanto voc\u00ea embarca em suas aventuras de navega\u00e7\u00e3o. Com esta \u00e2ncora, voc\u00ea pode navegar nas \u00e1guas com confian\u00e7a, sabendo que tem uma solu\u00e7\u00e3o de ancoragem confi\u00e1vel e robusta \u00e0 sua disposi\u00e7\u00e3o.<\/p>\n","protected":false},"excerpt":{"rendered":"<p>\u00c2ncora Toro em A\u00e7o Inoxid\u00e1vel 50kg &#8211; O \u00e2ncora de a\u00e7o inoxid\u00e1vel AISI 316 foi meticulosamente projetada para se destacar<\/p>\n","protected":false},"featured_media":5941612,"comment_status":"open","ping_status":"closed","template":"","meta":[],"product_brand":[3087],"product_cat":[2153],"product_tag":[],"class_list":{"0":"post-5501262","1":"product","2":"type-product","3":"status-publish","4":"has-post-thumbnail","6":"product_brand-maggigroup-pt","7":"product_cat-ancoras-delta","9":"first","10":"instock","11":"shipping-taxable","12":"purchasable","13":"product-type-simple"},"_links":{"self":[{"href":"https:\/\/stoic-curie.212-227-153-4.plesk.page\/pt\/wp-json\/wp\/v2\/product\/5501262","targetHints":{"allow":["GET"]}}],"collection":[{"href":"https:\/\/stoic-curie.212-227-153-4.plesk.page\/pt\/wp-json\/wp\/v2\/product"}],"about":[{"href":"https:\/\/stoic-curie.212-227-153-4.plesk.page\/pt\/wp-json\/wp\/v2\/types\/product"}],"replies":[{"embeddable":true,"href":"https:\/\/stoic-curie.212-227-153-4.plesk.page\/pt\/wp-json\/wp\/v2\/comments?post=5501262"}],"version-history":[{"count":0,"href":"https:\/\/stoic-curie.212-227-153-4.plesk.page\/pt\/wp-json\/wp\/v2\/product\/5501262\/revisions"}],"wp:featuredmedia":[{"embeddable":true,"href":"https:\/\/stoic-curie.212-227-153-4.plesk.page\/pt\/wp-json\/wp\/v2\/media\/5941612"}],"wp:attachment":[{"href":"https:\/\/stoic-curie.212-227-153-4.plesk.page\/pt\/wp-json\/wp\/v2\/media?parent=5501262"}],"wp:term":[{"taxonomy":"product_brand","embeddable":true,"href":"https:\/\/stoic-curie.212-227-153-4.plesk.page\/pt\/wp-json\/wp\/v2\/product_brand?post=5501262"},{"taxonomy":"product_cat","embeddable":true,"href":"https:\/\/stoic-curie.212-227-153-4.plesk.page\/pt\/wp-json\/wp\/v2\/product_cat?post=5501262"},{"taxonomy":"product_tag","embeddable":true,"href":"https:\/\/stoic-curie.212-227-153-4.plesk.page\/pt\/wp-json\/wp\/v2\/product_tag?post=5501262"}],"curies":[{"name":"wp","href":"https:\/\/api.w.org\/{rel}","templated":true}]}}