{"id":5501263,"date":"2026-01-27T06:23:52","date_gmt":"2026-01-27T05:23:52","guid":{"rendered":"https:\/\/stoic-curie.212-227-153-4.plesk.page\/product\/ancora-toro-em-aco-inoxidavel-63kg\/"},"modified":"2026-02-25T00:28:07","modified_gmt":"2026-02-25T00:28:07","slug":"ancora-toro-em-aco-inoxidavel-63kg","status":"publish","type":"product","link":"https:\/\/stoic-curie.212-227-153-4.plesk.page\/pt\/product\/ancora-toro-em-aco-inoxidavel-63kg\/","title":{"rendered":"\u00c2ncora Toro em A\u00e7o Inoxid\u00e1vel 63kg"},"content":{"rendered":"<p>\u00c2ncora Toro em A\u00e7o Inoxid\u00e1vel 63kg &#8211; <\/p>\n<p>O \u00e2ncora Toro, constru\u00eddo a partir de a\u00e7o inoxid\u00e1vel AISI 316 de alta qualidade, \u00e9 especificamente projetado para uso em fundos marinhos macios, como areia, lama e lodo. Sua distribui\u00e7\u00e3o de peso inovadora na ponta permite alcan\u00e7ar rapidamente o \u00e2ngulo de penetra\u00e7\u00e3o ideal, garantindo uma fixa\u00e7\u00e3o segura. O perfil de haste distinto e a ponta balastada permitem que o \u00e2ncora Toro seja lan\u00e7ado sem esfor\u00e7o. Com um baixo centro de gravidade e geometria auto-reajust\u00e1vel, o \u00e2ncora Toro se posiciona imediatamente ap\u00f3s a libera\u00e7\u00e3o.<\/p>\n<p>Reconhecido por seu desempenho consistente e confi\u00e1vel, o \u00e2ncora Toro recebeu a Aprova\u00e7\u00e3o Geral do Lloyd&#8217;s Register como um \u00e2ncora de Alta Capacidade de Sustenta\u00e7\u00e3o e \u00e9 a escolha preferida de v\u00e1rias organiza\u00e7\u00f5es nacionais de salvamento. Para aqueles que buscam maior durabilidade, tamb\u00e9m est\u00e1 dispon\u00edvel uma vers\u00e3o em a\u00e7o inoxid\u00e1vel Duplex\/Alta Tens\u00e3o de qualidade superior.<\/p>\n<p>Todos os \u00e2ncoras Toro s\u00e3o acompanhados por uma garantia de por vida contra quebra e a Certifica\u00e7\u00e3o de Teste do Lloyd&#8217;s pode ser organizada para \u00e2ncoras Delta individuais.<\/p>\n<p><strong>Esteja ciente de que danos resultantes de deforma\u00e7\u00e3o ou curvatura n\u00e3o est\u00e3o inclu\u00eddos nesta garantia.<\/strong><\/p>\n<p><strong>Caracter\u00edsticas principais:<\/strong><\/p>\n<ul>\n<li>Constru\u00eddo a partir de a\u00e7o mangan\u00eas de alta qualidade<\/li>\n<li>Design auto-lan\u00e7ante<\/li>\n<li>Aprova\u00e7\u00e3o de Tipo do Lloyd&#8217;s Register<\/li>\n<li>Garantia de por vida contra quebra<\/li>\n<li>Certifica\u00e7\u00e3o de Teste do Lloyd&#8217;s dispon\u00edvel<\/li>\n<\/ul>\n","protected":false},"excerpt":{"rendered":"<p>\u00c2ncora Toro em A\u00e7o Inoxid\u00e1vel 63kg &#8211; O \u00e2ncora Toro, constru\u00eddo a partir de a\u00e7o inoxid\u00e1vel AISI 316 de alta<\/p>\n","protected":false},"featured_media":5941612,"comment_status":"open","ping_status":"closed","template":"","meta":[],"product_brand":[3087],"product_cat":[2153],"product_tag":[],"class_list":{"0":"post-5501263","1":"product","2":"type-product","3":"status-publish","4":"has-post-thumbnail","6":"product_brand-maggigroup-pt","7":"product_cat-ancoras-delta","9":"first","10":"instock","11":"shipping-taxable","12":"purchasable","13":"product-type-simple"},"_links":{"self":[{"href":"https:\/\/stoic-curie.212-227-153-4.plesk.page\/pt\/wp-json\/wp\/v2\/product\/5501263","targetHints":{"allow":["GET"]}}],"collection":[{"href":"https:\/\/stoic-curie.212-227-153-4.plesk.page\/pt\/wp-json\/wp\/v2\/product"}],"about":[{"href":"https:\/\/stoic-curie.212-227-153-4.plesk.page\/pt\/wp-json\/wp\/v2\/types\/product"}],"replies":[{"embeddable":true,"href":"https:\/\/stoic-curie.212-227-153-4.plesk.page\/pt\/wp-json\/wp\/v2\/comments?post=5501263"}],"version-history":[{"count":0,"href":"https:\/\/stoic-curie.212-227-153-4.plesk.page\/pt\/wp-json\/wp\/v2\/product\/5501263\/revisions"}],"wp:featuredmedia":[{"embeddable":true,"href":"https:\/\/stoic-curie.212-227-153-4.plesk.page\/pt\/wp-json\/wp\/v2\/media\/5941612"}],"wp:attachment":[{"href":"https:\/\/stoic-curie.212-227-153-4.plesk.page\/pt\/wp-json\/wp\/v2\/media?parent=5501263"}],"wp:term":[{"taxonomy":"product_brand","embeddable":true,"href":"https:\/\/stoic-curie.212-227-153-4.plesk.page\/pt\/wp-json\/wp\/v2\/product_brand?post=5501263"},{"taxonomy":"product_cat","embeddable":true,"href":"https:\/\/stoic-curie.212-227-153-4.plesk.page\/pt\/wp-json\/wp\/v2\/product_cat?post=5501263"},{"taxonomy":"product_tag","embeddable":true,"href":"https:\/\/stoic-curie.212-227-153-4.plesk.page\/pt\/wp-json\/wp\/v2\/product_tag?post=5501263"}],"curies":[{"name":"wp","href":"https:\/\/api.w.org\/{rel}","templated":true}]}}