{"id":5501268,"date":"2026-01-27T06:23:58","date_gmt":"2026-01-27T05:23:58","guid":{"rendered":"https:\/\/stoic-curie.212-227-153-4.plesk.page\/product\/tira-t2-para-h45-2m\/"},"modified":"2026-02-25T00:28:08","modified_gmt":"2026-02-25T00:28:08","slug":"tira-t2-para-h45-2m","status":"publish","type":"product","link":"https:\/\/stoic-curie.212-227-153-4.plesk.page\/pt\/product\/tira-t2-para-h45-2m\/","title":{"rendered":"Tira T2 para H45 2m"},"content":{"rendered":"<p>Tira T2 para H45 2m &#8211; <\/p>\n<p>Estrutura e quadro de alum\u00ednio anodizado para escotilhas Vetus com lente de acr\u00edlico fum\u00ea de 12 mm de espessura. Equipado com dobradi\u00e7as do tipo friccional que permitem mant\u00ea-lo aberto em qualquer posi\u00e7\u00e3o at\u00e9 180\u00b0. Altura de conv\u00e9s: 50 mm. Certificado CE classe AII.<\/p>\n","protected":false},"excerpt":{"rendered":"<p>Tira T2 para H45 2m &#8211; Estrutura e quadro de alum\u00ednio anodizado para escotilhas Vetus com lente de acr\u00edlico fum\u00ea<\/p>\n","protected":false},"featured_media":5944489,"comment_status":"open","ping_status":"closed","template":"","meta":[],"product_brand":[3522],"product_cat":[1989],"product_tag":[],"class_list":{"0":"post-5501268","1":"product","2":"type-product","3":"status-publish","4":"has-post-thumbnail","6":"product_brand-vetus-pt","7":"product_cat-escotilhas","9":"first","10":"instock","11":"shipping-taxable","12":"purchasable","13":"product-type-simple"},"_links":{"self":[{"href":"https:\/\/stoic-curie.212-227-153-4.plesk.page\/pt\/wp-json\/wp\/v2\/product\/5501268","targetHints":{"allow":["GET"]}}],"collection":[{"href":"https:\/\/stoic-curie.212-227-153-4.plesk.page\/pt\/wp-json\/wp\/v2\/product"}],"about":[{"href":"https:\/\/stoic-curie.212-227-153-4.plesk.page\/pt\/wp-json\/wp\/v2\/types\/product"}],"replies":[{"embeddable":true,"href":"https:\/\/stoic-curie.212-227-153-4.plesk.page\/pt\/wp-json\/wp\/v2\/comments?post=5501268"}],"version-history":[{"count":0,"href":"https:\/\/stoic-curie.212-227-153-4.plesk.page\/pt\/wp-json\/wp\/v2\/product\/5501268\/revisions"}],"wp:featuredmedia":[{"embeddable":true,"href":"https:\/\/stoic-curie.212-227-153-4.plesk.page\/pt\/wp-json\/wp\/v2\/media\/5944489"}],"wp:attachment":[{"href":"https:\/\/stoic-curie.212-227-153-4.plesk.page\/pt\/wp-json\/wp\/v2\/media?parent=5501268"}],"wp:term":[{"taxonomy":"product_brand","embeddable":true,"href":"https:\/\/stoic-curie.212-227-153-4.plesk.page\/pt\/wp-json\/wp\/v2\/product_brand?post=5501268"},{"taxonomy":"product_cat","embeddable":true,"href":"https:\/\/stoic-curie.212-227-153-4.plesk.page\/pt\/wp-json\/wp\/v2\/product_cat?post=5501268"},{"taxonomy":"product_tag","embeddable":true,"href":"https:\/\/stoic-curie.212-227-153-4.plesk.page\/pt\/wp-json\/wp\/v2\/product_tag?post=5501268"}],"curies":[{"name":"wp","href":"https:\/\/api.w.org\/{rel}","templated":true}]}}