{"id":5501278,"date":"2026-01-27T06:24:12","date_gmt":"2026-01-27T05:24:12","guid":{"rendered":"https:\/\/stoic-curie.212-227-153-4.plesk.page\/product\/sapatos-nauticos-orca-bay-sandusky-cinza-tamanho-46\/"},"modified":"2026-02-25T00:28:15","modified_gmt":"2026-02-25T00:28:15","slug":"sapatos-nauticos-orca-bay-sandusky-cinza-tamanho-46","status":"publish","type":"product","link":"https:\/\/stoic-curie.212-227-153-4.plesk.page\/pt\/product\/sapatos-nauticos-orca-bay-sandusky-cinza-tamanho-46\/","title":{"rendered":"Sapatos N\u00e1uticos Orca Bay Sandusky Cinza (Tamanho: 46)"},"content":{"rendered":"<p>Sapatos N\u00e1uticos Orca Bay Sandusky Cinza (Tamanho: 46) &#8211; <\/p>\n<p>Sapatos mocassins de couro marinho lav\u00e1veis \u00e0 m\u00e1quina da Sandusky. Sola de borracha branca antiderrapante e que n\u00e3o deixa marcas. Cadar\u00e7os de couro cru, ilhoses \u00e0 prova de ferrugem e copo acolchoado de EVA para o calcanhar.<\/p>\n","protected":false},"excerpt":{"rendered":"<p>Sapatos N\u00e1uticos Orca Bay Sandusky Cinza (Tamanho: 46) &#8211; Sapatos mocassins de couro marinho lav\u00e1veis \u00e0 m\u00e1quina da Sandusky. Sola<\/p>\n","protected":false},"featured_media":5945656,"comment_status":"open","ping_status":"closed","template":"","meta":[],"product_brand":[3232],"product_cat":[2147],"product_tag":[],"class_list":{"0":"post-5501278","1":"product","2":"type-product","3":"status-publish","4":"has-post-thumbnail","6":"product_brand-orca-bay-pt","7":"product_cat-sapatos-de-vela","9":"first","10":"instock","11":"shipping-taxable","12":"purchasable","13":"product-type-simple"},"_links":{"self":[{"href":"https:\/\/stoic-curie.212-227-153-4.plesk.page\/pt\/wp-json\/wp\/v2\/product\/5501278","targetHints":{"allow":["GET"]}}],"collection":[{"href":"https:\/\/stoic-curie.212-227-153-4.plesk.page\/pt\/wp-json\/wp\/v2\/product"}],"about":[{"href":"https:\/\/stoic-curie.212-227-153-4.plesk.page\/pt\/wp-json\/wp\/v2\/types\/product"}],"replies":[{"embeddable":true,"href":"https:\/\/stoic-curie.212-227-153-4.plesk.page\/pt\/wp-json\/wp\/v2\/comments?post=5501278"}],"version-history":[{"count":0,"href":"https:\/\/stoic-curie.212-227-153-4.plesk.page\/pt\/wp-json\/wp\/v2\/product\/5501278\/revisions"}],"wp:featuredmedia":[{"embeddable":true,"href":"https:\/\/stoic-curie.212-227-153-4.plesk.page\/pt\/wp-json\/wp\/v2\/media\/5945656"}],"wp:attachment":[{"href":"https:\/\/stoic-curie.212-227-153-4.plesk.page\/pt\/wp-json\/wp\/v2\/media?parent=5501278"}],"wp:term":[{"taxonomy":"product_brand","embeddable":true,"href":"https:\/\/stoic-curie.212-227-153-4.plesk.page\/pt\/wp-json\/wp\/v2\/product_brand?post=5501278"},{"taxonomy":"product_cat","embeddable":true,"href":"https:\/\/stoic-curie.212-227-153-4.plesk.page\/pt\/wp-json\/wp\/v2\/product_cat?post=5501278"},{"taxonomy":"product_tag","embeddable":true,"href":"https:\/\/stoic-curie.212-227-153-4.plesk.page\/pt\/wp-json\/wp\/v2\/product_tag?post=5501278"}],"curies":[{"name":"wp","href":"https:\/\/api.w.org\/{rel}","templated":true}]}}