{"id":5501281,"date":"2026-01-27T06:24:18","date_gmt":"2026-01-27T05:24:18","guid":{"rendered":"https:\/\/stoic-curie.212-227-153-4.plesk.page\/product\/bateria-marinha-vetus-smf-170amp\/"},"modified":"2026-02-25T00:28:16","modified_gmt":"2026-02-25T00:28:16","slug":"bateria-marinha-vetus-smf-170amp","status":"publish","type":"product","link":"https:\/\/stoic-curie.212-227-153-4.plesk.page\/pt\/product\/bateria-marinha-vetus-smf-170amp\/","title":{"rendered":"Bateria Marinha Vetus SMF 170amp"},"content":{"rendered":"<p>Bateria Marinha Vetus SMF 170amp &#8211; <\/p>\n<p>As baterias Vetus SMF (Seladas Sem Manuten\u00e7\u00e3o) n\u00e3o requerem manuten\u00e7\u00e3o. Projetadas para uso marinho, possuem uma baixa auto-descarrega, sendo ideais para reiniciar o motor no in\u00edcio da pr\u00f3xima temporada. Constru\u00eddas com placas de chumbo-c\u00e1lcio que reduzem o uso de \u00e1gua e regeneram quaisquer gases formados durante o uso.<\/p>\n","protected":false},"excerpt":{"rendered":"<p>Bateria Marinha Vetus SMF 170amp &#8211; As baterias Vetus SMF (Seladas Sem Manuten\u00e7\u00e3o) n\u00e3o requerem manuten\u00e7\u00e3o. Projetadas para uso marinho,<\/p>\n","protected":false},"featured_media":5946030,"comment_status":"open","ping_status":"closed","template":"","meta":[],"product_brand":[3522],"product_cat":[2016],"product_tag":[],"class_list":{"0":"post-5501281","1":"product","2":"type-product","3":"status-publish","4":"has-post-thumbnail","6":"product_brand-vetus-pt","7":"product_cat-baterias-equipamento-eletrico","9":"first","10":"instock","11":"shipping-taxable","12":"purchasable","13":"product-type-simple"},"_links":{"self":[{"href":"https:\/\/stoic-curie.212-227-153-4.plesk.page\/pt\/wp-json\/wp\/v2\/product\/5501281","targetHints":{"allow":["GET"]}}],"collection":[{"href":"https:\/\/stoic-curie.212-227-153-4.plesk.page\/pt\/wp-json\/wp\/v2\/product"}],"about":[{"href":"https:\/\/stoic-curie.212-227-153-4.plesk.page\/pt\/wp-json\/wp\/v2\/types\/product"}],"replies":[{"embeddable":true,"href":"https:\/\/stoic-curie.212-227-153-4.plesk.page\/pt\/wp-json\/wp\/v2\/comments?post=5501281"}],"version-history":[{"count":0,"href":"https:\/\/stoic-curie.212-227-153-4.plesk.page\/pt\/wp-json\/wp\/v2\/product\/5501281\/revisions"}],"wp:featuredmedia":[{"embeddable":true,"href":"https:\/\/stoic-curie.212-227-153-4.plesk.page\/pt\/wp-json\/wp\/v2\/media\/5946030"}],"wp:attachment":[{"href":"https:\/\/stoic-curie.212-227-153-4.plesk.page\/pt\/wp-json\/wp\/v2\/media?parent=5501281"}],"wp:term":[{"taxonomy":"product_brand","embeddable":true,"href":"https:\/\/stoic-curie.212-227-153-4.plesk.page\/pt\/wp-json\/wp\/v2\/product_brand?post=5501281"},{"taxonomy":"product_cat","embeddable":true,"href":"https:\/\/stoic-curie.212-227-153-4.plesk.page\/pt\/wp-json\/wp\/v2\/product_cat?post=5501281"},{"taxonomy":"product_tag","embeddable":true,"href":"https:\/\/stoic-curie.212-227-153-4.plesk.page\/pt\/wp-json\/wp\/v2\/product_tag?post=5501281"}],"curies":[{"name":"wp","href":"https:\/\/api.w.org\/{rel}","templated":true}]}}