{"id":5501287,"date":"2026-01-27T06:24:28","date_gmt":"2026-01-27T05:24:28","guid":{"rendered":"https:\/\/stoic-curie.212-227-153-4.plesk.page\/product\/sapatos-orca-bay-belgravia-44\/"},"modified":"2026-02-25T00:28:20","modified_gmt":"2026-02-25T00:28:20","slug":"sapatos-orca-bay-belgravia-44","status":"publish","type":"product","link":"https:\/\/stoic-curie.212-227-153-4.plesk.page\/pt\/product\/sapatos-orca-bay-belgravia-44\/","title":{"rendered":"Sapatos Orca Bay Belgravia 44"},"content":{"rendered":"<p>Sapatos Orca Bay Belgravia 44 &#8211; <\/p>\n<p>Sneaker de couro Belgravia elegante, leve e confort\u00e1vel. Solado de borracha branca antiderrapante e que n\u00e3o deixa marcas. Cadar\u00e7os de tecido, ilh\u00f3s \u00e0 prova de ferrugem e calcanhar acolchoado de EVA.<\/p>\n","protected":false},"excerpt":{"rendered":"<p>Sapatos Orca Bay Belgravia 44 &#8211; Sneaker de couro Belgravia elegante, leve e confort\u00e1vel. Solado de borracha branca antiderrapante e<\/p>\n","protected":false},"featured_media":5946935,"comment_status":"open","ping_status":"closed","template":"","meta":[],"product_brand":[3232],"product_cat":[2147],"product_tag":[],"class_list":{"0":"post-5501287","1":"product","2":"type-product","3":"status-publish","4":"has-post-thumbnail","6":"product_brand-orca-bay-pt","7":"product_cat-sapatos-de-vela","9":"first","10":"instock","11":"shipping-taxable","12":"purchasable","13":"product-type-simple"},"_links":{"self":[{"href":"https:\/\/stoic-curie.212-227-153-4.plesk.page\/pt\/wp-json\/wp\/v2\/product\/5501287","targetHints":{"allow":["GET"]}}],"collection":[{"href":"https:\/\/stoic-curie.212-227-153-4.plesk.page\/pt\/wp-json\/wp\/v2\/product"}],"about":[{"href":"https:\/\/stoic-curie.212-227-153-4.plesk.page\/pt\/wp-json\/wp\/v2\/types\/product"}],"replies":[{"embeddable":true,"href":"https:\/\/stoic-curie.212-227-153-4.plesk.page\/pt\/wp-json\/wp\/v2\/comments?post=5501287"}],"version-history":[{"count":0,"href":"https:\/\/stoic-curie.212-227-153-4.plesk.page\/pt\/wp-json\/wp\/v2\/product\/5501287\/revisions"}],"wp:featuredmedia":[{"embeddable":true,"href":"https:\/\/stoic-curie.212-227-153-4.plesk.page\/pt\/wp-json\/wp\/v2\/media\/5946935"}],"wp:attachment":[{"href":"https:\/\/stoic-curie.212-227-153-4.plesk.page\/pt\/wp-json\/wp\/v2\/media?parent=5501287"}],"wp:term":[{"taxonomy":"product_brand","embeddable":true,"href":"https:\/\/stoic-curie.212-227-153-4.plesk.page\/pt\/wp-json\/wp\/v2\/product_brand?post=5501287"},{"taxonomy":"product_cat","embeddable":true,"href":"https:\/\/stoic-curie.212-227-153-4.plesk.page\/pt\/wp-json\/wp\/v2\/product_cat?post=5501287"},{"taxonomy":"product_tag","embeddable":true,"href":"https:\/\/stoic-curie.212-227-153-4.plesk.page\/pt\/wp-json\/wp\/v2\/product_tag?post=5501287"}],"curies":[{"name":"wp","href":"https:\/\/api.w.org\/{rel}","templated":true}]}}