{"id":5501301,"date":"2026-01-27T06:24:46","date_gmt":"2026-01-27T05:24:46","guid":{"rendered":"https:\/\/stoic-curie.212-227-153-4.plesk.page\/product\/diesel-filter-separ-2000-5\/"},"modified":"2026-02-25T00:28:30","modified_gmt":"2026-02-25T00:28:30","slug":"diesel-filter-separ-2000-5","status":"publish","type":"product","link":"https:\/\/stoic-curie.212-227-153-4.plesk.page\/pt\/product\/diesel-filter-separ-2000-5\/","title":{"rendered":"Diesel Filter Separ 2000\/5"},"content":{"rendered":"<p>Diesel Filter Separ 2000\/5 &#8211; <\/p>\n<p>O filtro separador de \u00e1gua diesel Separ 2000 possui um sistema multifuncional projetado para uma limpeza \u00f3tima do combust\u00edvel diesel, removendo eficazmente a \u00e1gua e outras impurezas. A s\u00e9rie de filtros marinhos Separ est\u00e1 equipada com um defletor de prote\u00e7\u00e3o contra inc\u00eandio, fun\u00e7\u00f5es de prote\u00e7\u00e3o e um sensor de \u00e1gua. Todos os copos s\u00e3o completamente transparentes, exceto pelo filtro 2000\/40, que vem com um copo de metal, eliminando assim a necessidade de um defletor.<\/p>\n","protected":false},"excerpt":{"rendered":"<p>Diesel Filter Separ 2000\/5 &#8211; O filtro separador de \u00e1gua diesel Separ 2000 possui um sistema multifuncional projetado para uma<\/p>\n","protected":false},"featured_media":5949235,"comment_status":"open","ping_status":"closed","template":"","meta":[],"product_brand":[3372],"product_cat":[2084],"product_tag":[],"class_list":{"0":"post-5501301","1":"product","2":"type-product","3":"status-publish","4":"has-post-thumbnail","6":"product_brand-separ-pt","7":"product_cat-filtros-separadaores-de-agua-e-combustivel","9":"first","10":"instock","11":"shipping-taxable","12":"purchasable","13":"product-type-simple"},"_links":{"self":[{"href":"https:\/\/stoic-curie.212-227-153-4.plesk.page\/pt\/wp-json\/wp\/v2\/product\/5501301","targetHints":{"allow":["GET"]}}],"collection":[{"href":"https:\/\/stoic-curie.212-227-153-4.plesk.page\/pt\/wp-json\/wp\/v2\/product"}],"about":[{"href":"https:\/\/stoic-curie.212-227-153-4.plesk.page\/pt\/wp-json\/wp\/v2\/types\/product"}],"replies":[{"embeddable":true,"href":"https:\/\/stoic-curie.212-227-153-4.plesk.page\/pt\/wp-json\/wp\/v2\/comments?post=5501301"}],"version-history":[{"count":0,"href":"https:\/\/stoic-curie.212-227-153-4.plesk.page\/pt\/wp-json\/wp\/v2\/product\/5501301\/revisions"}],"wp:featuredmedia":[{"embeddable":true,"href":"https:\/\/stoic-curie.212-227-153-4.plesk.page\/pt\/wp-json\/wp\/v2\/media\/5949235"}],"wp:attachment":[{"href":"https:\/\/stoic-curie.212-227-153-4.plesk.page\/pt\/wp-json\/wp\/v2\/media?parent=5501301"}],"wp:term":[{"taxonomy":"product_brand","embeddable":true,"href":"https:\/\/stoic-curie.212-227-153-4.plesk.page\/pt\/wp-json\/wp\/v2\/product_brand?post=5501301"},{"taxonomy":"product_cat","embeddable":true,"href":"https:\/\/stoic-curie.212-227-153-4.plesk.page\/pt\/wp-json\/wp\/v2\/product_cat?post=5501301"},{"taxonomy":"product_tag","embeddable":true,"href":"https:\/\/stoic-curie.212-227-153-4.plesk.page\/pt\/wp-json\/wp\/v2\/product_tag?post=5501301"}],"curies":[{"name":"wp","href":"https:\/\/api.w.org\/{rel}","templated":true}]}}