{"id":5501302,"date":"2026-01-27T06:24:47","date_gmt":"2026-01-27T05:24:47","guid":{"rendered":"https:\/\/stoic-curie.212-227-153-4.plesk.page\/product\/vaso-sanitario-eletrico-silencioso-ultra-slim-ocean-v12\/"},"modified":"2026-02-25T00:28:30","modified_gmt":"2026-02-25T00:28:30","slug":"vaso-sanitario-eletrico-silencioso-ultra-slim-ocean-v12","status":"publish","type":"product","link":"https:\/\/stoic-curie.212-227-153-4.plesk.page\/pt\/product\/vaso-sanitario-eletrico-silencioso-ultra-slim-ocean-v12\/","title":{"rendered":"Vaso Sanit\u00e1rio El\u00e9trico Silencioso Ultra Slim Ocean V12"},"content":{"rendered":"<p>Vaso Sanit\u00e1rio El\u00e9trico Silencioso Ultra Slim Ocean V12 &#8211; <\/p>\n<p>Vaso sanit\u00e1rio el\u00e9trico silencioso Ultra Slim com descarga a v\u00e1cuo<br \/>\u2022 descarga hidrov\u00e1cuo ultra-silenciosa<br \/>\u2022 Base curta com parte traseira inclinada para instala\u00e7\u00e3o em espa\u00e7os apertados contra o casco<br \/>\u2022 Assento confort\u00e1vel compar\u00e1vel a um vaso sanit\u00e1rio dom\u00e9stico<br \/>\u2022 Controle autom\u00e1tico de carga\/descarga de \u00e1gua com consumo m\u00ednimo<br \/>\u2022 Fornecido com painel de controle padr\u00e3o<br \/>\u2022 Assento em termofixos com mecanismo de fechamento suave<br \/>\u2022 Descarga de macerador at\u00e9 5 metros de diferen\u00e7a de altura<br \/>\u2022 Pode ser instalado acima ou abaixo da linha d&#8217;\u00e1gua<br \/>Deve ser completado com uma bomba de entrada de \u00e1gua.<br \/>Para v\u00e1rios vasos sanit\u00e1rios instalados em s\u00e9rie, use uma bomba de entrada de \u00e1gua para todos e uma v\u00e1lvula solen\u00f3ide por vaso sanit\u00e1rio.<br \/>Entrada 19 mm (3\/4&#8243;), sa\u00edda 25\/38 mm (1&#8243;\u20131 1\/2&#8243;), consumo 25A (12V).<\/p>\n","protected":false},"excerpt":{"rendered":"<p>Vaso Sanit\u00e1rio El\u00e9trico Silencioso Ultra Slim Ocean V12 &#8211; Vaso sanit\u00e1rio el\u00e9trico silencioso Ultra Slim com descarga a v\u00e1cuo\u2022 descarga<\/p>\n","protected":false},"featured_media":5949236,"comment_status":"open","ping_status":"closed","template":"","meta":[],"product_brand":[3142],"product_cat":[1962],"product_tag":[],"class_list":{"0":"post-5501302","1":"product","2":"type-product","3":"status-publish","4":"has-post-thumbnail","6":"product_brand-matromarine-pt","7":"product_cat-sanitarios-e-casas-de-banho","9":"first","10":"instock","11":"shipping-taxable","12":"purchasable","13":"product-type-simple"},"_links":{"self":[{"href":"https:\/\/stoic-curie.212-227-153-4.plesk.page\/pt\/wp-json\/wp\/v2\/product\/5501302","targetHints":{"allow":["GET"]}}],"collection":[{"href":"https:\/\/stoic-curie.212-227-153-4.plesk.page\/pt\/wp-json\/wp\/v2\/product"}],"about":[{"href":"https:\/\/stoic-curie.212-227-153-4.plesk.page\/pt\/wp-json\/wp\/v2\/types\/product"}],"replies":[{"embeddable":true,"href":"https:\/\/stoic-curie.212-227-153-4.plesk.page\/pt\/wp-json\/wp\/v2\/comments?post=5501302"}],"version-history":[{"count":0,"href":"https:\/\/stoic-curie.212-227-153-4.plesk.page\/pt\/wp-json\/wp\/v2\/product\/5501302\/revisions"}],"wp:featuredmedia":[{"embeddable":true,"href":"https:\/\/stoic-curie.212-227-153-4.plesk.page\/pt\/wp-json\/wp\/v2\/media\/5949236"}],"wp:attachment":[{"href":"https:\/\/stoic-curie.212-227-153-4.plesk.page\/pt\/wp-json\/wp\/v2\/media?parent=5501302"}],"wp:term":[{"taxonomy":"product_brand","embeddable":true,"href":"https:\/\/stoic-curie.212-227-153-4.plesk.page\/pt\/wp-json\/wp\/v2\/product_brand?post=5501302"},{"taxonomy":"product_cat","embeddable":true,"href":"https:\/\/stoic-curie.212-227-153-4.plesk.page\/pt\/wp-json\/wp\/v2\/product_cat?post=5501302"},{"taxonomy":"product_tag","embeddable":true,"href":"https:\/\/stoic-curie.212-227-153-4.plesk.page\/pt\/wp-json\/wp\/v2\/product_tag?post=5501302"}],"curies":[{"name":"wp","href":"https:\/\/api.w.org\/{rel}","templated":true}]}}