{"id":5501305,"date":"2026-01-27T06:24:50","date_gmt":"2026-01-27T05:24:50","guid":{"rendered":"https:\/\/stoic-curie.212-227-153-4.plesk.page\/product\/cadeia-calibrada-galvanizada-din766-g40-6mm-x-75mt\/"},"modified":"2026-02-25T00:28:30","modified_gmt":"2026-02-25T00:28:30","slug":"cadeia-calibrada-galvanizada-din766-g40-6mm-x-75mt","status":"publish","type":"product","link":"https:\/\/stoic-curie.212-227-153-4.plesk.page\/pt\/product\/cadeia-calibrada-galvanizada-din766-g40-6mm-x-75mt\/","title":{"rendered":"Cadeia Calibrada Galvanizada DIN766 G40 6mm x 75mt"},"content":{"rendered":"<p>Cadeia Calibrada Galvanizada DIN766 G40 6mm x 75mt &#8211; Esta cadeia calibrada de a\u00e7o galvanizado DIN766 G40 oferece alta resist\u00eancia e durabilidade para v\u00e1rias aplica\u00e7\u00f5es. Ideal para levantar e garantir, suas propriedades resistentes \u00e0 corros\u00e3o asseguram longa dura\u00e7\u00e3o em ambientes desafiadores.<\/p>\n","protected":false},"excerpt":{"rendered":"<p>Cadeia Calibrada Galvanizada DIN766 G40 6mm x 75mt &#8211; Esta cadeia calibrada de a\u00e7o galvanizado DIN766 G40 oferece alta resist\u00eancia<\/p>\n","protected":false},"featured_media":5949240,"comment_status":"open","ping_status":"closed","template":"","meta":[],"product_brand":[3087],"product_cat":[1972,1906],"product_tag":[],"class_list":{"0":"post-5501305","1":"product","2":"type-product","3":"status-publish","4":"has-post-thumbnail","6":"product_brand-maggigroup-pt","7":"product_cat-corrente-galvanizada","8":"product_cat-corrente-galvanizada-calibrada","10":"first","11":"instock","12":"shipping-taxable","13":"purchasable","14":"product-type-simple"},"_links":{"self":[{"href":"https:\/\/stoic-curie.212-227-153-4.plesk.page\/pt\/wp-json\/wp\/v2\/product\/5501305","targetHints":{"allow":["GET"]}}],"collection":[{"href":"https:\/\/stoic-curie.212-227-153-4.plesk.page\/pt\/wp-json\/wp\/v2\/product"}],"about":[{"href":"https:\/\/stoic-curie.212-227-153-4.plesk.page\/pt\/wp-json\/wp\/v2\/types\/product"}],"replies":[{"embeddable":true,"href":"https:\/\/stoic-curie.212-227-153-4.plesk.page\/pt\/wp-json\/wp\/v2\/comments?post=5501305"}],"version-history":[{"count":0,"href":"https:\/\/stoic-curie.212-227-153-4.plesk.page\/pt\/wp-json\/wp\/v2\/product\/5501305\/revisions"}],"wp:featuredmedia":[{"embeddable":true,"href":"https:\/\/stoic-curie.212-227-153-4.plesk.page\/pt\/wp-json\/wp\/v2\/media\/5949240"}],"wp:attachment":[{"href":"https:\/\/stoic-curie.212-227-153-4.plesk.page\/pt\/wp-json\/wp\/v2\/media?parent=5501305"}],"wp:term":[{"taxonomy":"product_brand","embeddable":true,"href":"https:\/\/stoic-curie.212-227-153-4.plesk.page\/pt\/wp-json\/wp\/v2\/product_brand?post=5501305"},{"taxonomy":"product_cat","embeddable":true,"href":"https:\/\/stoic-curie.212-227-153-4.plesk.page\/pt\/wp-json\/wp\/v2\/product_cat?post=5501305"},{"taxonomy":"product_tag","embeddable":true,"href":"https:\/\/stoic-curie.212-227-153-4.plesk.page\/pt\/wp-json\/wp\/v2\/product_tag?post=5501305"}],"curies":[{"name":"wp","href":"https:\/\/api.w.org\/{rel}","templated":true}]}}