{"id":5501331,"date":"2026-01-27T06:25:12","date_gmt":"2026-01-27T05:25:12","guid":{"rendered":"https:\/\/stoic-curie.212-227-153-4.plesk.page\/product\/cadeia-calibrada-de-aco-inoxidavel-din766-g40-10mm-x-15mt\/"},"modified":"2026-02-25T00:28:30","modified_gmt":"2026-02-25T00:28:30","slug":"cadeia-calibrada-de-aco-inoxidavel-din766-g40-10mm-x-15mt","status":"publish","type":"product","link":"https:\/\/stoic-curie.212-227-153-4.plesk.page\/pt\/product\/cadeia-calibrada-de-aco-inoxidavel-din766-g40-10mm-x-15mt\/","title":{"rendered":"Cadeia Calibrada de A\u00e7o Inoxid\u00e1vel DIN766 G40 10mm x 15mt"},"content":{"rendered":"<p>Cadeia Calibrada de A\u00e7o Inoxid\u00e1vel DIN766 G40 10mm x 15mt &#8211; A cadeia calibrada de a\u00e7o inoxid\u00e1vel DIN766 G40 \u00e9 projetada para durabilidade e resist\u00eancia, tornando-a ideal para v\u00e1rias aplica\u00e7\u00f5es. Esta cadeia de alta qualidade oferece excelente resist\u00eancia \u00e0 corros\u00e3o e ao desgaste, garantindo um desempenho duradouro.<\/p>\n","protected":false},"excerpt":{"rendered":"<p>Cadeia Calibrada de A\u00e7o Inoxid\u00e1vel DIN766 G40 10mm x 15mt &#8211; A cadeia calibrada de a\u00e7o inoxid\u00e1vel DIN766 G40 \u00e9<\/p>\n","protected":false},"featured_media":5949245,"comment_status":"open","ping_status":"closed","template":"","meta":[],"product_brand":[3087],"product_cat":[1979,1907],"product_tag":[],"class_list":{"0":"post-5501331","1":"product","2":"type-product","3":"status-publish","4":"has-post-thumbnail","6":"product_brand-maggigroup-pt","7":"product_cat-corrente-em-aco-inoxidavel","8":"product_cat-corrente-em-aco-inoxidavel-calibrada","10":"first","11":"instock","12":"shipping-taxable","13":"purchasable","14":"product-type-simple"},"_links":{"self":[{"href":"https:\/\/stoic-curie.212-227-153-4.plesk.page\/pt\/wp-json\/wp\/v2\/product\/5501331","targetHints":{"allow":["GET"]}}],"collection":[{"href":"https:\/\/stoic-curie.212-227-153-4.plesk.page\/pt\/wp-json\/wp\/v2\/product"}],"about":[{"href":"https:\/\/stoic-curie.212-227-153-4.plesk.page\/pt\/wp-json\/wp\/v2\/types\/product"}],"replies":[{"embeddable":true,"href":"https:\/\/stoic-curie.212-227-153-4.plesk.page\/pt\/wp-json\/wp\/v2\/comments?post=5501331"}],"version-history":[{"count":0,"href":"https:\/\/stoic-curie.212-227-153-4.plesk.page\/pt\/wp-json\/wp\/v2\/product\/5501331\/revisions"}],"wp:featuredmedia":[{"embeddable":true,"href":"https:\/\/stoic-curie.212-227-153-4.plesk.page\/pt\/wp-json\/wp\/v2\/media\/5949245"}],"wp:attachment":[{"href":"https:\/\/stoic-curie.212-227-153-4.plesk.page\/pt\/wp-json\/wp\/v2\/media?parent=5501331"}],"wp:term":[{"taxonomy":"product_brand","embeddable":true,"href":"https:\/\/stoic-curie.212-227-153-4.plesk.page\/pt\/wp-json\/wp\/v2\/product_brand?post=5501331"},{"taxonomy":"product_cat","embeddable":true,"href":"https:\/\/stoic-curie.212-227-153-4.plesk.page\/pt\/wp-json\/wp\/v2\/product_cat?post=5501331"},{"taxonomy":"product_tag","embeddable":true,"href":"https:\/\/stoic-curie.212-227-153-4.plesk.page\/pt\/wp-json\/wp\/v2\/product_tag?post=5501331"}],"curies":[{"name":"wp","href":"https:\/\/api.w.org\/{rel}","templated":true}]}}