{"id":5501334,"date":"2026-01-27T06:25:15","date_gmt":"2026-01-27T05:25:15","guid":{"rendered":"https:\/\/stoic-curie.212-227-153-4.plesk.page\/product\/cadeia-de-aco-inoxidavel-6mm-x-30mt\/"},"modified":"2026-02-25T00:28:30","modified_gmt":"2026-02-25T00:28:30","slug":"cadeia-de-aco-inoxidavel-6mm-x-30mt","status":"publish","type":"product","link":"https:\/\/stoic-curie.212-227-153-4.plesk.page\/pt\/product\/cadeia-de-aco-inoxidavel-6mm-x-30mt\/","title":{"rendered":"Cadeia de A\u00e7o Inoxid\u00e1vel 6mm x 30mt"},"content":{"rendered":"<p>Cadeia de A\u00e7o Inoxid\u00e1vel 6mm x 30mt &#8211; <\/p>\n<p>Cadeia de elos longos feita de a\u00e7o inoxid\u00e1vel AISI 316, dispon\u00edvel em carret\u00e9is de 25, 30 ou 50 metros.<\/p>\n","protected":false},"excerpt":{"rendered":"<p>Cadeia de A\u00e7o Inoxid\u00e1vel 6mm x 30mt &#8211; Cadeia de elos longos feita de a\u00e7o inoxid\u00e1vel AISI 316, dispon\u00edvel em<\/p>\n","protected":false},"featured_media":5943058,"comment_status":"open","ping_status":"closed","template":"","meta":[],"product_brand":[3087],"product_cat":[1979],"product_tag":[],"class_list":{"0":"post-5501334","1":"product","2":"type-product","3":"status-publish","4":"has-post-thumbnail","6":"product_brand-maggigroup-pt","7":"product_cat-corrente-em-aco-inoxidavel","9":"first","10":"instock","11":"shipping-taxable","12":"purchasable","13":"product-type-simple"},"_links":{"self":[{"href":"https:\/\/stoic-curie.212-227-153-4.plesk.page\/pt\/wp-json\/wp\/v2\/product\/5501334","targetHints":{"allow":["GET"]}}],"collection":[{"href":"https:\/\/stoic-curie.212-227-153-4.plesk.page\/pt\/wp-json\/wp\/v2\/product"}],"about":[{"href":"https:\/\/stoic-curie.212-227-153-4.plesk.page\/pt\/wp-json\/wp\/v2\/types\/product"}],"replies":[{"embeddable":true,"href":"https:\/\/stoic-curie.212-227-153-4.plesk.page\/pt\/wp-json\/wp\/v2\/comments?post=5501334"}],"version-history":[{"count":0,"href":"https:\/\/stoic-curie.212-227-153-4.plesk.page\/pt\/wp-json\/wp\/v2\/product\/5501334\/revisions"}],"wp:featuredmedia":[{"embeddable":true,"href":"https:\/\/stoic-curie.212-227-153-4.plesk.page\/pt\/wp-json\/wp\/v2\/media\/5943058"}],"wp:attachment":[{"href":"https:\/\/stoic-curie.212-227-153-4.plesk.page\/pt\/wp-json\/wp\/v2\/media?parent=5501334"}],"wp:term":[{"taxonomy":"product_brand","embeddable":true,"href":"https:\/\/stoic-curie.212-227-153-4.plesk.page\/pt\/wp-json\/wp\/v2\/product_brand?post=5501334"},{"taxonomy":"product_cat","embeddable":true,"href":"https:\/\/stoic-curie.212-227-153-4.plesk.page\/pt\/wp-json\/wp\/v2\/product_cat?post=5501334"},{"taxonomy":"product_tag","embeddable":true,"href":"https:\/\/stoic-curie.212-227-153-4.plesk.page\/pt\/wp-json\/wp\/v2\/product_tag?post=5501334"}],"curies":[{"name":"wp","href":"https:\/\/api.w.org\/{rel}","templated":true}]}}