{"id":5501342,"date":"2026-01-27T06:25:21","date_gmt":"2026-01-27T05:25:21","guid":{"rendered":"https:\/\/stoic-curie.212-227-153-4.plesk.page\/product\/corda-trancada-lapo-para-ancoragem-12mm-x-200mt\/"},"modified":"2026-02-25T00:28:30","modified_gmt":"2026-02-25T00:28:30","slug":"corda-trancada-lapo-para-ancoragem-12mm-x-200mt","status":"publish","type":"product","link":"https:\/\/stoic-curie.212-227-153-4.plesk.page\/pt\/product\/corda-trancada-lapo-para-ancoragem-12mm-x-200mt\/","title":{"rendered":"Corda Tran\u00e7ada Lapo para Ancoragem 12mm x 200mt"},"content":{"rendered":"<p>Corda Tran\u00e7ada Lapo para Ancoragem 12mm x 200mt &#8211; <\/p>\n<p>Linha econ\u00f4mica de poli\u00e9ster tran\u00e7ada em 16 fios, codificada por cores, multiprop\u00f3sito para ancoragem e atraca\u00e7\u00e3o. N\u00e3o flutuante.<\/p>\n","protected":false},"excerpt":{"rendered":"<p>Corda Tran\u00e7ada Lapo para Ancoragem 12mm x 200mt &#8211; Linha econ\u00f4mica de poli\u00e9ster tran\u00e7ada em 16 fios, codificada por cores,<\/p>\n","protected":false},"featured_media":5937580,"comment_status":"open","ping_status":"closed","template":"","meta":[],"product_brand":[3102],"product_cat":[2149],"product_tag":[],"class_list":{"0":"post-5501342","1":"product","2":"type-product","3":"status-publish","4":"has-post-thumbnail","6":"product_brand-marco-benvenuti-pt","7":"product_cat-cabos-de-fundear","9":"first","10":"instock","11":"shipping-taxable","12":"purchasable","13":"product-type-simple"},"_links":{"self":[{"href":"https:\/\/stoic-curie.212-227-153-4.plesk.page\/pt\/wp-json\/wp\/v2\/product\/5501342","targetHints":{"allow":["GET"]}}],"collection":[{"href":"https:\/\/stoic-curie.212-227-153-4.plesk.page\/pt\/wp-json\/wp\/v2\/product"}],"about":[{"href":"https:\/\/stoic-curie.212-227-153-4.plesk.page\/pt\/wp-json\/wp\/v2\/types\/product"}],"replies":[{"embeddable":true,"href":"https:\/\/stoic-curie.212-227-153-4.plesk.page\/pt\/wp-json\/wp\/v2\/comments?post=5501342"}],"version-history":[{"count":0,"href":"https:\/\/stoic-curie.212-227-153-4.plesk.page\/pt\/wp-json\/wp\/v2\/product\/5501342\/revisions"}],"wp:featuredmedia":[{"embeddable":true,"href":"https:\/\/stoic-curie.212-227-153-4.plesk.page\/pt\/wp-json\/wp\/v2\/media\/5937580"}],"wp:attachment":[{"href":"https:\/\/stoic-curie.212-227-153-4.plesk.page\/pt\/wp-json\/wp\/v2\/media?parent=5501342"}],"wp:term":[{"taxonomy":"product_brand","embeddable":true,"href":"https:\/\/stoic-curie.212-227-153-4.plesk.page\/pt\/wp-json\/wp\/v2\/product_brand?post=5501342"},{"taxonomy":"product_cat","embeddable":true,"href":"https:\/\/stoic-curie.212-227-153-4.plesk.page\/pt\/wp-json\/wp\/v2\/product_cat?post=5501342"},{"taxonomy":"product_tag","embeddable":true,"href":"https:\/\/stoic-curie.212-227-153-4.plesk.page\/pt\/wp-json\/wp\/v2\/product_tag?post=5501342"}],"curies":[{"name":"wp","href":"https:\/\/api.w.org\/{rel}","templated":true}]}}