{"id":5501344,"date":"2026-01-27T06:25:23","date_gmt":"2026-01-27T05:25:23","guid":{"rendered":"https:\/\/stoic-curie.212-227-153-4.plesk.page\/product\/vitrifrigo-im-vf28-bright-plus\/"},"modified":"2026-02-25T00:28:32","modified_gmt":"2026-02-25T00:28:32","slug":"vitrifrigo-im-vf28-bright-plus","status":"publish","type":"product","link":"https:\/\/stoic-curie.212-227-153-4.plesk.page\/pt\/product\/vitrifrigo-im-vf28-bright-plus\/","title":{"rendered":"Vitrifrigo IM VF28 Bright Plus"},"content":{"rendered":"<p>Vitrifrigo IM VF28 Bright Plus &#8211; <\/p>\n<p>A m\u00e1quina de gelo profissional em a\u00e7o inoxid\u00e1vel \u00e9 projetada para garantir durabilidade e resist\u00eancia, mesmo em ambientes marinhos. Produz gelo cristalino, compacto e de alta qualidade. Equipado com uma unidade de refrigera\u00e7\u00e3o interna, sistema de condensa\u00e7\u00e3o de ar ou \u00e1gua e um ciclo autom\u00e1tico de desinfec\u00e7\u00e3o, garante desempenho consistente e higiene ideal. Com uma alimenta\u00e7\u00e3o el\u00e9trica de 220\u2013240V, \u00e9 f\u00e1cil e personaliz\u00e1vel de usar, gra\u00e7as aos controles de toque, ajuste de peso do cubo de gelo e programa\u00e7\u00e3o da produ\u00e7\u00e3o. O modelo VF28 BRIGHT apresenta an\u00e1lise preditiva de falhas, monitoramento de desempenho, relat\u00f3rio HACCP e conex\u00e3o USB para atualiza\u00e7\u00f5es de software e download de dados. A vers\u00e3o BRIGHT PLUS adiciona conectividade em nuvem IoT e diagn\u00f3sticos avan\u00e7ados para controle inteligente e gest\u00e3o de sistema ainda mais eficiente.<\/p>\n","protected":false},"excerpt":{"rendered":"<p>Vitrifrigo IM VF28 Bright Plus &#8211; A m\u00e1quina de gelo profissional em a\u00e7o inoxid\u00e1vel \u00e9 projetada para garantir durabilidade e<\/p>\n","protected":false},"featured_media":5949277,"comment_status":"open","ping_status":"closed","template":"","meta":[],"product_brand":[3527],"product_cat":[2038],"product_tag":[],"class_list":{"0":"post-5501344","1":"product","2":"type-product","3":"status-publish","4":"has-post-thumbnail","6":"product_brand-vitrifrigo-pt","7":"product_cat-frigorificos-e-congeladores","9":"first","10":"instock","11":"shipping-taxable","12":"purchasable","13":"product-type-simple"},"_links":{"self":[{"href":"https:\/\/stoic-curie.212-227-153-4.plesk.page\/pt\/wp-json\/wp\/v2\/product\/5501344","targetHints":{"allow":["GET"]}}],"collection":[{"href":"https:\/\/stoic-curie.212-227-153-4.plesk.page\/pt\/wp-json\/wp\/v2\/product"}],"about":[{"href":"https:\/\/stoic-curie.212-227-153-4.plesk.page\/pt\/wp-json\/wp\/v2\/types\/product"}],"replies":[{"embeddable":true,"href":"https:\/\/stoic-curie.212-227-153-4.plesk.page\/pt\/wp-json\/wp\/v2\/comments?post=5501344"}],"version-history":[{"count":0,"href":"https:\/\/stoic-curie.212-227-153-4.plesk.page\/pt\/wp-json\/wp\/v2\/product\/5501344\/revisions"}],"wp:featuredmedia":[{"embeddable":true,"href":"https:\/\/stoic-curie.212-227-153-4.plesk.page\/pt\/wp-json\/wp\/v2\/media\/5949277"}],"wp:attachment":[{"href":"https:\/\/stoic-curie.212-227-153-4.plesk.page\/pt\/wp-json\/wp\/v2\/media?parent=5501344"}],"wp:term":[{"taxonomy":"product_brand","embeddable":true,"href":"https:\/\/stoic-curie.212-227-153-4.plesk.page\/pt\/wp-json\/wp\/v2\/product_brand?post=5501344"},{"taxonomy":"product_cat","embeddable":true,"href":"https:\/\/stoic-curie.212-227-153-4.plesk.page\/pt\/wp-json\/wp\/v2\/product_cat?post=5501344"},{"taxonomy":"product_tag","embeddable":true,"href":"https:\/\/stoic-curie.212-227-153-4.plesk.page\/pt\/wp-json\/wp\/v2\/product_tag?post=5501344"}],"curies":[{"name":"wp","href":"https:\/\/api.w.org\/{rel}","templated":true}]}}