{"id":5501347,"date":"2026-01-27T06:25:25","date_gmt":"2026-01-27T05:25:25","guid":{"rendered":"https:\/\/stoic-curie.212-227-153-4.plesk.page\/product\/garmin-echomap-uhd2-72sv-2\/"},"modified":"2026-02-25T00:28:40","modified_gmt":"2026-02-25T00:28:40","slug":"garmin-echomap-uhd2-72sv-2","status":"publish","type":"product","link":"https:\/\/stoic-curie.212-227-153-4.plesk.page\/pt\/product\/garmin-echomap-uhd2-72sv-2\/","title":{"rendered":"Garmin echomap uhd2 72sv"},"content":{"rendered":"<p>Garmin echomap uhd2 72sv &#8211; <\/p>\n<p>O Garmin echoMAP UHD2 72SV \u00e9 um plotter de cartas e sonar com uma tela sens\u00edvel ao toque de 7&#8243; com resolu\u00e7\u00e3o de 800&#215;480 pixels. Inclui teclas de acesso r\u00e1pido e um receptor GPS interno. O dispositivo oferece um CHIRP integrado de 500W, ClearVu, SideVu e um m\u00f3dulo UHD. \u00c9 compat\u00edvel com todas as cartografias Garmin BlueChart e Garmin Navionics+, e tamb\u00e9m possui conectividade sem fio integrada, juntamente com compatibilidade com NMEA0183\/2000 e Fusion-Link. Este modelo se integra perfeitamente a todos os sistemas a bordo e inclui todos os recursos essenciais da Garmin, como Auto Guidance, Active Captain, Sail Assist e Quickdraw Contours. Vem completo com um suporte ajust\u00e1vel, prote\u00e7\u00e3o de tela e cabo de alimenta\u00e7\u00e3o\/dados. Compat\u00edvel com todos os transdutores tradicionais, All-in-One e UHD atrav\u00e9s de uma conex\u00e3o de 12 pinos, tamb\u00e9m inclui um cabo adaptador para converter um transdutor de 8 pinos em uma conex\u00e3o de 12 pinos. TD = Transdutor<\/p>\n","protected":false},"excerpt":{"rendered":"<p>Garmin echomap uhd2 72sv &#8211; O Garmin echoMAP UHD2 72SV \u00e9 um plotter de cartas e sonar com uma tela<\/p>\n","protected":false},"featured_media":5949329,"comment_status":"open","ping_status":"closed","template":"","meta":[],"product_brand":[2972],"product_cat":[2031],"product_tag":[],"class_list":{"0":"post-5501347","1":"product","2":"type-product","3":"status-publish","4":"has-post-thumbnail","6":"product_brand-garmin-pt","7":"product_cat-equipamento-eletronico","9":"first","10":"instock","11":"shipping-taxable","12":"purchasable","13":"product-type-simple"},"_links":{"self":[{"href":"https:\/\/stoic-curie.212-227-153-4.plesk.page\/pt\/wp-json\/wp\/v2\/product\/5501347","targetHints":{"allow":["GET"]}}],"collection":[{"href":"https:\/\/stoic-curie.212-227-153-4.plesk.page\/pt\/wp-json\/wp\/v2\/product"}],"about":[{"href":"https:\/\/stoic-curie.212-227-153-4.plesk.page\/pt\/wp-json\/wp\/v2\/types\/product"}],"replies":[{"embeddable":true,"href":"https:\/\/stoic-curie.212-227-153-4.plesk.page\/pt\/wp-json\/wp\/v2\/comments?post=5501347"}],"version-history":[{"count":0,"href":"https:\/\/stoic-curie.212-227-153-4.plesk.page\/pt\/wp-json\/wp\/v2\/product\/5501347\/revisions"}],"wp:featuredmedia":[{"embeddable":true,"href":"https:\/\/stoic-curie.212-227-153-4.plesk.page\/pt\/wp-json\/wp\/v2\/media\/5949329"}],"wp:attachment":[{"href":"https:\/\/stoic-curie.212-227-153-4.plesk.page\/pt\/wp-json\/wp\/v2\/media?parent=5501347"}],"wp:term":[{"taxonomy":"product_brand","embeddable":true,"href":"https:\/\/stoic-curie.212-227-153-4.plesk.page\/pt\/wp-json\/wp\/v2\/product_brand?post=5501347"},{"taxonomy":"product_cat","embeddable":true,"href":"https:\/\/stoic-curie.212-227-153-4.plesk.page\/pt\/wp-json\/wp\/v2\/product_cat?post=5501347"},{"taxonomy":"product_tag","embeddable":true,"href":"https:\/\/stoic-curie.212-227-153-4.plesk.page\/pt\/wp-json\/wp\/v2\/product_tag?post=5501347"}],"curies":[{"name":"wp","href":"https:\/\/api.w.org\/{rel}","templated":true}]}}