{"id":5501348,"date":"2026-01-27T06:25:27","date_gmt":"2026-01-27T05:25:27","guid":{"rendered":"https:\/\/stoic-curie.212-227-153-4.plesk.page\/product\/garmin-echomap-uhd2-92sv\/"},"modified":"2026-02-25T00:28:40","modified_gmt":"2026-02-25T00:28:40","slug":"garmin-echomap-uhd2-92sv","status":"publish","type":"product","link":"https:\/\/stoic-curie.212-227-153-4.plesk.page\/pt\/product\/garmin-echomap-uhd2-92sv\/","title":{"rendered":"Garmin echoMAP UHD2 92SV"},"content":{"rendered":"<p>Garmin echoMAP UHD2 92SV &#8211; <\/p>\n<p>Descubra o plotter\/sensor de peixes Garmin echoMAP UHD2 92SV, com uma tela sens\u00edvel ao toque de 9&#8243; e resolu\u00e7\u00e3o de 800&#215;480 pixels, teclas de acesso r\u00e1pido e receptor GPS interno. Este dispositivo apresenta uma potente tecnologia CHIRP integrada de 500W, juntamente com ClearVu, SideVu e m\u00f3dulo UHD. Integra-se perfeitamente com toda a cartografia Garmin BlueChart e Garmin Navionics+, oferecendo conectividade sem fios integrada e suportando sistemas NMEA0183\/2000 e Fusion-Link. Projetado para se integrar completamente com todos os sistemas a bordo, vem equipado com fun\u00e7\u00f5es essenciais da Garmin, como Auto Guidance, Active Captain, Sail Assist e Quickdraw Contours. O pacote inclui um suporte ajust\u00e1vel, uma capa de tela e um cabo de alimenta\u00e7\u00e3o\/dados. \u00c9 compat\u00edvel com todos os transdutores tradicionais, All-in-One, Panoptix e UHD com conex\u00e3o de 12 pinos. Para modelos sem transdutor, \u00e9 fornecido um cabo adaptador de transdutor de 8 pinos para 12 pinos eco. TD = Transdutor<\/p>\n","protected":false},"excerpt":{"rendered":"<p>Garmin echoMAP UHD2 92SV &#8211; Descubra o plotter\/sensor de peixes Garmin echoMAP UHD2 92SV, com uma tela sens\u00edvel ao toque<\/p>\n","protected":false},"featured_media":5949335,"comment_status":"open","ping_status":"closed","template":"","meta":[],"product_brand":[2972],"product_cat":[2031],"product_tag":[],"class_list":{"0":"post-5501348","1":"product","2":"type-product","3":"status-publish","4":"has-post-thumbnail","6":"product_brand-garmin-pt","7":"product_cat-equipamento-eletronico","9":"first","10":"instock","11":"shipping-taxable","12":"purchasable","13":"product-type-simple"},"_links":{"self":[{"href":"https:\/\/stoic-curie.212-227-153-4.plesk.page\/pt\/wp-json\/wp\/v2\/product\/5501348","targetHints":{"allow":["GET"]}}],"collection":[{"href":"https:\/\/stoic-curie.212-227-153-4.plesk.page\/pt\/wp-json\/wp\/v2\/product"}],"about":[{"href":"https:\/\/stoic-curie.212-227-153-4.plesk.page\/pt\/wp-json\/wp\/v2\/types\/product"}],"replies":[{"embeddable":true,"href":"https:\/\/stoic-curie.212-227-153-4.plesk.page\/pt\/wp-json\/wp\/v2\/comments?post=5501348"}],"version-history":[{"count":0,"href":"https:\/\/stoic-curie.212-227-153-4.plesk.page\/pt\/wp-json\/wp\/v2\/product\/5501348\/revisions"}],"wp:featuredmedia":[{"embeddable":true,"href":"https:\/\/stoic-curie.212-227-153-4.plesk.page\/pt\/wp-json\/wp\/v2\/media\/5949335"}],"wp:attachment":[{"href":"https:\/\/stoic-curie.212-227-153-4.plesk.page\/pt\/wp-json\/wp\/v2\/media?parent=5501348"}],"wp:term":[{"taxonomy":"product_brand","embeddable":true,"href":"https:\/\/stoic-curie.212-227-153-4.plesk.page\/pt\/wp-json\/wp\/v2\/product_brand?post=5501348"},{"taxonomy":"product_cat","embeddable":true,"href":"https:\/\/stoic-curie.212-227-153-4.plesk.page\/pt\/wp-json\/wp\/v2\/product_cat?post=5501348"},{"taxonomy":"product_tag","embeddable":true,"href":"https:\/\/stoic-curie.212-227-153-4.plesk.page\/pt\/wp-json\/wp\/v2\/product_tag?post=5501348"}],"curies":[{"name":"wp","href":"https:\/\/api.w.org\/{rel}","templated":true}]}}