{"id":5501352,"date":"2026-01-27T06:25:30","date_gmt":"2026-01-27T05:25:30","guid":{"rendered":"https:\/\/stoic-curie.212-227-153-4.plesk.page\/product\/icom-ic-m510e-vhf-ais\/"},"modified":"2026-02-25T00:28:46","modified_gmt":"2026-02-25T00:28:46","slug":"icom-ic-m510e-vhf-ais","status":"publish","type":"product","link":"https:\/\/stoic-curie.212-227-153-4.plesk.page\/pt\/product\/icom-ic-m510e-vhf-ais\/","title":{"rendered":"Icom IC-M510E VHF AIS"},"content":{"rendered":"<p>Icom IC-M510E VHF AIS &#8211; <\/p>\n<p>Equipamento fixo Classe D DSC ICOM IC-M510E 12V VHF com microfone e receptor GPS externo.<br \/>A vers\u00e3o AIS permite visualizar, selecionar e chamar alvos DSC diretamente na tela.<br \/>Possui um display TFT LCD colorido de 4,3&#8243;, estrutura \u00e0 prova d&#8217;\u00e1gua IP68, conectividade NMEA0183 (NMEA2000 via WLAN com a caixa sem fio opcional), fun\u00e7\u00f5es de navega\u00e7\u00e3o com waypoints, buzina de nevoeiro, vigil\u00e2ncia dupla\/tripla, acesso instant\u00e2neo ao canal 16, cancelamento de ru\u00eddo ANC, fun\u00e7\u00e3o TAG e sistema de drenagem AquaQuake.<br \/>O CommandMic HM-229B opcional permite controle remoto total de todas as fun\u00e7\u00f5es VHF e pode ser usado como interfone ou para enviar chamadas DSC.<br \/>Fornecido com antena GPS com cabo de 10 m, suporte de montagem, cabo de alimenta\u00e7\u00e3o e manual do usu\u00e1rio.<br \/>Dimens\u00f5es: 175 \u00d7 71 \u00d7 H110 mm.<\/p>\n","protected":false},"excerpt":{"rendered":"<p>Icom IC-M510E VHF AIS &#8211; Equipamento fixo Classe D DSC ICOM IC-M510E 12V VHF com microfone e receptor GPS externo.A<\/p>\n","protected":false},"featured_media":5949343,"comment_status":"open","ping_status":"closed","template":"","meta":[],"product_brand":[3012],"product_cat":[2031],"product_tag":[],"class_list":{"0":"post-5501352","1":"product","2":"type-product","3":"status-publish","4":"has-post-thumbnail","6":"product_brand-icom-marine-pt","7":"product_cat-equipamento-eletronico","9":"first","10":"instock","11":"shipping-taxable","12":"purchasable","13":"product-type-simple"},"_links":{"self":[{"href":"https:\/\/stoic-curie.212-227-153-4.plesk.page\/pt\/wp-json\/wp\/v2\/product\/5501352","targetHints":{"allow":["GET"]}}],"collection":[{"href":"https:\/\/stoic-curie.212-227-153-4.plesk.page\/pt\/wp-json\/wp\/v2\/product"}],"about":[{"href":"https:\/\/stoic-curie.212-227-153-4.plesk.page\/pt\/wp-json\/wp\/v2\/types\/product"}],"replies":[{"embeddable":true,"href":"https:\/\/stoic-curie.212-227-153-4.plesk.page\/pt\/wp-json\/wp\/v2\/comments?post=5501352"}],"version-history":[{"count":0,"href":"https:\/\/stoic-curie.212-227-153-4.plesk.page\/pt\/wp-json\/wp\/v2\/product\/5501352\/revisions"}],"wp:featuredmedia":[{"embeddable":true,"href":"https:\/\/stoic-curie.212-227-153-4.plesk.page\/pt\/wp-json\/wp\/v2\/media\/5949343"}],"wp:attachment":[{"href":"https:\/\/stoic-curie.212-227-153-4.plesk.page\/pt\/wp-json\/wp\/v2\/media?parent=5501352"}],"wp:term":[{"taxonomy":"product_brand","embeddable":true,"href":"https:\/\/stoic-curie.212-227-153-4.plesk.page\/pt\/wp-json\/wp\/v2\/product_brand?post=5501352"},{"taxonomy":"product_cat","embeddable":true,"href":"https:\/\/stoic-curie.212-227-153-4.plesk.page\/pt\/wp-json\/wp\/v2\/product_cat?post=5501352"},{"taxonomy":"product_tag","embeddable":true,"href":"https:\/\/stoic-curie.212-227-153-4.plesk.page\/pt\/wp-json\/wp\/v2\/product_tag?post=5501352"}],"curies":[{"name":"wp","href":"https:\/\/api.w.org\/{rel}","templated":true}]}}