{"id":5531976,"date":"2026-01-29T22:19:49","date_gmt":"2026-01-29T21:19:49","guid":{"rendered":"https:\/\/stoic-curie.212-227-153-4.plesk.page\/product\/conector-de-corrente-em-aco-inoxidavel-hs-10mm\/"},"modified":"2026-02-25T00:27:36","modified_gmt":"2026-02-25T00:27:36","slug":"conector-de-corrente-em-aco-inoxidavel-hs-10mm","status":"publish","type":"product","link":"https:\/\/stoic-curie.212-227-153-4.plesk.page\/pt\/product\/conector-de-corrente-em-aco-inoxidavel-hs-10mm\/","title":{"rendered":"Conector de Corrente em A\u00e7o Inoxid\u00e1vel HS 10mm"},"content":{"rendered":"<p>Conector de Corrente em A\u00e7o Inoxid\u00e1vel HS 10mm &#8211; <\/p>\n<p>Elos de conex\u00e3o em a\u00e7o inoxid\u00e1vel de 8 pinos com alta carga de ruptura. Para cadeias calibradas.<\/p>\n","protected":false},"excerpt":{"rendered":"<p>Conector de Corrente em A\u00e7o Inoxid\u00e1vel HS 10mm &#8211; Elos de conex\u00e3o em a\u00e7o inoxid\u00e1vel de 8 pinos com alta<\/p>\n","protected":false},"featured_media":5935941,"comment_status":"open","ping_status":"closed","template":"","meta":[],"product_brand":[3207],"product_cat":[1907,1906],"product_tag":[],"class_list":{"0":"post-5531976","1":"product","2":"type-product","3":"status-publish","4":"has-post-thumbnail","6":"product_brand-nova-argonautica-pt","7":"product_cat-corrente-em-aco-inoxidavel-calibrada","8":"product_cat-corrente-galvanizada-calibrada","10":"first","11":"instock","12":"shipping-taxable","13":"purchasable","14":"product-type-simple"},"_links":{"self":[{"href":"https:\/\/stoic-curie.212-227-153-4.plesk.page\/pt\/wp-json\/wp\/v2\/product\/5531976","targetHints":{"allow":["GET"]}}],"collection":[{"href":"https:\/\/stoic-curie.212-227-153-4.plesk.page\/pt\/wp-json\/wp\/v2\/product"}],"about":[{"href":"https:\/\/stoic-curie.212-227-153-4.plesk.page\/pt\/wp-json\/wp\/v2\/types\/product"}],"replies":[{"embeddable":true,"href":"https:\/\/stoic-curie.212-227-153-4.plesk.page\/pt\/wp-json\/wp\/v2\/comments?post=5531976"}],"version-history":[{"count":0,"href":"https:\/\/stoic-curie.212-227-153-4.plesk.page\/pt\/wp-json\/wp\/v2\/product\/5531976\/revisions"}],"wp:featuredmedia":[{"embeddable":true,"href":"https:\/\/stoic-curie.212-227-153-4.plesk.page\/pt\/wp-json\/wp\/v2\/media\/5935941"}],"wp:attachment":[{"href":"https:\/\/stoic-curie.212-227-153-4.plesk.page\/pt\/wp-json\/wp\/v2\/media?parent=5531976"}],"wp:term":[{"taxonomy":"product_brand","embeddable":true,"href":"https:\/\/stoic-curie.212-227-153-4.plesk.page\/pt\/wp-json\/wp\/v2\/product_brand?post=5531976"},{"taxonomy":"product_cat","embeddable":true,"href":"https:\/\/stoic-curie.212-227-153-4.plesk.page\/pt\/wp-json\/wp\/v2\/product_cat?post=5531976"},{"taxonomy":"product_tag","embeddable":true,"href":"https:\/\/stoic-curie.212-227-153-4.plesk.page\/pt\/wp-json\/wp\/v2\/product_tag?post=5531976"}],"curies":[{"name":"wp","href":"https:\/\/api.w.org\/{rel}","templated":true}]}}