{"id":5531999,"date":"2026-01-29T22:20:31","date_gmt":"2026-01-29T21:20:31","guid":{"rendered":"https:\/\/stoic-curie.212-227-153-4.plesk.page\/product\/corda-marinha-preta-8mm-x-200mt\/"},"modified":"2026-02-25T00:27:52","modified_gmt":"2026-02-25T00:27:52","slug":"corda-marinha-preta-8mm-x-200mt","status":"publish","type":"product","link":"https:\/\/stoic-curie.212-227-153-4.plesk.page\/pt\/product\/corda-marinha-preta-8mm-x-200mt\/","title":{"rendered":"Corda Marinha Preta 8mm x 200mt"},"content":{"rendered":"<p>Corda Marinha Preta 8mm x 200mt &#8211; <\/p>\n<p>Esta corda de poli\u00e9ster de m\u00e9dia resist\u00eancia, composta por tr\u00eas fios, \u00e9 uma excelente op\u00e7\u00e3o para todas as suas necessidades de amarra\u00e7\u00e3o e ancoragem. Al\u00e9m disso, \u00e9 fabricada a partir de garrafas pl\u00e1sticas PET recicladas, tornando-a uma escolha sustent\u00e1vel. Voc\u00ea descobrir\u00e1 que esta corda rPET possui desempenho compar\u00e1vel ao do poli\u00e9ster convencional.<\/p>\n<p>No setor n\u00e1utico, a corda de poli\u00e9ster \u00e9 extremamente vers\u00e1til. Pode ser utilizada para cordas de \u00e2ncora, cordas de atraca\u00e7\u00e3o, cordas de defensas, cordas de salvamento e at\u00e9 mesmo para tarefas de guincho ou eleva\u00e7\u00e3o.<\/p>\n<p>Aqui est\u00e3o algumas caracter\u00edsticas importantes desta corda:<\/p>\n<ul>\n<li>Design tran\u00e7ado de tr\u00eas fios<\/li>\n<li>Feita de materiais sint\u00e9ticos<\/li>\n<li>Mant\u00e9m a resist\u00eancia mesmo quando molhada<\/li>\n<li>Resistente \u00e0 \u00e1gua, raios UV, fungos e desgaste<\/li>\n<li>N\u00e3o flutua e fica ligeiramente mais macia quando molhada<\/li>\n<li>Fabricada na Europa<\/li>\n<\/ul>\n","protected":false},"excerpt":{"rendered":"<p>Corda Marinha Preta 8mm x 200mt &#8211; Esta corda de poli\u00e9ster de m\u00e9dia resist\u00eancia, composta por tr\u00eas fios, \u00e9 uma<\/p>\n","protected":false},"featured_media":5939641,"comment_status":"open","ping_status":"closed","template":"","meta":[],"product_brand":[3102],"product_cat":[1909,2149],"product_tag":[],"class_list":{"0":"post-5531999","1":"product","2":"type-product","3":"status-publish","4":"has-post-thumbnail","6":"product_brand-marco-benvenuti-pt","7":"product_cat-cabos-de-amarracao","8":"product_cat-cabos-de-fundear","10":"first","11":"instock","12":"shipping-taxable","13":"purchasable","14":"product-type-simple"},"_links":{"self":[{"href":"https:\/\/stoic-curie.212-227-153-4.plesk.page\/pt\/wp-json\/wp\/v2\/product\/5531999","targetHints":{"allow":["GET"]}}],"collection":[{"href":"https:\/\/stoic-curie.212-227-153-4.plesk.page\/pt\/wp-json\/wp\/v2\/product"}],"about":[{"href":"https:\/\/stoic-curie.212-227-153-4.plesk.page\/pt\/wp-json\/wp\/v2\/types\/product"}],"replies":[{"embeddable":true,"href":"https:\/\/stoic-curie.212-227-153-4.plesk.page\/pt\/wp-json\/wp\/v2\/comments?post=5531999"}],"version-history":[{"count":0,"href":"https:\/\/stoic-curie.212-227-153-4.plesk.page\/pt\/wp-json\/wp\/v2\/product\/5531999\/revisions"}],"wp:featuredmedia":[{"embeddable":true,"href":"https:\/\/stoic-curie.212-227-153-4.plesk.page\/pt\/wp-json\/wp\/v2\/media\/5939641"}],"wp:attachment":[{"href":"https:\/\/stoic-curie.212-227-153-4.plesk.page\/pt\/wp-json\/wp\/v2\/media?parent=5531999"}],"wp:term":[{"taxonomy":"product_brand","embeddable":true,"href":"https:\/\/stoic-curie.212-227-153-4.plesk.page\/pt\/wp-json\/wp\/v2\/product_brand?post=5531999"},{"taxonomy":"product_cat","embeddable":true,"href":"https:\/\/stoic-curie.212-227-153-4.plesk.page\/pt\/wp-json\/wp\/v2\/product_cat?post=5531999"},{"taxonomy":"product_tag","embeddable":true,"href":"https:\/\/stoic-curie.212-227-153-4.plesk.page\/pt\/wp-json\/wp\/v2\/product_tag?post=5531999"}],"curies":[{"name":"wp","href":"https:\/\/api.w.org\/{rel}","templated":true}]}}