{"id":5532015,"date":"2026-01-29T22:21:02","date_gmt":"2026-01-29T21:21:02","guid":{"rendered":"https:\/\/stoic-curie.212-227-153-4.plesk.page\/product\/manilha-giratoria-olhal-olhal-em-aco-galvanizado-16mm\/"},"modified":"2026-02-25T00:28:01","modified_gmt":"2026-02-25T00:28:01","slug":"manilha-giratoria-olhal-olhal-em-aco-galvanizado-16mm","status":"publish","type":"product","link":"https:\/\/stoic-curie.212-227-153-4.plesk.page\/pt\/product\/manilha-giratoria-olhal-olhal-em-aco-galvanizado-16mm\/","title":{"rendered":"Manilha Girat\u00f3ria Olhal-Olhal em A\u00e7o Galvanizado 16mm"},"content":{"rendered":"<p>Manilha Girat\u00f3ria Olhal-Olhal em A\u00e7o Galvanizado 16mm &#8211; <\/p>\n<p>Girat\u00f3rio de olho a olho em a\u00e7o galvanizado.<\/p>\n","protected":false},"excerpt":{"rendered":"<p>Manilha Girat\u00f3ria Olhal-Olhal em A\u00e7o Galvanizado 16mm &#8211; Girat\u00f3rio de olho a olho em a\u00e7o galvanizado.<\/p>\n","protected":false},"featured_media":5937781,"comment_status":"open","ping_status":"closed","template":"","meta":[],"product_brand":[3087],"product_cat":[3911],"product_tag":[],"class_list":{"0":"post-5532015","1":"product","2":"type-product","3":"status-publish","4":"has-post-thumbnail","6":"product_brand-maggigroup-pt","7":"product_cat-accessories","9":"first","10":"instock","11":"shipping-taxable","12":"purchasable","13":"product-type-simple"},"_links":{"self":[{"href":"https:\/\/stoic-curie.212-227-153-4.plesk.page\/pt\/wp-json\/wp\/v2\/product\/5532015","targetHints":{"allow":["GET"]}}],"collection":[{"href":"https:\/\/stoic-curie.212-227-153-4.plesk.page\/pt\/wp-json\/wp\/v2\/product"}],"about":[{"href":"https:\/\/stoic-curie.212-227-153-4.plesk.page\/pt\/wp-json\/wp\/v2\/types\/product"}],"replies":[{"embeddable":true,"href":"https:\/\/stoic-curie.212-227-153-4.plesk.page\/pt\/wp-json\/wp\/v2\/comments?post=5532015"}],"version-history":[{"count":0,"href":"https:\/\/stoic-curie.212-227-153-4.plesk.page\/pt\/wp-json\/wp\/v2\/product\/5532015\/revisions"}],"wp:featuredmedia":[{"embeddable":true,"href":"https:\/\/stoic-curie.212-227-153-4.plesk.page\/pt\/wp-json\/wp\/v2\/media\/5937781"}],"wp:attachment":[{"href":"https:\/\/stoic-curie.212-227-153-4.plesk.page\/pt\/wp-json\/wp\/v2\/media?parent=5532015"}],"wp:term":[{"taxonomy":"product_brand","embeddable":true,"href":"https:\/\/stoic-curie.212-227-153-4.plesk.page\/pt\/wp-json\/wp\/v2\/product_brand?post=5532015"},{"taxonomy":"product_cat","embeddable":true,"href":"https:\/\/stoic-curie.212-227-153-4.plesk.page\/pt\/wp-json\/wp\/v2\/product_cat?post=5532015"},{"taxonomy":"product_tag","embeddable":true,"href":"https:\/\/stoic-curie.212-227-153-4.plesk.page\/pt\/wp-json\/wp\/v2\/product_tag?post=5532015"}],"curies":[{"name":"wp","href":"https:\/\/api.w.org\/{rel}","templated":true}]}}