{"id":5532021,"date":"2026-01-29T22:21:11","date_gmt":"2026-01-29T21:21:11","guid":{"rendered":"https:\/\/stoic-curie.212-227-153-4.plesk.page\/product\/kit-de-aneis-de-vedacao-para-separ-2000-5\/"},"modified":"2026-02-25T00:28:03","modified_gmt":"2026-02-25T00:28:03","slug":"kit-de-aneis-de-vedacao-para-separ-2000-5","status":"publish","type":"product","link":"https:\/\/stoic-curie.212-227-153-4.plesk.page\/pt\/product\/kit-de-aneis-de-vedacao-para-separ-2000-5\/","title":{"rendered":"Kit de An\u00e9is de Veda\u00e7\u00e3o para Separ 2000\/5"},"content":{"rendered":"<p>Kit de An\u00e9is de Veda\u00e7\u00e3o para Separ 2000\/5 &#8211; <\/p>\n<p>Pe\u00e7as de Reposi\u00e7\u00e3o e Acess\u00f3rios para Filtro de Diesel Separ 2000.<\/p>\n","protected":false},"excerpt":{"rendered":"<p>Kit de An\u00e9is de Veda\u00e7\u00e3o para Separ 2000\/5 &#8211; Pe\u00e7as de Reposi\u00e7\u00e3o e Acess\u00f3rios para Filtro de Diesel Separ 2000.<\/p>\n","protected":false},"featured_media":5943443,"comment_status":"open","ping_status":"closed","template":"","meta":[],"product_brand":[3372],"product_cat":[3911],"product_tag":[],"class_list":{"0":"post-5532021","1":"product","2":"type-product","3":"status-publish","4":"has-post-thumbnail","6":"product_brand-separ-pt","7":"product_cat-accessories","9":"first","10":"instock","11":"shipping-taxable","12":"purchasable","13":"product-type-simple"},"_links":{"self":[{"href":"https:\/\/stoic-curie.212-227-153-4.plesk.page\/pt\/wp-json\/wp\/v2\/product\/5532021","targetHints":{"allow":["GET"]}}],"collection":[{"href":"https:\/\/stoic-curie.212-227-153-4.plesk.page\/pt\/wp-json\/wp\/v2\/product"}],"about":[{"href":"https:\/\/stoic-curie.212-227-153-4.plesk.page\/pt\/wp-json\/wp\/v2\/types\/product"}],"replies":[{"embeddable":true,"href":"https:\/\/stoic-curie.212-227-153-4.plesk.page\/pt\/wp-json\/wp\/v2\/comments?post=5532021"}],"version-history":[{"count":0,"href":"https:\/\/stoic-curie.212-227-153-4.plesk.page\/pt\/wp-json\/wp\/v2\/product\/5532021\/revisions"}],"wp:featuredmedia":[{"embeddable":true,"href":"https:\/\/stoic-curie.212-227-153-4.plesk.page\/pt\/wp-json\/wp\/v2\/media\/5943443"}],"wp:attachment":[{"href":"https:\/\/stoic-curie.212-227-153-4.plesk.page\/pt\/wp-json\/wp\/v2\/media?parent=5532021"}],"wp:term":[{"taxonomy":"product_brand","embeddable":true,"href":"https:\/\/stoic-curie.212-227-153-4.plesk.page\/pt\/wp-json\/wp\/v2\/product_brand?post=5532021"},{"taxonomy":"product_cat","embeddable":true,"href":"https:\/\/stoic-curie.212-227-153-4.plesk.page\/pt\/wp-json\/wp\/v2\/product_cat?post=5532021"},{"taxonomy":"product_tag","embeddable":true,"href":"https:\/\/stoic-curie.212-227-153-4.plesk.page\/pt\/wp-json\/wp\/v2\/product_tag?post=5532021"}],"curies":[{"name":"wp","href":"https:\/\/api.w.org\/{rel}","templated":true}]}}