{"id":5532024,"date":"2026-01-29T22:21:15","date_gmt":"2026-01-29T21:21:15","guid":{"rendered":"https:\/\/stoic-curie.212-227-153-4.plesk.page\/product\/tigela-de-plastico-para-separ-2000-10\/"},"modified":"2026-02-25T00:28:03","modified_gmt":"2026-02-25T00:28:03","slug":"tigela-de-plastico-para-separ-2000-10","status":"publish","type":"product","link":"https:\/\/stoic-curie.212-227-153-4.plesk.page\/pt\/product\/tigela-de-plastico-para-separ-2000-10\/","title":{"rendered":"Tigela de Pl\u00e1stico para Separ 2000\/10"},"content":{"rendered":"<p>Tigela de Pl\u00e1stico para Separ 2000\/10 &#8211; <\/p>\n<p>Pe\u00e7as e acess\u00f3rios de substitui\u00e7\u00e3o para filtro de diesel Separ 2000.<\/p>\n","protected":false},"excerpt":{"rendered":"<p>Tigela de Pl\u00e1stico para Separ 2000\/10 &#8211; Pe\u00e7as e acess\u00f3rios de substitui\u00e7\u00e3o para filtro de diesel Separ 2000.<\/p>\n","protected":false},"featured_media":5943443,"comment_status":"open","ping_status":"closed","template":"","meta":[],"product_brand":[3372],"product_cat":[3911],"product_tag":[],"class_list":{"0":"post-5532024","1":"product","2":"type-product","3":"status-publish","4":"has-post-thumbnail","6":"product_brand-separ-pt","7":"product_cat-accessories","9":"first","10":"instock","11":"shipping-taxable","12":"purchasable","13":"product-type-simple"},"_links":{"self":[{"href":"https:\/\/stoic-curie.212-227-153-4.plesk.page\/pt\/wp-json\/wp\/v2\/product\/5532024","targetHints":{"allow":["GET"]}}],"collection":[{"href":"https:\/\/stoic-curie.212-227-153-4.plesk.page\/pt\/wp-json\/wp\/v2\/product"}],"about":[{"href":"https:\/\/stoic-curie.212-227-153-4.plesk.page\/pt\/wp-json\/wp\/v2\/types\/product"}],"replies":[{"embeddable":true,"href":"https:\/\/stoic-curie.212-227-153-4.plesk.page\/pt\/wp-json\/wp\/v2\/comments?post=5532024"}],"version-history":[{"count":0,"href":"https:\/\/stoic-curie.212-227-153-4.plesk.page\/pt\/wp-json\/wp\/v2\/product\/5532024\/revisions"}],"wp:featuredmedia":[{"embeddable":true,"href":"https:\/\/stoic-curie.212-227-153-4.plesk.page\/pt\/wp-json\/wp\/v2\/media\/5943443"}],"wp:attachment":[{"href":"https:\/\/stoic-curie.212-227-153-4.plesk.page\/pt\/wp-json\/wp\/v2\/media?parent=5532024"}],"wp:term":[{"taxonomy":"product_brand","embeddable":true,"href":"https:\/\/stoic-curie.212-227-153-4.plesk.page\/pt\/wp-json\/wp\/v2\/product_brand?post=5532024"},{"taxonomy":"product_cat","embeddable":true,"href":"https:\/\/stoic-curie.212-227-153-4.plesk.page\/pt\/wp-json\/wp\/v2\/product_cat?post=5532024"},{"taxonomy":"product_tag","embeddable":true,"href":"https:\/\/stoic-curie.212-227-153-4.plesk.page\/pt\/wp-json\/wp\/v2\/product_tag?post=5532024"}],"curies":[{"name":"wp","href":"https:\/\/api.w.org\/{rel}","templated":true}]}}