{"id":5532028,"date":"2026-01-29T22:21:29","date_gmt":"2026-01-29T21:21:29","guid":{"rendered":"https:\/\/stoic-curie.212-227-153-4.plesk.page\/product\/chapeu-helly-hansen-svolvaer-amarelo-tamanho-m\/"},"modified":"2026-02-25T00:28:09","modified_gmt":"2026-02-25T00:28:09","slug":"chapeu-helly-hansen-svolvaer-amarelo-tamanho-m","status":"publish","type":"product","link":"https:\/\/stoic-curie.212-227-153-4.plesk.page\/pt\/product\/chapeu-helly-hansen-svolvaer-amarelo-tamanho-m\/","title":{"rendered":"Chap\u00e9u Helly Hansen Svolvaer Amarelo &#8211; Tamanho M"},"content":{"rendered":"<p>Chap\u00e9u Helly Hansen Svolvaer Amarelo &#8211; Tamanho M &#8211; <\/p>\n<p>O chap\u00e9u Helly Hansen Svolvaer em tecido de poli\u00e9ster de 410 g\/m2 com revestimento em PU \u00e9 ideal para proteger-se da \u00e1gua durante a pesca ou qualquer outra atividade a bordo ou no conv\u00e9s. Possui forro, abas para as orelhas e faixa para o queixo.<\/p>\n","protected":false},"excerpt":{"rendered":"<p>Chap\u00e9u Helly Hansen Svolvaer Amarelo &#8211; Tamanho M &#8211; O chap\u00e9u Helly Hansen Svolvaer em tecido de poli\u00e9ster de 410<\/p>\n","protected":false},"featured_media":5944596,"comment_status":"open","ping_status":"closed","template":"","meta":[],"product_brand":[3002],"product_cat":[2144],"product_tag":[],"class_list":{"0":"post-5532028","1":"product","2":"type-product","3":"status-publish","4":"has-post-thumbnail","6":"product_brand-helly-hansen-pt","7":"product_cat-vestuario-helly-hansen","9":"first","10":"instock","11":"shipping-taxable","12":"purchasable","13":"product-type-simple"},"_links":{"self":[{"href":"https:\/\/stoic-curie.212-227-153-4.plesk.page\/pt\/wp-json\/wp\/v2\/product\/5532028","targetHints":{"allow":["GET"]}}],"collection":[{"href":"https:\/\/stoic-curie.212-227-153-4.plesk.page\/pt\/wp-json\/wp\/v2\/product"}],"about":[{"href":"https:\/\/stoic-curie.212-227-153-4.plesk.page\/pt\/wp-json\/wp\/v2\/types\/product"}],"replies":[{"embeddable":true,"href":"https:\/\/stoic-curie.212-227-153-4.plesk.page\/pt\/wp-json\/wp\/v2\/comments?post=5532028"}],"version-history":[{"count":0,"href":"https:\/\/stoic-curie.212-227-153-4.plesk.page\/pt\/wp-json\/wp\/v2\/product\/5532028\/revisions"}],"wp:featuredmedia":[{"embeddable":true,"href":"https:\/\/stoic-curie.212-227-153-4.plesk.page\/pt\/wp-json\/wp\/v2\/media\/5944596"}],"wp:attachment":[{"href":"https:\/\/stoic-curie.212-227-153-4.plesk.page\/pt\/wp-json\/wp\/v2\/media?parent=5532028"}],"wp:term":[{"taxonomy":"product_brand","embeddable":true,"href":"https:\/\/stoic-curie.212-227-153-4.plesk.page\/pt\/wp-json\/wp\/v2\/product_brand?post=5532028"},{"taxonomy":"product_cat","embeddable":true,"href":"https:\/\/stoic-curie.212-227-153-4.plesk.page\/pt\/wp-json\/wp\/v2\/product_cat?post=5532028"},{"taxonomy":"product_tag","embeddable":true,"href":"https:\/\/stoic-curie.212-227-153-4.plesk.page\/pt\/wp-json\/wp\/v2\/product_tag?post=5532028"}],"curies":[{"name":"wp","href":"https:\/\/api.w.org\/{rel}","templated":true}]}}