{"id":5532044,"date":"2026-01-29T22:22:19","date_gmt":"2026-01-29T21:22:19","guid":{"rendered":"https:\/\/stoic-curie.212-227-153-4.plesk.page\/product\/marcador-de-corrente-facil-para-corrente-de-6-o-mm-laranja-pacote-com-14\/"},"modified":"2026-02-25T00:28:30","modified_gmt":"2026-02-25T00:28:30","slug":"marcador-de-corrente-facil-para-corrente-de-6-o-mm-laranja-pacote-com-14","status":"publish","type":"product","link":"https:\/\/stoic-curie.212-227-153-4.plesk.page\/pt\/product\/marcador-de-corrente-facil-para-corrente-de-6-o-mm-laranja-pacote-com-14\/","title":{"rendered":"Marcador de corrente f\u00e1cil para corrente de 6 \u00d8 mm &#8211; Laranja &#8211; Pacote com 14"},"content":{"rendered":"<p>Marcador de corrente f\u00e1cil para corrente de 6 \u00d8 mm &#8211; Laranja &#8211; Pacote com 14 &#8211; <\/p>\n<p>Marcadores de corrente pl\u00e1sticos coloridos projetados para serem inseridos em elos de corrente para f\u00e1cil identifica\u00e7\u00e3o de comprimento.<\/p>\n","protected":false},"excerpt":{"rendered":"<p>Marcador de corrente f\u00e1cil para corrente de 6 \u00d8 mm &#8211; Laranja &#8211; Pacote com 14 &#8211; Marcadores de corrente<\/p>\n","protected":false},"featured_media":5949249,"comment_status":"open","ping_status":"closed","template":"","meta":[],"product_brand":[3207],"product_cat":[1907,1906],"product_tag":[],"class_list":{"0":"post-5532044","1":"product","2":"type-product","3":"status-publish","4":"has-post-thumbnail","6":"product_brand-nova-argonautica-pt","7":"product_cat-corrente-em-aco-inoxidavel-calibrada","8":"product_cat-corrente-galvanizada-calibrada","10":"first","11":"instock","12":"shipping-taxable","13":"purchasable","14":"product-type-simple"},"_links":{"self":[{"href":"https:\/\/stoic-curie.212-227-153-4.plesk.page\/pt\/wp-json\/wp\/v2\/product\/5532044","targetHints":{"allow":["GET"]}}],"collection":[{"href":"https:\/\/stoic-curie.212-227-153-4.plesk.page\/pt\/wp-json\/wp\/v2\/product"}],"about":[{"href":"https:\/\/stoic-curie.212-227-153-4.plesk.page\/pt\/wp-json\/wp\/v2\/types\/product"}],"replies":[{"embeddable":true,"href":"https:\/\/stoic-curie.212-227-153-4.plesk.page\/pt\/wp-json\/wp\/v2\/comments?post=5532044"}],"version-history":[{"count":0,"href":"https:\/\/stoic-curie.212-227-153-4.plesk.page\/pt\/wp-json\/wp\/v2\/product\/5532044\/revisions"}],"wp:featuredmedia":[{"embeddable":true,"href":"https:\/\/stoic-curie.212-227-153-4.plesk.page\/pt\/wp-json\/wp\/v2\/media\/5949249"}],"wp:attachment":[{"href":"https:\/\/stoic-curie.212-227-153-4.plesk.page\/pt\/wp-json\/wp\/v2\/media?parent=5532044"}],"wp:term":[{"taxonomy":"product_brand","embeddable":true,"href":"https:\/\/stoic-curie.212-227-153-4.plesk.page\/pt\/wp-json\/wp\/v2\/product_brand?post=5532044"},{"taxonomy":"product_cat","embeddable":true,"href":"https:\/\/stoic-curie.212-227-153-4.plesk.page\/pt\/wp-json\/wp\/v2\/product_cat?post=5532044"},{"taxonomy":"product_tag","embeddable":true,"href":"https:\/\/stoic-curie.212-227-153-4.plesk.page\/pt\/wp-json\/wp\/v2\/product_tag?post=5532044"}],"curies":[{"name":"wp","href":"https:\/\/api.w.org\/{rel}","templated":true}]}}