{"id":5532080,"date":"2026-01-29T22:22:54","date_gmt":"2026-01-29T21:22:54","guid":{"rendered":"https:\/\/stoic-curie.212-227-153-4.plesk.page\/product\/cozinha-de-aco-inoxidavel-parker-com-2-queimadores-forno\/"},"modified":"2026-02-25T00:28:32","modified_gmt":"2026-02-25T00:28:32","slug":"cozinha-de-aco-inoxidavel-parker-com-2-queimadores-forno","status":"publish","type":"product","link":"https:\/\/stoic-curie.212-227-153-4.plesk.page\/pt\/product\/cozinha-de-aco-inoxidavel-parker-com-2-queimadores-forno\/","title":{"rendered":"Cozinha de A\u00e7o Inoxid\u00e1vel Parker com 2 Queimadores + Forno"},"content":{"rendered":"<p>Cozinha de A\u00e7o Inoxid\u00e1vel Parker com 2 Queimadores + Forno &#8211; Experimente efici\u00eancia e precis\u00e3o na sua cozinha com os fog\u00f5es a g\u00e1s Parker, que apresentam um forno embutido para prepara\u00e7\u00e3o vers\u00e1til das refei\u00e7\u00f5es.<\/p>\n","protected":false},"excerpt":{"rendered":"<p>Cozinha de A\u00e7o Inoxid\u00e1vel Parker com 2 Queimadores + Forno &#8211; Experimente efici\u00eancia e precis\u00e3o na sua cozinha com os<\/p>\n","protected":false},"featured_media":5949270,"comment_status":"open","ping_status":"closed","template":"","meta":[],"product_brand":[3207],"product_cat":[1928],"product_tag":[],"class_list":{"0":"post-5532080","1":"product","2":"type-product","3":"status-publish","4":"has-post-thumbnail","6":"product_brand-nova-argonautica-pt","7":"product_cat-fornos-e-fogoes","9":"first","10":"instock","11":"shipping-taxable","12":"purchasable","13":"product-type-simple"},"_links":{"self":[{"href":"https:\/\/stoic-curie.212-227-153-4.plesk.page\/pt\/wp-json\/wp\/v2\/product\/5532080","targetHints":{"allow":["GET"]}}],"collection":[{"href":"https:\/\/stoic-curie.212-227-153-4.plesk.page\/pt\/wp-json\/wp\/v2\/product"}],"about":[{"href":"https:\/\/stoic-curie.212-227-153-4.plesk.page\/pt\/wp-json\/wp\/v2\/types\/product"}],"replies":[{"embeddable":true,"href":"https:\/\/stoic-curie.212-227-153-4.plesk.page\/pt\/wp-json\/wp\/v2\/comments?post=5532080"}],"version-history":[{"count":0,"href":"https:\/\/stoic-curie.212-227-153-4.plesk.page\/pt\/wp-json\/wp\/v2\/product\/5532080\/revisions"}],"wp:featuredmedia":[{"embeddable":true,"href":"https:\/\/stoic-curie.212-227-153-4.plesk.page\/pt\/wp-json\/wp\/v2\/media\/5949270"}],"wp:attachment":[{"href":"https:\/\/stoic-curie.212-227-153-4.plesk.page\/pt\/wp-json\/wp\/v2\/media?parent=5532080"}],"wp:term":[{"taxonomy":"product_brand","embeddable":true,"href":"https:\/\/stoic-curie.212-227-153-4.plesk.page\/pt\/wp-json\/wp\/v2\/product_brand?post=5532080"},{"taxonomy":"product_cat","embeddable":true,"href":"https:\/\/stoic-curie.212-227-153-4.plesk.page\/pt\/wp-json\/wp\/v2\/product_cat?post=5532080"},{"taxonomy":"product_tag","embeddable":true,"href":"https:\/\/stoic-curie.212-227-153-4.plesk.page\/pt\/wp-json\/wp\/v2\/product_tag?post=5532080"}],"curies":[{"name":"wp","href":"https:\/\/api.w.org\/{rel}","templated":true}]}}