{"id":5532081,"date":"2026-01-29T22:22:55","date_gmt":"2026-01-29T21:22:55","guid":{"rendered":"https:\/\/stoic-curie.212-227-153-4.plesk.page\/product\/fogao-a-gas-parker-de-aco-inoxidavel-com-2-queimadores-forno-churrasqueira\/"},"modified":"2026-02-25T00:28:32","modified_gmt":"2026-02-25T00:28:32","slug":"fogao-a-gas-parker-de-aco-inoxidavel-com-2-queimadores-forno-churrasqueira","status":"publish","type":"product","link":"https:\/\/stoic-curie.212-227-153-4.plesk.page\/pt\/product\/fogao-a-gas-parker-de-aco-inoxidavel-com-2-queimadores-forno-churrasqueira\/","title":{"rendered":"Fog\u00e3o a G\u00e1s Parker de A\u00e7o Inoxid\u00e1vel com 2 Queimadores + Forno + Churrasqueira"},"content":{"rendered":"<p>Fog\u00e3o a G\u00e1s Parker de A\u00e7o Inoxid\u00e1vel com 2 Queimadores + Forno + Churrasqueira &#8211; Experimente o m\u00e1ximo conforto culin\u00e1rio com os fog\u00f5es a g\u00e1s Parker, que possuem forno embutido, projetados para efici\u00eancia e estilo.<\/p>\n","protected":false},"excerpt":{"rendered":"<p>Fog\u00e3o a G\u00e1s Parker de A\u00e7o Inoxid\u00e1vel com 2 Queimadores + Forno + Churrasqueira &#8211; Experimente o m\u00e1ximo conforto culin\u00e1rio<\/p>\n","protected":false},"featured_media":5949274,"comment_status":"open","ping_status":"closed","template":"","meta":[],"product_brand":[3207],"product_cat":[1928],"product_tag":[],"class_list":{"0":"post-5532081","1":"product","2":"type-product","3":"status-publish","4":"has-post-thumbnail","6":"product_brand-nova-argonautica-pt","7":"product_cat-fornos-e-fogoes","9":"first","10":"instock","11":"shipping-taxable","12":"purchasable","13":"product-type-simple"},"_links":{"self":[{"href":"https:\/\/stoic-curie.212-227-153-4.plesk.page\/pt\/wp-json\/wp\/v2\/product\/5532081","targetHints":{"allow":["GET"]}}],"collection":[{"href":"https:\/\/stoic-curie.212-227-153-4.plesk.page\/pt\/wp-json\/wp\/v2\/product"}],"about":[{"href":"https:\/\/stoic-curie.212-227-153-4.plesk.page\/pt\/wp-json\/wp\/v2\/types\/product"}],"replies":[{"embeddable":true,"href":"https:\/\/stoic-curie.212-227-153-4.plesk.page\/pt\/wp-json\/wp\/v2\/comments?post=5532081"}],"version-history":[{"count":0,"href":"https:\/\/stoic-curie.212-227-153-4.plesk.page\/pt\/wp-json\/wp\/v2\/product\/5532081\/revisions"}],"wp:featuredmedia":[{"embeddable":true,"href":"https:\/\/stoic-curie.212-227-153-4.plesk.page\/pt\/wp-json\/wp\/v2\/media\/5949274"}],"wp:attachment":[{"href":"https:\/\/stoic-curie.212-227-153-4.plesk.page\/pt\/wp-json\/wp\/v2\/media?parent=5532081"}],"wp:term":[{"taxonomy":"product_brand","embeddable":true,"href":"https:\/\/stoic-curie.212-227-153-4.plesk.page\/pt\/wp-json\/wp\/v2\/product_brand?post=5532081"},{"taxonomy":"product_cat","embeddable":true,"href":"https:\/\/stoic-curie.212-227-153-4.plesk.page\/pt\/wp-json\/wp\/v2\/product_cat?post=5532081"},{"taxonomy":"product_tag","embeddable":true,"href":"https:\/\/stoic-curie.212-227-153-4.plesk.page\/pt\/wp-json\/wp\/v2\/product_tag?post=5532081"}],"curies":[{"name":"wp","href":"https:\/\/api.w.org\/{rel}","templated":true}]}}