{"id":5532083,"date":"2026-01-29T22:22:56","date_gmt":"2026-01-29T21:22:56","guid":{"rendered":"https:\/\/stoic-curie.212-227-153-4.plesk.page\/product\/bracadeira-de-tubo-de-22mm-para-farol\/"},"modified":"2026-02-25T00:28:40","modified_gmt":"2026-02-25T00:28:40","slug":"bracadeira-de-tubo-de-22mm-para-farol","status":"publish","type":"product","link":"https:\/\/stoic-curie.212-227-153-4.plesk.page\/pt\/product\/bracadeira-de-tubo-de-22mm-para-farol\/","title":{"rendered":"Bra\u00e7adeira de Tubo de 22mm para Farol"},"content":{"rendered":"<p>Bra\u00e7adeira de Tubo de 22mm para Farol &#8211; <\/p>\n<p>Farol hal\u00f3geno ajust\u00e1vel e \u00e0 prova d&#8217;\u00e1gua com al\u00e7a e bot\u00f5es. Base em lat\u00e3o cromado com pino remov\u00edvel. Fonte de alimentac\u00e3o com cabo extens\u00edvel de 1,5 metros, completo com ficha e tomada de 12V. Interruptor de alavanca para ativa\u00e7\u00e3o do modo de luz difusa ou concentrada. Bra\u00e7adeira opcional para conex\u00e3o a tubo de 22 mm. O inv\u00f3lucro da l\u00e2mpada tem um di\u00e2metro de 150 mm e uma altura total de 240 mm na base.<\/p>\n","protected":false},"excerpt":{"rendered":"<p>Bra\u00e7adeira de Tubo de 22mm para Farol &#8211; Farol hal\u00f3geno ajust\u00e1vel e \u00e0 prova d&#8217;\u00e1gua com al\u00e7a e bot\u00f5es. Base<\/p>\n","protected":false},"featured_media":5947864,"comment_status":"open","ping_status":"closed","template":"","meta":[],"product_brand":[3237],"product_cat":[2021],"product_tag":[],"class_list":{"0":"post-5532083","1":"product","2":"type-product","3":"status-publish","4":"has-post-thumbnail","6":"product_brand-osculati-pt","7":"product_cat-projetores-e-holofotes","9":"first","10":"instock","11":"shipping-taxable","12":"purchasable","13":"product-type-simple"},"_links":{"self":[{"href":"https:\/\/stoic-curie.212-227-153-4.plesk.page\/pt\/wp-json\/wp\/v2\/product\/5532083","targetHints":{"allow":["GET"]}}],"collection":[{"href":"https:\/\/stoic-curie.212-227-153-4.plesk.page\/pt\/wp-json\/wp\/v2\/product"}],"about":[{"href":"https:\/\/stoic-curie.212-227-153-4.plesk.page\/pt\/wp-json\/wp\/v2\/types\/product"}],"replies":[{"embeddable":true,"href":"https:\/\/stoic-curie.212-227-153-4.plesk.page\/pt\/wp-json\/wp\/v2\/comments?post=5532083"}],"version-history":[{"count":0,"href":"https:\/\/stoic-curie.212-227-153-4.plesk.page\/pt\/wp-json\/wp\/v2\/product\/5532083\/revisions"}],"wp:featuredmedia":[{"embeddable":true,"href":"https:\/\/stoic-curie.212-227-153-4.plesk.page\/pt\/wp-json\/wp\/v2\/media\/5947864"}],"wp:attachment":[{"href":"https:\/\/stoic-curie.212-227-153-4.plesk.page\/pt\/wp-json\/wp\/v2\/media?parent=5532083"}],"wp:term":[{"taxonomy":"product_brand","embeddable":true,"href":"https:\/\/stoic-curie.212-227-153-4.plesk.page\/pt\/wp-json\/wp\/v2\/product_brand?post=5532083"},{"taxonomy":"product_cat","embeddable":true,"href":"https:\/\/stoic-curie.212-227-153-4.plesk.page\/pt\/wp-json\/wp\/v2\/product_cat?post=5532083"},{"taxonomy":"product_tag","embeddable":true,"href":"https:\/\/stoic-curie.212-227-153-4.plesk.page\/pt\/wp-json\/wp\/v2\/product_tag?post=5532083"}],"curies":[{"name":"wp","href":"https:\/\/api.w.org\/{rel}","templated":true}]}}