{"id":5532086,"date":"2026-01-29T22:22:59","date_gmt":"2026-01-29T21:22:59","guid":{"rendered":"https:\/\/stoic-curie.212-227-153-4.plesk.page\/product\/garmin-echomap-uhd2-52cv-2\/"},"modified":"2026-02-25T00:28:40","modified_gmt":"2026-02-25T00:28:40","slug":"garmin-echomap-uhd2-52cv-2","status":"publish","type":"product","link":"https:\/\/stoic-curie.212-227-153-4.plesk.page\/pt\/product\/garmin-echomap-uhd2-52cv-2\/","title":{"rendered":"Garmin echoMAP UHD2 52CV"},"content":{"rendered":"<p>Garmin echoMAP UHD2 52CV &#8211; <\/p>\n<p>O Garmin echoMAP UHD2 52CV \u00e9 um vers\u00e1til plotter de cartas e sonar de peixes, equipado com um display sens\u00edvel ao toque de 5&#8243; com resolu\u00e7\u00e3o de 800&#215;480 pixels. Ele vem com um teclado integrado e um receptor GPS interno. Equipado com um potente m\u00f3dulo CHIRP de 500W, ClearVu e UHD, oferece desempenho excepcional. Este dispositivo \u00e9 compat\u00edvel com toda a cartografia Garmin BlueChart e Garmin Navionics+, e oferece conectividade sem fio integrada, bem como suporte NMEA0183\/2000 e Fusion-Link. A unidade se integra perfeitamente a todos os sistemas de bordo e inclui todas as fun\u00e7\u00f5es essenciais da Garmin, como Auto Guidance, Active Captain, Sail Assist e Quickdraw Contours. Vem completo com suporte ajust\u00e1vel e cabo de alimenta\u00e7\u00e3o\/dados. Al\u00e9m disso, \u00e9 compat\u00edvel com transdutores tradicionais, All-in-One e UHD, apresentando uma conex\u00e3o de 4 pinos. Para transdutores de 8 pinos, o cabo adaptador deve ser adquirido separadamente.<br \/>TD = Transducer<\/p>\n","protected":false},"excerpt":{"rendered":"<p>Garmin echoMAP UHD2 52CV &#8211; O Garmin echoMAP UHD2 52CV \u00e9 um vers\u00e1til plotter de cartas e sonar de peixes,<\/p>\n","protected":false},"featured_media":5949325,"comment_status":"open","ping_status":"closed","template":"","meta":[],"product_brand":[2972],"product_cat":[2031],"product_tag":[],"class_list":{"0":"post-5532086","1":"product","2":"type-product","3":"status-publish","4":"has-post-thumbnail","6":"product_brand-garmin-pt","7":"product_cat-equipamento-eletronico","9":"first","10":"instock","11":"shipping-taxable","12":"purchasable","13":"product-type-simple"},"_links":{"self":[{"href":"https:\/\/stoic-curie.212-227-153-4.plesk.page\/pt\/wp-json\/wp\/v2\/product\/5532086","targetHints":{"allow":["GET"]}}],"collection":[{"href":"https:\/\/stoic-curie.212-227-153-4.plesk.page\/pt\/wp-json\/wp\/v2\/product"}],"about":[{"href":"https:\/\/stoic-curie.212-227-153-4.plesk.page\/pt\/wp-json\/wp\/v2\/types\/product"}],"replies":[{"embeddable":true,"href":"https:\/\/stoic-curie.212-227-153-4.plesk.page\/pt\/wp-json\/wp\/v2\/comments?post=5532086"}],"version-history":[{"count":0,"href":"https:\/\/stoic-curie.212-227-153-4.plesk.page\/pt\/wp-json\/wp\/v2\/product\/5532086\/revisions"}],"wp:featuredmedia":[{"embeddable":true,"href":"https:\/\/stoic-curie.212-227-153-4.plesk.page\/pt\/wp-json\/wp\/v2\/media\/5949325"}],"wp:attachment":[{"href":"https:\/\/stoic-curie.212-227-153-4.plesk.page\/pt\/wp-json\/wp\/v2\/media?parent=5532086"}],"wp:term":[{"taxonomy":"product_brand","embeddable":true,"href":"https:\/\/stoic-curie.212-227-153-4.plesk.page\/pt\/wp-json\/wp\/v2\/product_brand?post=5532086"},{"taxonomy":"product_cat","embeddable":true,"href":"https:\/\/stoic-curie.212-227-153-4.plesk.page\/pt\/wp-json\/wp\/v2\/product_cat?post=5532086"},{"taxonomy":"product_tag","embeddable":true,"href":"https:\/\/stoic-curie.212-227-153-4.plesk.page\/pt\/wp-json\/wp\/v2\/product_tag?post=5532086"}],"curies":[{"name":"wp","href":"https:\/\/api.w.org\/{rel}","templated":true}]}}