{"id":5532092,"date":"2026-01-29T22:23:04","date_gmt":"2026-01-29T21:23:04","guid":{"rendered":"https:\/\/stoic-curie.212-227-153-4.plesk.page\/product\/pacote-de-prancha-sup-jobe-aero-lite-varna-11-0\/"},"modified":"2026-02-25T00:28:46","modified_gmt":"2026-02-25T00:28:46","slug":"pacote-de-prancha-sup-jobe-aero-lite-varna-11-0","status":"publish","type":"product","link":"https:\/\/stoic-curie.212-227-153-4.plesk.page\/pt\/product\/pacote-de-prancha-sup-jobe-aero-lite-varna-11-0\/","title":{"rendered":"Pacote de Prancha SUP Jobe Aero Lite Varna 11.0"},"content":{"rendered":"<p>Pacote de Prancha SUP Jobe Aero Lite Varna 11.0 &#8211; <\/p>\n<p>Experimente o que h\u00e1 de melhor em desempenho leve com a prancha SUP infl\u00e1vel Jobe. Fabricada com tecnologia Heat Bonded e tecido de nylon dur\u00e1vel combinado com PVC, esta prancha possui bordas refor\u00e7adas para maior durabilidade. Ela vem equipada com uma nadadeira estabilizadora flex\u00edvel, deck de tra\u00e7\u00e3o EVA antiderrapante, conectores em D na ponta e na cauda, e uma v\u00e1lvula de infla\u00e7\u00e3o Halkey. Este pacote completo inclui uma bomba de a\u00e7\u00e3o dupla, uma correia de seguran\u00e7a de 3 metros, um remo ajust\u00e1vel de alum\u00ednio de 3 partes e uma mochila \u00e0 prova d&#8217;\u00e1gua. Desfrute de tranquilidade com uma garantia de 3 anos ap\u00f3s o registro no site da Jobe.<\/p>\n","protected":false},"excerpt":{"rendered":"<p>Pacote de Prancha SUP Jobe Aero Lite Varna 11.0 &#8211; Experimente o que h\u00e1 de melhor em desempenho leve com<\/p>\n","protected":false},"featured_media":5949376,"comment_status":"open","ping_status":"closed","template":"","meta":[],"product_brand":[3042],"product_cat":[2132],"product_tag":[],"class_list":{"0":"post-5532092","1":"product","2":"type-product","3":"status-publish","4":"has-post-thumbnail","6":"product_brand-jobe-sports-pt","7":"product_cat-pranchas-de-paddle","9":"first","10":"instock","11":"shipping-taxable","12":"purchasable","13":"product-type-simple"},"_links":{"self":[{"href":"https:\/\/stoic-curie.212-227-153-4.plesk.page\/pt\/wp-json\/wp\/v2\/product\/5532092","targetHints":{"allow":["GET"]}}],"collection":[{"href":"https:\/\/stoic-curie.212-227-153-4.plesk.page\/pt\/wp-json\/wp\/v2\/product"}],"about":[{"href":"https:\/\/stoic-curie.212-227-153-4.plesk.page\/pt\/wp-json\/wp\/v2\/types\/product"}],"replies":[{"embeddable":true,"href":"https:\/\/stoic-curie.212-227-153-4.plesk.page\/pt\/wp-json\/wp\/v2\/comments?post=5532092"}],"version-history":[{"count":0,"href":"https:\/\/stoic-curie.212-227-153-4.plesk.page\/pt\/wp-json\/wp\/v2\/product\/5532092\/revisions"}],"wp:featuredmedia":[{"embeddable":true,"href":"https:\/\/stoic-curie.212-227-153-4.plesk.page\/pt\/wp-json\/wp\/v2\/media\/5949376"}],"wp:attachment":[{"href":"https:\/\/stoic-curie.212-227-153-4.plesk.page\/pt\/wp-json\/wp\/v2\/media?parent=5532092"}],"wp:term":[{"taxonomy":"product_brand","embeddable":true,"href":"https:\/\/stoic-curie.212-227-153-4.plesk.page\/pt\/wp-json\/wp\/v2\/product_brand?post=5532092"},{"taxonomy":"product_cat","embeddable":true,"href":"https:\/\/stoic-curie.212-227-153-4.plesk.page\/pt\/wp-json\/wp\/v2\/product_cat?post=5532092"},{"taxonomy":"product_tag","embeddable":true,"href":"https:\/\/stoic-curie.212-227-153-4.plesk.page\/pt\/wp-json\/wp\/v2\/product_tag?post=5532092"}],"curies":[{"name":"wp","href":"https:\/\/api.w.org\/{rel}","templated":true}]}}