{"id":5532093,"date":"2026-01-29T22:23:05","date_gmt":"2026-01-29T21:23:05","guid":{"rendered":"https:\/\/stoic-curie.212-227-153-4.plesk.page\/product\/inflador-eletrico-ge-24-com-bateria-recarregavel\/"},"modified":"2026-02-25T00:28:46","modified_gmt":"2026-02-25T00:28:46","slug":"inflador-eletrico-ge-24-com-bateria-recarregavel","status":"publish","type":"product","link":"https:\/\/stoic-curie.212-227-153-4.plesk.page\/pt\/product\/inflador-eletrico-ge-24-com-bateria-recarregavel\/","title":{"rendered":"Inflador El\u00e9trico GE 24 com Bateria Recarreg\u00e1vel"},"content":{"rendered":"<p>Inflador El\u00e9trico GE 24 com Bateria Recarreg\u00e1vel &#8211; Este potente inflador el\u00e9trico opera a 150 mbar, com uma taxa de fluxo de 600 litros por minuto e uma press\u00e3o m\u00e1xima de 150 mbar. Possui uma bateria recarreg\u00e1vel para conveni\u00eancia e portabilidade.<\/p>\n","protected":false},"excerpt":{"rendered":"<p>Inflador El\u00e9trico GE 24 com Bateria Recarreg\u00e1vel &#8211; Este potente inflador el\u00e9trico opera a 150 mbar, com uma taxa de<\/p>\n","protected":false},"featured_media":5949380,"comment_status":"open","ping_status":"closed","template":"","meta":[],"product_brand":[2852],"product_cat":[2122],"product_tag":[],"class_list":{"0":"post-5532093","1":"product","2":"type-product","3":"status-publish","4":"has-post-thumbnail","6":"product_brand-bravo-scoprega-pt","7":"product_cat-bombas-de-ar-para-embarcacoes-auxiliares","9":"first","10":"instock","11":"shipping-taxable","12":"purchasable","13":"product-type-simple"},"_links":{"self":[{"href":"https:\/\/stoic-curie.212-227-153-4.plesk.page\/pt\/wp-json\/wp\/v2\/product\/5532093","targetHints":{"allow":["GET"]}}],"collection":[{"href":"https:\/\/stoic-curie.212-227-153-4.plesk.page\/pt\/wp-json\/wp\/v2\/product"}],"about":[{"href":"https:\/\/stoic-curie.212-227-153-4.plesk.page\/pt\/wp-json\/wp\/v2\/types\/product"}],"replies":[{"embeddable":true,"href":"https:\/\/stoic-curie.212-227-153-4.plesk.page\/pt\/wp-json\/wp\/v2\/comments?post=5532093"}],"version-history":[{"count":0,"href":"https:\/\/stoic-curie.212-227-153-4.plesk.page\/pt\/wp-json\/wp\/v2\/product\/5532093\/revisions"}],"wp:featuredmedia":[{"embeddable":true,"href":"https:\/\/stoic-curie.212-227-153-4.plesk.page\/pt\/wp-json\/wp\/v2\/media\/5949380"}],"wp:attachment":[{"href":"https:\/\/stoic-curie.212-227-153-4.plesk.page\/pt\/wp-json\/wp\/v2\/media?parent=5532093"}],"wp:term":[{"taxonomy":"product_brand","embeddable":true,"href":"https:\/\/stoic-curie.212-227-153-4.plesk.page\/pt\/wp-json\/wp\/v2\/product_brand?post=5532093"},{"taxonomy":"product_cat","embeddable":true,"href":"https:\/\/stoic-curie.212-227-153-4.plesk.page\/pt\/wp-json\/wp\/v2\/product_cat?post=5532093"},{"taxonomy":"product_tag","embeddable":true,"href":"https:\/\/stoic-curie.212-227-153-4.plesk.page\/pt\/wp-json\/wp\/v2\/product_tag?post=5532093"}],"curies":[{"name":"wp","href":"https:\/\/api.w.org\/{rel}","templated":true}]}}