{"id":5532094,"date":"2026-01-29T22:23:06","date_gmt":"2026-01-29T21:23:06","guid":{"rendered":"https:\/\/stoic-curie.212-227-153-4.plesk.page\/product\/bomba-eletrica-portatil-jobe-com-bolsa\/"},"modified":"2026-02-25T00:28:46","modified_gmt":"2026-02-25T00:28:46","slug":"bomba-eletrica-portatil-jobe-com-bolsa","status":"publish","type":"product","link":"https:\/\/stoic-curie.212-227-153-4.plesk.page\/pt\/product\/bomba-eletrica-portatil-jobe-com-bolsa\/","title":{"rendered":"Bomba el\u00e9trica port\u00e1til Jobe com bolsa"},"content":{"rendered":"<p>Bomba el\u00e9trica port\u00e1til Jobe com bolsa &#8211; <\/p>\n<p>A bomba el\u00e9trica port\u00e1til Jobe vem com uma bolsa de transporte pr\u00e1tica que tem um cabo confort\u00e1vel. Infla e desinfla de forma eficiente, alcan\u00e7ando at\u00e9 20 psi e desliga automaticamente ap\u00f3s atingir a psi desejada. Equipado com um bico Halkey Roberts que se adapta a todas as v\u00e1lvulas SUP da Jobe. A bomba funciona com um plugue de isqueiro ou com uma bateria separada (inclusa). Peso: 4,2 kg. Dimens\u00f5es da bomba: 23 x 18 x H16 cm. Dimens\u00f5es da bateria: 15,6 x 9,6 x H14,6 cm.<\/p>\n","protected":false},"excerpt":{"rendered":"<p>Bomba el\u00e9trica port\u00e1til Jobe com bolsa &#8211; A bomba el\u00e9trica port\u00e1til Jobe vem com uma bolsa de transporte pr\u00e1tica que<\/p>\n","protected":false},"featured_media":5949382,"comment_status":"open","ping_status":"closed","template":"","meta":[],"product_brand":[3042],"product_cat":[2133,2132],"product_tag":[],"class_list":{"0":"post-5532094","1":"product","2":"type-product","3":"status-publish","4":"has-post-thumbnail","6":"product_brand-jobe-sports-pt","7":"product_cat-acessorios-para-esqui-aquatico","8":"product_cat-pranchas-de-paddle","10":"first","11":"instock","12":"shipping-taxable","13":"purchasable","14":"product-type-simple"},"_links":{"self":[{"href":"https:\/\/stoic-curie.212-227-153-4.plesk.page\/pt\/wp-json\/wp\/v2\/product\/5532094","targetHints":{"allow":["GET"]}}],"collection":[{"href":"https:\/\/stoic-curie.212-227-153-4.plesk.page\/pt\/wp-json\/wp\/v2\/product"}],"about":[{"href":"https:\/\/stoic-curie.212-227-153-4.plesk.page\/pt\/wp-json\/wp\/v2\/types\/product"}],"replies":[{"embeddable":true,"href":"https:\/\/stoic-curie.212-227-153-4.plesk.page\/pt\/wp-json\/wp\/v2\/comments?post=5532094"}],"version-history":[{"count":0,"href":"https:\/\/stoic-curie.212-227-153-4.plesk.page\/pt\/wp-json\/wp\/v2\/product\/5532094\/revisions"}],"wp:featuredmedia":[{"embeddable":true,"href":"https:\/\/stoic-curie.212-227-153-4.plesk.page\/pt\/wp-json\/wp\/v2\/media\/5949382"}],"wp:attachment":[{"href":"https:\/\/stoic-curie.212-227-153-4.plesk.page\/pt\/wp-json\/wp\/v2\/media?parent=5532094"}],"wp:term":[{"taxonomy":"product_brand","embeddable":true,"href":"https:\/\/stoic-curie.212-227-153-4.plesk.page\/pt\/wp-json\/wp\/v2\/product_brand?post=5532094"},{"taxonomy":"product_cat","embeddable":true,"href":"https:\/\/stoic-curie.212-227-153-4.plesk.page\/pt\/wp-json\/wp\/v2\/product_cat?post=5532094"},{"taxonomy":"product_tag","embeddable":true,"href":"https:\/\/stoic-curie.212-227-153-4.plesk.page\/pt\/wp-json\/wp\/v2\/product_tag?post=5532094"}],"curies":[{"name":"wp","href":"https:\/\/api.w.org\/{rel}","templated":true}]}}