{"id":5532095,"date":"2026-01-29T22:23:07","date_gmt":"2026-01-29T21:23:07","guid":{"rendered":"https:\/\/stoic-curie.212-227-153-4.plesk.page\/product\/casaco-musto-br3-offshore-tamanho-s-azul\/"},"modified":"2026-02-25T00:28:59","modified_gmt":"2026-02-25T00:28:59","slug":"casaco-musto-br3-offshore-tamanho-s-azul","status":"publish","type":"product","link":"https:\/\/stoic-curie.212-227-153-4.plesk.page\/pt\/product\/casaco-musto-br3-offshore-tamanho-s-azul\/","title":{"rendered":"Casaco Musto BR3 Offshore Tamanho S &#8211; Azul"},"content":{"rendered":"<p>Casaco Musto BR3 Offshore Tamanho S &#8211; Azul &#8211; <\/p>\n<p>O casaco Musto foi projetado para oferecer prote\u00e7\u00e3o e conforto superiores durante navega\u00e7\u00f5es offshore exigentes. Feito de tecido Pertex\u00ae Shield de 3 camadas, \u00e9 imperme\u00e1vel at\u00e9 20.000 mm e respir\u00e1vel, com um tratamento DWR livre de PFC. Possui um colarinho alto com capuz ajust\u00e1vel e dobr\u00e1vel em neon, mangas articuladas, z\u00edper bidirecional YKK\u00ae AquaGuard\u00ae e bolsos com orif\u00edcios de drenagem. Detalhes refletivos nos ombros, peito e punhos melhoram a visibilidade. Certificado bluesign\u00ae, ajuste regular. <a href='#'>Clique aqui para verificar o tamanho exato.<\/a><\/p>\n","protected":false},"excerpt":{"rendered":"<p>Casaco Musto BR3 Offshore Tamanho S &#8211; Azul &#8211; O casaco Musto foi projetado para oferecer prote\u00e7\u00e3o e conforto superiores<\/p>\n","protected":false},"featured_media":5949514,"comment_status":"open","ping_status":"closed","template":"","meta":[],"product_brand":[3157],"product_cat":[2141],"product_tag":[],"class_list":{"0":"post-5532095","1":"product","2":"type-product","3":"status-publish","4":"has-post-thumbnail","6":"product_brand-musto-pt","7":"product_cat-vestuario-de-vela-musto","9":"first","10":"instock","11":"shipping-taxable","12":"purchasable","13":"product-type-simple"},"_links":{"self":[{"href":"https:\/\/stoic-curie.212-227-153-4.plesk.page\/pt\/wp-json\/wp\/v2\/product\/5532095","targetHints":{"allow":["GET"]}}],"collection":[{"href":"https:\/\/stoic-curie.212-227-153-4.plesk.page\/pt\/wp-json\/wp\/v2\/product"}],"about":[{"href":"https:\/\/stoic-curie.212-227-153-4.plesk.page\/pt\/wp-json\/wp\/v2\/types\/product"}],"replies":[{"embeddable":true,"href":"https:\/\/stoic-curie.212-227-153-4.plesk.page\/pt\/wp-json\/wp\/v2\/comments?post=5532095"}],"version-history":[{"count":0,"href":"https:\/\/stoic-curie.212-227-153-4.plesk.page\/pt\/wp-json\/wp\/v2\/product\/5532095\/revisions"}],"wp:featuredmedia":[{"embeddable":true,"href":"https:\/\/stoic-curie.212-227-153-4.plesk.page\/pt\/wp-json\/wp\/v2\/media\/5949514"}],"wp:attachment":[{"href":"https:\/\/stoic-curie.212-227-153-4.plesk.page\/pt\/wp-json\/wp\/v2\/media?parent=5532095"}],"wp:term":[{"taxonomy":"product_brand","embeddable":true,"href":"https:\/\/stoic-curie.212-227-153-4.plesk.page\/pt\/wp-json\/wp\/v2\/product_brand?post=5532095"},{"taxonomy":"product_cat","embeddable":true,"href":"https:\/\/stoic-curie.212-227-153-4.plesk.page\/pt\/wp-json\/wp\/v2\/product_cat?post=5532095"},{"taxonomy":"product_tag","embeddable":true,"href":"https:\/\/stoic-curie.212-227-153-4.plesk.page\/pt\/wp-json\/wp\/v2\/product_tag?post=5532095"}],"curies":[{"name":"wp","href":"https:\/\/api.w.org\/{rel}","templated":true}]}}