{"id":5532100,"date":"2026-01-29T22:23:11","date_gmt":"2026-01-29T21:23:11","guid":{"rendered":"https:\/\/stoic-curie.212-227-153-4.plesk.page\/product\/jaqueta-offshore-musto-br3-tamanho-s-vermelha\/"},"modified":"2026-02-25T00:28:59","modified_gmt":"2026-02-25T00:28:59","slug":"jaqueta-offshore-musto-br3-tamanho-s-vermelha","status":"publish","type":"product","link":"https:\/\/stoic-curie.212-227-153-4.plesk.page\/pt\/product\/jaqueta-offshore-musto-br3-tamanho-s-vermelha\/","title":{"rendered":"Jaqueta Offshore Musto BR3 Tamanho S &#8211; Vermelha"},"content":{"rendered":"<p>Jaqueta Offshore Musto BR3 Tamanho S &#8211; Vermelha &#8211; <\/p>\n<p>A jaqueta Musto \u00e9 projetada para oferecer prote\u00e7\u00e3o e conforto excepcionais durante navega\u00e7\u00f5es offshore exigentes. Feita de tecido Pertex\u00ae Shield de 3 camadas, \u00e9 imperme\u00e1vel at\u00e9 20.000 mm e respir\u00e1vel, com tratamento DWR livre de PFC. As caracter\u00edsticas principais incluem um colar alto com capuz neon ajust\u00e1vel e dobr\u00e1vel, mangas articuladas para maior mobilidade, z\u00edper de duas vias YKK\u00ae AquaGuard\u00ae e bolsos com furos de drenagem. Elementos refletivos nos ombros, peito e punhos garantem maior visibilidade em condi\u00e7\u00f5es de pouca luz. Esta jaqueta \u00e9 certificada bluesign\u00ae e oferece um ajuste regular. <a href=\"#\">Clique aqui para verificar o tamanho exato.<\/a><\/p>\n","protected":false},"excerpt":{"rendered":"<p>Jaqueta Offshore Musto BR3 Tamanho S &#8211; Vermelha &#8211; A jaqueta Musto \u00e9 projetada para oferecer prote\u00e7\u00e3o e conforto excepcionais<\/p>\n","protected":false},"featured_media":5949514,"comment_status":"open","ping_status":"closed","template":"","meta":[],"product_brand":[3157],"product_cat":[2141],"product_tag":[],"class_list":{"0":"post-5532100","1":"product","2":"type-product","3":"status-publish","4":"has-post-thumbnail","6":"product_brand-musto-pt","7":"product_cat-vestuario-de-vela-musto","9":"first","10":"instock","11":"shipping-taxable","12":"purchasable","13":"product-type-simple"},"_links":{"self":[{"href":"https:\/\/stoic-curie.212-227-153-4.plesk.page\/pt\/wp-json\/wp\/v2\/product\/5532100","targetHints":{"allow":["GET"]}}],"collection":[{"href":"https:\/\/stoic-curie.212-227-153-4.plesk.page\/pt\/wp-json\/wp\/v2\/product"}],"about":[{"href":"https:\/\/stoic-curie.212-227-153-4.plesk.page\/pt\/wp-json\/wp\/v2\/types\/product"}],"replies":[{"embeddable":true,"href":"https:\/\/stoic-curie.212-227-153-4.plesk.page\/pt\/wp-json\/wp\/v2\/comments?post=5532100"}],"version-history":[{"count":0,"href":"https:\/\/stoic-curie.212-227-153-4.plesk.page\/pt\/wp-json\/wp\/v2\/product\/5532100\/revisions"}],"wp:featuredmedia":[{"embeddable":true,"href":"https:\/\/stoic-curie.212-227-153-4.plesk.page\/pt\/wp-json\/wp\/v2\/media\/5949514"}],"wp:attachment":[{"href":"https:\/\/stoic-curie.212-227-153-4.plesk.page\/pt\/wp-json\/wp\/v2\/media?parent=5532100"}],"wp:term":[{"taxonomy":"product_brand","embeddable":true,"href":"https:\/\/stoic-curie.212-227-153-4.plesk.page\/pt\/wp-json\/wp\/v2\/product_brand?post=5532100"},{"taxonomy":"product_cat","embeddable":true,"href":"https:\/\/stoic-curie.212-227-153-4.plesk.page\/pt\/wp-json\/wp\/v2\/product_cat?post=5532100"},{"taxonomy":"product_tag","embeddable":true,"href":"https:\/\/stoic-curie.212-227-153-4.plesk.page\/pt\/wp-json\/wp\/v2\/product_tag?post=5532100"}],"curies":[{"name":"wp","href":"https:\/\/api.w.org\/{rel}","templated":true}]}}