{"id":5532105,"date":"2026-01-29T22:23:15","date_gmt":"2026-01-29T21:23:15","guid":{"rendered":"https:\/\/stoic-curie.212-227-153-4.plesk.page\/product\/salopette-offshore-musto-br3-tamanho-m-cor-preto\/"},"modified":"2026-02-25T00:28:59","modified_gmt":"2026-02-25T00:28:59","slug":"salopette-offshore-musto-br3-tamanho-m-cor-preto","status":"publish","type":"product","link":"https:\/\/stoic-curie.212-227-153-4.plesk.page\/pt\/product\/salopette-offshore-musto-br3-tamanho-m-cor-preto\/","title":{"rendered":"Salopette Offshore Musto BR3 Tamanho M Cor Preto"},"content":{"rendered":"<p>Salopette Offshore Musto BR3 Tamanho M Cor Preto &#8211; <\/p>\n<p>A salopette Musto foi projetada especialmente para navega\u00e7\u00e3o offshore. \u00c9 feita com tecido Pertex\u00ae Shield de 3 camadas, que \u00e9 imperme\u00e1vel e respir\u00e1vel. O tratamento repelente \u00e0 \u00e1gua livre de PFC e as costuras totalmente seladas aumentam sua durabilidade. As \u00e1reas refor\u00e7adas nos joelhos, assento e barra oferecem resist\u00eancia adicional, enquanto os suspens\u00f3rios ajust\u00e1veis e os joelhos articulados garantem a m\u00e1xima liberdade de movimento. A salopette possui bolsos profundos com orif\u00edcios de drenagem, uma al\u00e7a para ferramentas m\u00faltiplas e detalhes reflexivos para maior visibilidade. \u00c9 um produto certificado pela bluesign\u00ae e oferece um ajuste regular.<br \/>Clique aqui para verificar o tamanho exato:<\/p>\n","protected":false},"excerpt":{"rendered":"<p>Salopette Offshore Musto BR3 Tamanho M Cor Preto &#8211; A salopette Musto foi projetada especialmente para navega\u00e7\u00e3o offshore. \u00c9 feita<\/p>\n","protected":false},"featured_media":5949521,"comment_status":"open","ping_status":"closed","template":"","meta":[],"product_brand":[3157],"product_cat":[2141],"product_tag":[],"class_list":{"0":"post-5532105","1":"product","2":"type-product","3":"status-publish","4":"has-post-thumbnail","6":"product_brand-musto-pt","7":"product_cat-vestuario-de-vela-musto","9":"first","10":"instock","11":"shipping-taxable","12":"purchasable","13":"product-type-simple"},"_links":{"self":[{"href":"https:\/\/stoic-curie.212-227-153-4.plesk.page\/pt\/wp-json\/wp\/v2\/product\/5532105","targetHints":{"allow":["GET"]}}],"collection":[{"href":"https:\/\/stoic-curie.212-227-153-4.plesk.page\/pt\/wp-json\/wp\/v2\/product"}],"about":[{"href":"https:\/\/stoic-curie.212-227-153-4.plesk.page\/pt\/wp-json\/wp\/v2\/types\/product"}],"replies":[{"embeddable":true,"href":"https:\/\/stoic-curie.212-227-153-4.plesk.page\/pt\/wp-json\/wp\/v2\/comments?post=5532105"}],"version-history":[{"count":0,"href":"https:\/\/stoic-curie.212-227-153-4.plesk.page\/pt\/wp-json\/wp\/v2\/product\/5532105\/revisions"}],"wp:featuredmedia":[{"embeddable":true,"href":"https:\/\/stoic-curie.212-227-153-4.plesk.page\/pt\/wp-json\/wp\/v2\/media\/5949521"}],"wp:attachment":[{"href":"https:\/\/stoic-curie.212-227-153-4.plesk.page\/pt\/wp-json\/wp\/v2\/media?parent=5532105"}],"wp:term":[{"taxonomy":"product_brand","embeddable":true,"href":"https:\/\/stoic-curie.212-227-153-4.plesk.page\/pt\/wp-json\/wp\/v2\/product_brand?post=5532105"},{"taxonomy":"product_cat","embeddable":true,"href":"https:\/\/stoic-curie.212-227-153-4.plesk.page\/pt\/wp-json\/wp\/v2\/product_cat?post=5532105"},{"taxonomy":"product_tag","embeddable":true,"href":"https:\/\/stoic-curie.212-227-153-4.plesk.page\/pt\/wp-json\/wp\/v2\/product_tag?post=5532105"}],"curies":[{"name":"wp","href":"https:\/\/api.w.org\/{rel}","templated":true}]}}