{"id":5532107,"date":"2026-01-29T22:23:17","date_gmt":"2026-01-29T21:23:17","guid":{"rendered":"https:\/\/stoic-curie.212-227-153-4.plesk.page\/product\/salopette-musto-br3-offshore-tamanho-xl-preto\/"},"modified":"2026-02-25T00:28:59","modified_gmt":"2026-02-25T00:28:59","slug":"salopette-musto-br3-offshore-tamanho-xl-preto","status":"publish","type":"product","link":"https:\/\/stoic-curie.212-227-153-4.plesk.page\/pt\/product\/salopette-musto-br3-offshore-tamanho-xl-preto\/","title":{"rendered":"Salopette Musto BR3 Offshore &#8211; Tamanho XL &#8211; Preto"},"content":{"rendered":"<p>Salopette Musto BR3 Offshore &#8211; Tamanho XL &#8211; Preto &#8211; <\/p>\n<p>A salopette Musto \u00e9 projetada especificamente para navega\u00e7\u00e3o offshore e \u00e9 feita com tecido Pertex\u00ae Shield de 3 camadas, garantindo que seja \u00e0 prova d&#8217;\u00e1gua e respir\u00e1vel. Possui um tratamento repelente \u00e0 \u00e1gua livre de PFC e costuras completamente seladas para maior prote\u00e7\u00e3o. Para aumentar a durabilidade, a salopette \u00e9 refor\u00e7ada nos joelhos, no assento e na barra. Oferece m\u00e1xima liberdade de movimento com al\u00e7as ajust\u00e1veis e joelhos articulados. Entre as caracter\u00edsticas adicionais, h\u00e1 bolsos profundos com furos de drenagem, uma faixa para ferramentas m\u00faltiplas e detalhes refletivos para maior visibilidade. Este produto \u00e9 certificado bluesign\u00ae e tem um ajuste regular. <a href='#'>Clique aqui para verificar o tamanho exato.<\/a><\/p>\n","protected":false},"excerpt":{"rendered":"<p>Salopette Musto BR3 Offshore &#8211; Tamanho XL &#8211; Preto &#8211; A salopette Musto \u00e9 projetada especificamente para navega\u00e7\u00e3o offshore e<\/p>\n","protected":false},"featured_media":5949521,"comment_status":"open","ping_status":"closed","template":"","meta":[],"product_brand":[3157],"product_cat":[2141],"product_tag":[],"class_list":{"0":"post-5532107","1":"product","2":"type-product","3":"status-publish","4":"has-post-thumbnail","6":"product_brand-musto-pt","7":"product_cat-vestuario-de-vela-musto","9":"first","10":"instock","11":"shipping-taxable","12":"purchasable","13":"product-type-simple"},"_links":{"self":[{"href":"https:\/\/stoic-curie.212-227-153-4.plesk.page\/pt\/wp-json\/wp\/v2\/product\/5532107","targetHints":{"allow":["GET"]}}],"collection":[{"href":"https:\/\/stoic-curie.212-227-153-4.plesk.page\/pt\/wp-json\/wp\/v2\/product"}],"about":[{"href":"https:\/\/stoic-curie.212-227-153-4.plesk.page\/pt\/wp-json\/wp\/v2\/types\/product"}],"replies":[{"embeddable":true,"href":"https:\/\/stoic-curie.212-227-153-4.plesk.page\/pt\/wp-json\/wp\/v2\/comments?post=5532107"}],"version-history":[{"count":0,"href":"https:\/\/stoic-curie.212-227-153-4.plesk.page\/pt\/wp-json\/wp\/v2\/product\/5532107\/revisions"}],"wp:featuredmedia":[{"embeddable":true,"href":"https:\/\/stoic-curie.212-227-153-4.plesk.page\/pt\/wp-json\/wp\/v2\/media\/5949521"}],"wp:attachment":[{"href":"https:\/\/stoic-curie.212-227-153-4.plesk.page\/pt\/wp-json\/wp\/v2\/media?parent=5532107"}],"wp:term":[{"taxonomy":"product_brand","embeddable":true,"href":"https:\/\/stoic-curie.212-227-153-4.plesk.page\/pt\/wp-json\/wp\/v2\/product_brand?post=5532107"},{"taxonomy":"product_cat","embeddable":true,"href":"https:\/\/stoic-curie.212-227-153-4.plesk.page\/pt\/wp-json\/wp\/v2\/product_cat?post=5532107"},{"taxonomy":"product_tag","embeddable":true,"href":"https:\/\/stoic-curie.212-227-153-4.plesk.page\/pt\/wp-json\/wp\/v2\/product_tag?post=5532107"}],"curies":[{"name":"wp","href":"https:\/\/api.w.org\/{rel}","templated":true}]}}