{"id":5532108,"date":"2026-01-29T22:23:18","date_gmt":"2026-01-29T21:23:18","guid":{"rendered":"https:\/\/stoic-curie.212-227-153-4.plesk.page\/product\/salopette-musto-br3-offshore-tamanho-2xl-preto\/"},"modified":"2026-02-25T00:28:59","modified_gmt":"2026-02-25T00:28:59","slug":"salopette-musto-br3-offshore-tamanho-2xl-preto","status":"publish","type":"product","link":"https:\/\/stoic-curie.212-227-153-4.plesk.page\/pt\/product\/salopette-musto-br3-offshore-tamanho-2xl-preto\/","title":{"rendered":"Salopette Musto BR3 Offshore Tamanho 2XL &#8211; Preto"},"content":{"rendered":"<p>Salopette Musto BR3 Offshore Tamanho 2XL &#8211; Preto &#8211; <\/p>\n<p>A salopette Musto \u00e9 projetada especificamente para navega\u00e7\u00e3o offshore. \u00c9 confeccionada em tecido Pertex\u00ae Shield de 3 camadas, que \u00e9 imperme\u00e1vel e respir\u00e1vel. Com um tratamento repelente \u00e0 \u00e1gua livre de PFC e costuras totalmente seladas, esta salopette garante prote\u00e7\u00e3o ideal contra os elementos. Refor\u00e7ada nos joelhos, assento e na barra para maior durabilidade, oferece m\u00e1xima liberdade de movimento com al\u00e7as ajust\u00e1veis e joelhos articulados. Outras caracter\u00edsticas incluem bolsos profundos com orif\u00edcios de drenagem, uma cinta para ferramentas multifuncionais e detalhes refletivos para aumentar a visibilidade. Este produto \u00e9 certificado pela bluesign\u00ae e \u00e9 de ajuste regular. Clique aqui para verificar o tamanho exato:<\/p>\n","protected":false},"excerpt":{"rendered":"<p>Salopette Musto BR3 Offshore Tamanho 2XL &#8211; Preto &#8211; A salopette Musto \u00e9 projetada especificamente para navega\u00e7\u00e3o offshore. \u00c9 confeccionada<\/p>\n","protected":false},"featured_media":5949521,"comment_status":"open","ping_status":"closed","template":"","meta":[],"product_brand":[3157],"product_cat":[2141],"product_tag":[],"class_list":{"0":"post-5532108","1":"product","2":"type-product","3":"status-publish","4":"has-post-thumbnail","6":"product_brand-musto-pt","7":"product_cat-vestuario-de-vela-musto","9":"first","10":"instock","11":"shipping-taxable","12":"purchasable","13":"product-type-simple"},"_links":{"self":[{"href":"https:\/\/stoic-curie.212-227-153-4.plesk.page\/pt\/wp-json\/wp\/v2\/product\/5532108","targetHints":{"allow":["GET"]}}],"collection":[{"href":"https:\/\/stoic-curie.212-227-153-4.plesk.page\/pt\/wp-json\/wp\/v2\/product"}],"about":[{"href":"https:\/\/stoic-curie.212-227-153-4.plesk.page\/pt\/wp-json\/wp\/v2\/types\/product"}],"replies":[{"embeddable":true,"href":"https:\/\/stoic-curie.212-227-153-4.plesk.page\/pt\/wp-json\/wp\/v2\/comments?post=5532108"}],"version-history":[{"count":0,"href":"https:\/\/stoic-curie.212-227-153-4.plesk.page\/pt\/wp-json\/wp\/v2\/product\/5532108\/revisions"}],"wp:featuredmedia":[{"embeddable":true,"href":"https:\/\/stoic-curie.212-227-153-4.plesk.page\/pt\/wp-json\/wp\/v2\/media\/5949521"}],"wp:attachment":[{"href":"https:\/\/stoic-curie.212-227-153-4.plesk.page\/pt\/wp-json\/wp\/v2\/media?parent=5532108"}],"wp:term":[{"taxonomy":"product_brand","embeddable":true,"href":"https:\/\/stoic-curie.212-227-153-4.plesk.page\/pt\/wp-json\/wp\/v2\/product_brand?post=5532108"},{"taxonomy":"product_cat","embeddable":true,"href":"https:\/\/stoic-curie.212-227-153-4.plesk.page\/pt\/wp-json\/wp\/v2\/product_cat?post=5532108"},{"taxonomy":"product_tag","embeddable":true,"href":"https:\/\/stoic-curie.212-227-153-4.plesk.page\/pt\/wp-json\/wp\/v2\/product_tag?post=5532108"}],"curies":[{"name":"wp","href":"https:\/\/api.w.org\/{rel}","templated":true}]}}