{"id":5532111,"date":"2026-01-29T22:23:21","date_gmt":"2026-01-29T21:23:21","guid":{"rendered":"https:\/\/stoic-curie.212-227-153-4.plesk.page\/product\/kit-de-conversao-aquat-standard-eletrico-spx-81-47442-01\/"},"modified":"2026-02-25T00:29:28","modified_gmt":"2026-02-25T00:29:28","slug":"kit-de-conversao-aquat-standard-eletrico-spx-81-47442-01","status":"publish","type":"product","link":"https:\/\/stoic-curie.212-227-153-4.plesk.page\/pt\/product\/kit-de-conversao-aquat-standard-eletrico-spx-81-47442-01\/","title":{"rendered":"Kit de Convers\u00e3o Aquat Standard El\u00e9trico SPX 81-47442-01"},"content":{"rendered":"<p>Kit de Convers\u00e3o Aquat Standard El\u00e9trico SPX 81-47442-01 &#8211; <\/p>\n<p>O kit de convers\u00e3o el\u00e9trica padr\u00e3o \u00e9 projetado como um kit de reposi\u00e7\u00e3o para tigelas de tamanho compacto ou conforto. Permite converter um modelo manual em el\u00e9trico ou substituir um sistema el\u00e9trico existente por um pr\u00e1tico sistema de descarga e descarga &#8216;de um toque&#8217;. O kit inclui uma bomba, base, mangueira, conex\u00f5es e o painel de controle de um toque. \u00c9 compat\u00edvel com todos os modelos el\u00e9tricos padr\u00e3o AquaTTM.<\/p>\n","protected":false},"excerpt":{"rendered":"<p>Kit de Convers\u00e3o Aquat Standard El\u00e9trico SPX 81-47442-01 &#8211; O kit de convers\u00e3o el\u00e9trica padr\u00e3o \u00e9 projetado como um kit<\/p>\n","protected":false},"featured_media":5949720,"comment_status":"open","ping_status":"closed","template":"","meta":[],"product_brand":[3047],"product_cat":[1962],"product_tag":[],"class_list":{"0":"post-5532111","1":"product","2":"type-product","3":"status-publish","4":"has-post-thumbnail","6":"product_brand-johnson-marine-pt","7":"product_cat-sanitarios-e-casas-de-banho","9":"first","10":"instock","11":"shipping-taxable","12":"purchasable","13":"product-type-simple"},"_links":{"self":[{"href":"https:\/\/stoic-curie.212-227-153-4.plesk.page\/pt\/wp-json\/wp\/v2\/product\/5532111","targetHints":{"allow":["GET"]}}],"collection":[{"href":"https:\/\/stoic-curie.212-227-153-4.plesk.page\/pt\/wp-json\/wp\/v2\/product"}],"about":[{"href":"https:\/\/stoic-curie.212-227-153-4.plesk.page\/pt\/wp-json\/wp\/v2\/types\/product"}],"replies":[{"embeddable":true,"href":"https:\/\/stoic-curie.212-227-153-4.plesk.page\/pt\/wp-json\/wp\/v2\/comments?post=5532111"}],"version-history":[{"count":0,"href":"https:\/\/stoic-curie.212-227-153-4.plesk.page\/pt\/wp-json\/wp\/v2\/product\/5532111\/revisions"}],"wp:featuredmedia":[{"embeddable":true,"href":"https:\/\/stoic-curie.212-227-153-4.plesk.page\/pt\/wp-json\/wp\/v2\/media\/5949720"}],"wp:attachment":[{"href":"https:\/\/stoic-curie.212-227-153-4.plesk.page\/pt\/wp-json\/wp\/v2\/media?parent=5532111"}],"wp:term":[{"taxonomy":"product_brand","embeddable":true,"href":"https:\/\/stoic-curie.212-227-153-4.plesk.page\/pt\/wp-json\/wp\/v2\/product_brand?post=5532111"},{"taxonomy":"product_cat","embeddable":true,"href":"https:\/\/stoic-curie.212-227-153-4.plesk.page\/pt\/wp-json\/wp\/v2\/product_cat?post=5532111"},{"taxonomy":"product_tag","embeddable":true,"href":"https:\/\/stoic-curie.212-227-153-4.plesk.page\/pt\/wp-json\/wp\/v2\/product_tag?post=5532111"}],"curies":[{"name":"wp","href":"https:\/\/api.w.org\/{rel}","templated":true}]}}