{"id":5532112,"date":"2026-01-29T22:23:22","date_gmt":"2026-01-29T21:23:22","guid":{"rendered":"https:\/\/stoic-curie.212-227-153-4.plesk.page\/product\/kit-de-conversao-aquat-standard-electric-spx-81-47442-02\/"},"modified":"2026-02-25T00:29:28","modified_gmt":"2026-02-25T00:29:28","slug":"kit-de-conversao-aquat-standard-electric-spx-81-47442-02","status":"publish","type":"product","link":"https:\/\/stoic-curie.212-227-153-4.plesk.page\/pt\/product\/kit-de-conversao-aquat-standard-electric-spx-81-47442-02\/","title":{"rendered":"Kit de Convers\u00e3o Aquat Standard Electric SPX 81-47442-02"},"content":{"rendered":"<p>Kit de Convers\u00e3o Aquat Standard Electric SPX 81-47442-02 &#8211; <\/p>\n<p>Kit de convers\u00e3o Standard Electric\/kit de reposi\u00e7\u00e3o para tigelas de tamanho Compacto ou Comfort. Este kit permite converter um modelo manual em el\u00e9trico ou substituir um sistema el\u00e9trico existente por um sistema de descarga e descarga &#8220;de um toque&#8221;. Inclui bomba, base, mangueira, acess\u00f3rios e um painel de controle de um toque. Compat\u00edvel com todos os modelos AquaT\u2122 Standard Electric.<\/p>\n","protected":false},"excerpt":{"rendered":"<p>Kit de Convers\u00e3o Aquat Standard Electric SPX 81-47442-02 &#8211; Kit de convers\u00e3o Standard Electric\/kit de reposi\u00e7\u00e3o para tigelas de tamanho<\/p>\n","protected":false},"featured_media":5949720,"comment_status":"open","ping_status":"closed","template":"","meta":[],"product_brand":[3047],"product_cat":[1962],"product_tag":[],"class_list":{"0":"post-5532112","1":"product","2":"type-product","3":"status-publish","4":"has-post-thumbnail","6":"product_brand-johnson-marine-pt","7":"product_cat-sanitarios-e-casas-de-banho","9":"first","10":"instock","11":"shipping-taxable","12":"purchasable","13":"product-type-simple"},"_links":{"self":[{"href":"https:\/\/stoic-curie.212-227-153-4.plesk.page\/pt\/wp-json\/wp\/v2\/product\/5532112","targetHints":{"allow":["GET"]}}],"collection":[{"href":"https:\/\/stoic-curie.212-227-153-4.plesk.page\/pt\/wp-json\/wp\/v2\/product"}],"about":[{"href":"https:\/\/stoic-curie.212-227-153-4.plesk.page\/pt\/wp-json\/wp\/v2\/types\/product"}],"replies":[{"embeddable":true,"href":"https:\/\/stoic-curie.212-227-153-4.plesk.page\/pt\/wp-json\/wp\/v2\/comments?post=5532112"}],"version-history":[{"count":0,"href":"https:\/\/stoic-curie.212-227-153-4.plesk.page\/pt\/wp-json\/wp\/v2\/product\/5532112\/revisions"}],"wp:featuredmedia":[{"embeddable":true,"href":"https:\/\/stoic-curie.212-227-153-4.plesk.page\/pt\/wp-json\/wp\/v2\/media\/5949720"}],"wp:attachment":[{"href":"https:\/\/stoic-curie.212-227-153-4.plesk.page\/pt\/wp-json\/wp\/v2\/media?parent=5532112"}],"wp:term":[{"taxonomy":"product_brand","embeddable":true,"href":"https:\/\/stoic-curie.212-227-153-4.plesk.page\/pt\/wp-json\/wp\/v2\/product_brand?post=5532112"},{"taxonomy":"product_cat","embeddable":true,"href":"https:\/\/stoic-curie.212-227-153-4.plesk.page\/pt\/wp-json\/wp\/v2\/product_cat?post=5532112"},{"taxonomy":"product_tag","embeddable":true,"href":"https:\/\/stoic-curie.212-227-153-4.plesk.page\/pt\/wp-json\/wp\/v2\/product_tag?post=5532112"}],"curies":[{"name":"wp","href":"https:\/\/api.w.org\/{rel}","templated":true}]}}