{"id":5532121,"date":"2026-01-29T22:23:30","date_gmt":"2026-01-29T21:23:30","guid":{"rendered":"https:\/\/stoic-curie.212-227-153-4.plesk.page\/product\/bomba-johnson-f8b-5000-tss-10-13176-99\/"},"modified":"2026-02-25T00:29:28","modified_gmt":"2026-02-25T00:29:28","slug":"bomba-johnson-f8b-5000-tss-10-13176-99","status":"publish","type":"product","link":"https:\/\/stoic-curie.212-227-153-4.plesk.page\/pt\/product\/bomba-johnson-f8b-5000-tss-10-13176-99\/","title":{"rendered":"Bomba Johnson F8B-5000 TSS 10-13176-99"},"content":{"rendered":"<p>Bomba Johnson F8B-5000 TSS 10-13176-99 &#8211; Esta bomba avan\u00e7ada possui uma embreagem magn\u00e9tica para maior efici\u00eancia e confiabilidade, tornando-a ideal para uma variedade de aplica\u00e7\u00f5es.<\/p>\n","protected":false},"excerpt":{"rendered":"<p>Bomba Johnson F8B-5000 TSS 10-13176-99 &#8211; Esta bomba avan\u00e7ada possui uma embreagem magn\u00e9tica para maior efici\u00eancia e confiabilidade, tornando-a ideal<\/p>\n","protected":false},"featured_media":5949749,"comment_status":"open","ping_status":"closed","template":"","meta":[],"product_brand":[3047],"product_cat":[2096],"product_tag":[],"class_list":{"0":"post-5532121","1":"product","2":"type-product","3":"status-publish","4":"has-post-thumbnail","6":"product_brand-johnson-marine-pt","7":"product_cat-bombas-de-arrefecimento-do-motor","9":"first","10":"instock","11":"shipping-taxable","12":"purchasable","13":"product-type-simple"},"_links":{"self":[{"href":"https:\/\/stoic-curie.212-227-153-4.plesk.page\/pt\/wp-json\/wp\/v2\/product\/5532121","targetHints":{"allow":["GET"]}}],"collection":[{"href":"https:\/\/stoic-curie.212-227-153-4.plesk.page\/pt\/wp-json\/wp\/v2\/product"}],"about":[{"href":"https:\/\/stoic-curie.212-227-153-4.plesk.page\/pt\/wp-json\/wp\/v2\/types\/product"}],"replies":[{"embeddable":true,"href":"https:\/\/stoic-curie.212-227-153-4.plesk.page\/pt\/wp-json\/wp\/v2\/comments?post=5532121"}],"version-history":[{"count":0,"href":"https:\/\/stoic-curie.212-227-153-4.plesk.page\/pt\/wp-json\/wp\/v2\/product\/5532121\/revisions"}],"wp:featuredmedia":[{"embeddable":true,"href":"https:\/\/stoic-curie.212-227-153-4.plesk.page\/pt\/wp-json\/wp\/v2\/media\/5949749"}],"wp:attachment":[{"href":"https:\/\/stoic-curie.212-227-153-4.plesk.page\/pt\/wp-json\/wp\/v2\/media?parent=5532121"}],"wp:term":[{"taxonomy":"product_brand","embeddable":true,"href":"https:\/\/stoic-curie.212-227-153-4.plesk.page\/pt\/wp-json\/wp\/v2\/product_brand?post=5532121"},{"taxonomy":"product_cat","embeddable":true,"href":"https:\/\/stoic-curie.212-227-153-4.plesk.page\/pt\/wp-json\/wp\/v2\/product_cat?post=5532121"},{"taxonomy":"product_tag","embeddable":true,"href":"https:\/\/stoic-curie.212-227-153-4.plesk.page\/pt\/wp-json\/wp\/v2\/product_tag?post=5532121"}],"curies":[{"name":"wp","href":"https:\/\/api.w.org\/{rel}","templated":true}]}}