{"id":5558188,"date":"2026-01-30T12:57:46","date_gmt":"2026-01-30T11:57:46","guid":{"rendered":"https:\/\/stoic-curie.212-227-153-4.plesk.page\/product\/icom-ic-m25e-vhf-evo\/"},"modified":"2026-02-25T00:28:46","modified_gmt":"2026-02-25T00:28:46","slug":"icom-ic-m25e-vhf-evo","status":"publish","type":"product","link":"https:\/\/stoic-curie.212-227-153-4.plesk.page\/pt\/product\/icom-ic-m25e-vhf-evo\/","title":{"rendered":"Icom IC-M25E VHF Evo"},"content":{"rendered":"<p>Icom IC-M25E VHF Evo &#8211; <\/p>\n<p>O ICOM IC-M25E Evo \u00e9 um r\u00e1dio VHF port\u00e1til \u00e0 prova d&#8217;\u00e1gua com classifica\u00e7\u00e3o IPX7. Possui design flutuante, som de alarme e luz de sinaliza\u00e7\u00e3o LED vermelha. O r\u00e1dio inclui um cabo ergon\u00f4mico com display LCD e bot\u00f5es retroiluminados, microfone com cancelamento de ru\u00eddo, fun\u00e7\u00f5es de vigil\u00e2ncia dupla\/tripla, fun\u00e7\u00e3o de varredura autom\u00e1tica e fun\u00e7\u00f5es AquaQuake para remover a \u00e1gua da grade do alto-falante. Possui um bot\u00e3o dedicado para o canal 16, pot\u00eancia RF de 5 W e uma impressionante dura\u00e7\u00e3o da bateria de 11 horas. O pacote inclui uma bateria Li-Ion, carregador, cabo micro USB, clipe de cinto, antena, al\u00e7a e manual. Dimens\u00f5es: 57 x 31 x H134 mm.<\/p>\n","protected":false},"excerpt":{"rendered":"<p>Icom IC-M25E VHF Evo &#8211; O ICOM IC-M25E Evo \u00e9 um r\u00e1dio VHF port\u00e1til \u00e0 prova d&#8217;\u00e1gua com classifica\u00e7\u00e3o IPX7.<\/p>\n","protected":false},"featured_media":5949340,"comment_status":"open","ping_status":"closed","template":"","meta":[],"product_brand":[3012],"product_cat":[2031],"product_tag":[],"class_list":{"0":"post-5558188","1":"product","2":"type-product","3":"status-publish","4":"has-post-thumbnail","6":"product_brand-icom-marine-pt","7":"product_cat-equipamento-eletronico","9":"first","10":"instock","11":"shipping-taxable","12":"purchasable","13":"product-type-simple"},"_links":{"self":[{"href":"https:\/\/stoic-curie.212-227-153-4.plesk.page\/pt\/wp-json\/wp\/v2\/product\/5558188","targetHints":{"allow":["GET"]}}],"collection":[{"href":"https:\/\/stoic-curie.212-227-153-4.plesk.page\/pt\/wp-json\/wp\/v2\/product"}],"about":[{"href":"https:\/\/stoic-curie.212-227-153-4.plesk.page\/pt\/wp-json\/wp\/v2\/types\/product"}],"replies":[{"embeddable":true,"href":"https:\/\/stoic-curie.212-227-153-4.plesk.page\/pt\/wp-json\/wp\/v2\/comments?post=5558188"}],"version-history":[{"count":0,"href":"https:\/\/stoic-curie.212-227-153-4.plesk.page\/pt\/wp-json\/wp\/v2\/product\/5558188\/revisions"}],"wp:featuredmedia":[{"embeddable":true,"href":"https:\/\/stoic-curie.212-227-153-4.plesk.page\/pt\/wp-json\/wp\/v2\/media\/5949340"}],"wp:attachment":[{"href":"https:\/\/stoic-curie.212-227-153-4.plesk.page\/pt\/wp-json\/wp\/v2\/media?parent=5558188"}],"wp:term":[{"taxonomy":"product_brand","embeddable":true,"href":"https:\/\/stoic-curie.212-227-153-4.plesk.page\/pt\/wp-json\/wp\/v2\/product_brand?post=5558188"},{"taxonomy":"product_cat","embeddable":true,"href":"https:\/\/stoic-curie.212-227-153-4.plesk.page\/pt\/wp-json\/wp\/v2\/product_cat?post=5558188"},{"taxonomy":"product_tag","embeddable":true,"href":"https:\/\/stoic-curie.212-227-153-4.plesk.page\/pt\/wp-json\/wp\/v2\/product_tag?post=5558188"}],"curies":[{"name":"wp","href":"https:\/\/api.w.org\/{rel}","templated":true}]}}