{"id":5558190,"date":"2026-01-30T12:57:48","date_gmt":"2026-01-30T11:57:48","guid":{"rendered":"https:\/\/stoic-curie.212-227-153-4.plesk.page\/product\/traje-termico-de-imersao-solas-med\/"},"modified":"2026-02-25T00:28:46","modified_gmt":"2026-02-25T00:28:46","slug":"traje-termico-de-imersao-solas-med","status":"publish","type":"product","link":"https:\/\/stoic-curie.212-227-153-4.plesk.page\/pt\/product\/traje-termico-de-imersao-solas-med\/","title":{"rendered":"Traje T\u00e9rmico de Imers\u00e3o Solas MED"},"content":{"rendered":"<p>Traje T\u00e9rmico de Imers\u00e3o Solas MED &#8211; <\/p>\n<p>O traje t\u00e9rmico de imers\u00e3o Solas MED oferece prote\u00e7\u00e3o t\u00e9rmica excepcional e est\u00e1 de acordo com os padr\u00f5es SOLAS MED. Feito de poli\u00e9ster\/PU Oxford multicamadas, apresenta um design de tamanho \u00fanico com sistema de ajuste por cord\u00e3o, z\u00edper imperme\u00e1vel, capuz em neoprene e botinas refor\u00e7adas.<\/p>\n","protected":false},"excerpt":{"rendered":"<p>Traje T\u00e9rmico de Imers\u00e3o Solas MED &#8211; O traje t\u00e9rmico de imers\u00e3o Solas MED oferece prote\u00e7\u00e3o t\u00e9rmica excepcional e est\u00e1<\/p>\n","protected":false},"featured_media":5949369,"comment_status":"open","ping_status":"closed","template":"","meta":[],"product_brand":[3517],"product_cat":[1891],"product_tag":[],"class_list":{"0":"post-5558190","1":"product","2":"type-product","3":"status-publish","4":"has-post-thumbnail","6":"product_brand-veleria-san-giorgio-pt","7":"product_cat-boias-e-retinidas-salva-vidas","9":"first","10":"instock","11":"shipping-taxable","12":"purchasable","13":"product-type-simple"},"_links":{"self":[{"href":"https:\/\/stoic-curie.212-227-153-4.plesk.page\/pt\/wp-json\/wp\/v2\/product\/5558190","targetHints":{"allow":["GET"]}}],"collection":[{"href":"https:\/\/stoic-curie.212-227-153-4.plesk.page\/pt\/wp-json\/wp\/v2\/product"}],"about":[{"href":"https:\/\/stoic-curie.212-227-153-4.plesk.page\/pt\/wp-json\/wp\/v2\/types\/product"}],"replies":[{"embeddable":true,"href":"https:\/\/stoic-curie.212-227-153-4.plesk.page\/pt\/wp-json\/wp\/v2\/comments?post=5558190"}],"version-history":[{"count":0,"href":"https:\/\/stoic-curie.212-227-153-4.plesk.page\/pt\/wp-json\/wp\/v2\/product\/5558190\/revisions"}],"wp:featuredmedia":[{"embeddable":true,"href":"https:\/\/stoic-curie.212-227-153-4.plesk.page\/pt\/wp-json\/wp\/v2\/media\/5949369"}],"wp:attachment":[{"href":"https:\/\/stoic-curie.212-227-153-4.plesk.page\/pt\/wp-json\/wp\/v2\/media?parent=5558190"}],"wp:term":[{"taxonomy":"product_brand","embeddable":true,"href":"https:\/\/stoic-curie.212-227-153-4.plesk.page\/pt\/wp-json\/wp\/v2\/product_brand?post=5558190"},{"taxonomy":"product_cat","embeddable":true,"href":"https:\/\/stoic-curie.212-227-153-4.plesk.page\/pt\/wp-json\/wp\/v2\/product_cat?post=5558190"},{"taxonomy":"product_tag","embeddable":true,"href":"https:\/\/stoic-curie.212-227-153-4.plesk.page\/pt\/wp-json\/wp\/v2\/product_tag?post=5558190"}],"curies":[{"name":"wp","href":"https:\/\/api.w.org\/{rel}","templated":true}]}}